{"id":1657,"date":"2022-03-25T15:39:20","date_gmt":"2022-03-25T14:39:20","guid":{"rendered":"https:\/\/www.pak.hr\/?page_id=1657"},"modified":"2022-07-05T12:55:37","modified_gmt":"2022-07-05T10:55:37","slug":"protection-of-personal-data","status":"publish","type":"page","link":"https:\/\/www.pak.hr\/en\/protection-of-personal-data\/","title":{"rendered":"Protection of personal data"},"content":{"rendered":"<h4><strong>Za\u0161tita osobnih podataka<\/strong><\/h4>\n<p>Slu\u017ebenik za za\u0161titu osobnih podataka: Anita Lazarin, dipl. iur.<\/p>\n<p>Zahtjev za ostvarivanje prava na za\u0161titu osobnih podataka mo\u017ee se besplatno uputiti:<\/p>\n<ul>\n<li>pisanim putem na adresu: Pravosudna akademija, Maksimirska cesta 63, 10000 Zagreb<\/li>\n<li>putem elektroni\u010dke po\u0161te: <a href=\"pravosudna.akademija@pravosudje.hr\">pravosudna.akademija@pravosudje.hr<\/a><\/li>\n<li>telefonom na broj: 01\/2357-591<\/li>\n<\/ul>\n<p>Sukladno va\u017ee\u0107im zakonskim propisima kojima je regulirana za\u0161tita osobnih podataka svaki zahtjev biti \u0107e rije\u0161en \u0161to je prije mogu\u0107e, a najkasnije u roku od 30 dana od zaprimanja.<\/p>\n<p><strong>Podaci koje Pravosudna akademija prikuplja su:<\/strong><br \/>\n\u2013 Osobni podaci zaposlenika Akademije<br \/>\n\u2013 Osobni podaci \u010dlanova Upravnog vije\u0107a<br \/>\n\u2013 Osobni podaci Programskog vije\u0107a<br \/>\n\u2013 Osobni podaci kandidata koji sudjeluju u natje\u010dajnom postupku za zasnivanje radnog odnosa<br \/>\n\u2013 Osobni podaci drugih osoba na radu (osobe na stru\u010dnom usavr\u0161avanju za rad bez zasnivanja radnog odnosa, studenti koji rade posredstvom ovla\u0161tenih studentskih centara, osobe koje obavljaju rad za op\u0107e dobro u skladu s op\u0107im propisom i sl.)<br \/>\n\u2013 Osobni podaci vanjskih suradnika s kojima Akademija ima sklopljene ugovore o djelu odnosno ugovore o autorskom djelu<br \/>\n\u2013 Osobni podaci polaznika programa Akademije<br \/>\n\u2013 Osobni podaci kandidata za polaganje zavr\u0161nog ispita u Dr\u017eavnoj \u0161koli za pravosudne du\u017enosnike<\/p>\n<p>\u2013 Kola\u010di\u0107i posjetitelja za statisti\u010dke svrhe putem Google Analytics platforme<\/p>\n<p><strong>Obja\u0161njenje Google Analytics kola\u010di\u0107a:<\/strong><\/p>\n<p>Kola\u010di\u0107i su male tekstualne datoteke spremljene na tvrdom disku posjetitelja internet stranice koje spremaju tehni\u010dke podatke o navigaciji kroz istu. Google prikuplja podatke o navigaciji posjetitelja internet stranice te omogu\u0107ava pristup tim podacima kroz anonimno generirana izvje\u0161\u0107a. Takvi podaci koriste se isklju\u010divo u svrhu pobolj\u0161anja korisni\u010dkog iskustva na Internet stranici poput navigacije, izbornika, sadr\u017eaja i ostalog.<\/p>\n<p><strong>Kola\u010di\u0107i kori\u0161teni od strane Pravosudne Akademije:<\/strong><\/p>\n<p>Ime kola\u010di\u0107a:_gid,_ga Google Analytics<\/p>\n<p>Trajanje: istje\u010de nakon 2 godine, istje\u010de nakon 24 sata<\/p>\n<p><strong>Svrha i opis <\/strong><\/p>\n<p>Google Universal Analytics postavlja jednistveni ID koji se koristi za izra\u010dunavanje podataka kori\u0161tenih u analiti\u010dkim izvje\u0161\u0107ima. Google Analytics se koristi za raspoznavanje korisnika gdje kola\u010di\u0107i pridodaju korisnicima nasumi\u010dni broj kao identifikacijski parametar.<\/p>\n<p>Taj parametar se koristi na zahtjevu svake stranice te poma\u017ee pri izra\u010dunavanju broja posjetitelja, sesije te podataka kampanje analiti\u010dkih izvje\u0161\u0107a.<\/p>\n<p>Vi\u0161e informacija na: <a href=\"https:\/\/developers.google.com\/analytics\/devguides\/collection\/gtagjs\/cookie-usage\">https:\/\/developers.google.com\/analytics\/devguides\/collection\/gtagjs\/cookie-usage<\/a><\/p>\n<p><strong>Primatelji osobnih podataka<\/strong><br \/>\nPravosudna akademija \u0107e proslje\u0111ivati osobne podatke drugim primateljima isklju\u010divo na temelju zakonske obveze, odnosno opravdanog zahtjeva ovla\u0161tenog javnog tijela.<\/p>\n<p><strong>Prava ispitanika<\/strong><br \/>\nOvisno o svrsi obrade osobnih podataka, ispitanici imaju sljede\u0107a prava sukladno va\u017ee\u0107im propisima o za\u0161titi osobnih podataka:<br \/>\npravo na pristup osobnim podacima<\/p>\n<ul>\n<li>ispravak osobnih podataka<\/li>\n<li>brisanje osobnih podataka koji nemaju potrebu za trajnom pohranom, u skladu sa zakonskim osnovama<\/li>\n<li>ograni\u010denje obrade osobnih podataka, u skladu sa zakonskim osnovama<\/li>\n<li>pravo podno\u0161enja prigovora nadzornom tijelu (Agencija za za\u0161titu osobnih podataka).<\/li>\n<\/ul>\n<p><strong>Propisi:<\/strong><br \/>\n\u2013 Uredba (EU) 2016\/679 Europskog parlamenta i Vije\u0107a od 27. travnja 2016. o za\u0161titi pojedinaca u vezi s obradom osobnih podataka i o slobodnom kretanju takvih podataka te o stavljanju izvan snage Direktive 95\/46\/EZ (Op\u0107a uredba o za\u0161titi podataka)<br \/>\n<a href=\"https:\/\/www.zakon.hr\/z\/1021\/Op%C4%87a-uredba-o-za%C5%A1titi-podataka---Uredba-%28EU%29-2016-679\">https:\/\/www.zakon.hr\/z\/1021\/Op%C4%87a-uredba-o-za%C5%A1titi-podataka\u2014Uredba-%28EU%29-2016-679<\/a><br \/>\n-Zakon o provedbi Op\u0107e uredbe o za\u0161titi podataka<br \/>\n<a href=\"https:\/\/www.zakon.hr\/z\/1023\/Zakon-o-provedbi-Op%C4%87e-uredbe-o-za%C5%A1titi-podataka\">https:\/\/www.zakon.hr\/z\/1023\/Zakon-o-provedbi-Op%C4%87e-uredbe-o-za%C5%A1titi-podataka<\/a><\/p>\n","protected":false},"excerpt":{"rendered":"<p>Za\u0161tita osobnih podataka Slu\u017ebenik za za\u0161titu osobnih podataka: Anita Lazarin, dipl. iur. Zahtjev za ostvarivanje prava na za\u0161titu osobnih podataka mo\u017ee se besplatno uputiti: pisanim putem na adresu: Pravosudna akademija,&#8230;<\/p>\n","protected":false},"author":1,"featured_media":0,"parent":0,"menu_order":0,"comment_status":"closed","ping_status":"closed","template":"","meta":{"footnotes":""},"class_list":["post-1657","page","type-page","status-publish","hentry"],"yoast_head":"<!-- This site is optimized with the Yoast SEO plugin v27.4 - https:\/\/yoast.com\/product\/yoast-seo-wordpress\/ -->\n<title>Protection of personal data - Pravosudna akademija<\/title>\n<meta name=\"description\" content=\"Pravosudna akademija - Program cjelo\u017eivotnog stru\u010dnog usavr\u0161avanja je provedba inicijalnih programa za vje\u017ebenike u pravosudnim tijelima te za kandidate za suce i zamjenike dr\u017eavnih odvjetnika\" \/>\n<meta name=\"robots\" content=\"index, follow, max-snippet:-1, max-image-preview:large, max-video-preview:-1\" \/>\n<link rel=\"canonical\" href=\"https:\/\/www.pak.hr\/protection-of-personal-data\/\" \/>\n<meta property=\"og:locale\" content=\"en_US\" \/>\n<meta property=\"og:type\" content=\"article\" \/>\n<meta property=\"og:title\" content=\"Protection of personal data - Pravosudna akademija\" \/>\n<meta property=\"og:description\" content=\"Pravosudna akademija - Program cjelo\u017eivotnog stru\u010dnog usavr\u0161avanja je provedba inicijalnih programa za vje\u017ebenike u pravosudnim tijelima te za kandidate za suce i zamjenike dr\u017eavnih odvjetnika\" \/>\n<meta property=\"og:url\" content=\"https:\/\/www.pak.hr\/protection-of-personal-data\/\" \/>\n<meta property=\"og:site_name\" content=\"Pravosudna akademija\" \/>\n<meta property=\"article:modified_time\" content=\"2022-07-05T10:55:37+00:00\" \/>\n<meta name=\"twitter:card\" content=\"summary_large_image\" \/>\n<meta name=\"twitter:label1\" content=\"Est. reading time\" \/>\n\t<meta name=\"twitter:data1\" content=\"3 minutes\" \/>\n<script type=\"application\/ld+json\" class=\"yoast-schema-graph\">{\"@context\":\"https:\\\/\\\/schema.org\",\"@graph\":[{\"@type\":\"WebPage\",\"@id\":\"https:\\\/\\\/www.pak.hr\\\/protection-of-personal-data\\\/\",\"url\":\"https:\\\/\\\/www.pak.hr\\\/protection-of-personal-data\\\/\",\"name\":\"Protection of personal data - Pravosudna akademija\",\"isPartOf\":{\"@id\":\"https:\\\/\\\/www.pak.hr\\\/#website\"},\"datePublished\":\"2022-03-25T14:39:20+00:00\",\"dateModified\":\"2022-07-05T10:55:37+00:00\",\"description\":\"Pravosudna akademija - Program cjelo\u017eivotnog stru\u010dnog usavr\u0161avanja je provedba inicijalnih programa za vje\u017ebenike u pravosudnim tijelima te za kandidate za suce i zamjenike dr\u017eavnih odvjetnika\",\"breadcrumb\":{\"@id\":\"https:\\\/\\\/www.pak.hr\\\/protection-of-personal-data\\\/#breadcrumb\"},\"inLanguage\":\"en-US\",\"potentialAction\":[{\"@type\":\"ReadAction\",\"target\":[\"https:\\\/\\\/www.pak.hr\\\/protection-of-personal-data\\\/\"]}]},{\"@type\":\"BreadcrumbList\",\"@id\":\"https:\\\/\\\/www.pak.hr\\\/protection-of-personal-data\\\/#breadcrumb\",\"itemListElement\":[{\"@type\":\"ListItem\",\"position\":1,\"name\":\"Po\u010detna stranica\",\"item\":\"https:\\\/\\\/www.pak.hr\\\/\"},{\"@type\":\"ListItem\",\"position\":2,\"name\":\"Protection of personal data\"}]},{\"@type\":\"WebSite\",\"@id\":\"https:\\\/\\\/www.pak.hr\\\/#website\",\"url\":\"https:\\\/\\\/www.pak.hr\\\/\",\"name\":\"Pravosudna akademija\",\"description\":\"Pravosudna akademija\",\"publisher\":{\"@id\":\"https:\\\/\\\/www.pak.hr\\\/#organization\"},\"potentialAction\":[{\"@type\":\"SearchAction\",\"target\":{\"@type\":\"EntryPoint\",\"urlTemplate\":\"https:\\\/\\\/www.pak.hr\\\/?s={search_term_string}\"},\"query-input\":{\"@type\":\"PropertyValueSpecification\",\"valueRequired\":true,\"valueName\":\"search_term_string\"}}],\"inLanguage\":\"en-US\"},{\"@type\":\"Organization\",\"@id\":\"https:\\\/\\\/www.pak.hr\\\/#organization\",\"name\":\"Pravosudna akademija\",\"url\":\"https:\\\/\\\/www.pak.hr\\\/\",\"logo\":{\"@type\":\"ImageObject\",\"inLanguage\":\"en-US\",\"@id\":\"https:\\\/\\\/www.pak.hr\\\/#\\\/schema\\\/logo\\\/image\\\/\",\"url\":\"https:\\\/\\\/www.pak.hr\\\/wp-content\\\/uploads\\\/2022\\\/03\\\/paklogo.png\",\"contentUrl\":\"https:\\\/\\\/www.pak.hr\\\/wp-content\\\/uploads\\\/2022\\\/03\\\/paklogo.png\",\"width\":202,\"height\":89,\"caption\":\"Pravosudna akademija\"},\"image\":{\"@id\":\"https:\\\/\\\/www.pak.hr\\\/#\\\/schema\\\/logo\\\/image\\\/\"}}]}<\/script>\n<!-- \/ Yoast SEO plugin. -->","yoast_head_json":{"title":"Protection of personal data - Pravosudna akademija","description":"Pravosudna akademija - Program cjelo\u017eivotnog stru\u010dnog usavr\u0161avanja je provedba inicijalnih programa za vje\u017ebenike u pravosudnim tijelima te za kandidate za suce i zamjenike dr\u017eavnih odvjetnika","robots":{"index":"index","follow":"follow","max-snippet":"max-snippet:-1","max-image-preview":"max-image-preview:large","max-video-preview":"max-video-preview:-1"},"canonical":"https:\/\/www.pak.hr\/protection-of-personal-data\/","og_locale":"en_US","og_type":"article","og_title":"Protection of personal data - Pravosudna akademija","og_description":"Pravosudna akademija - Program cjelo\u017eivotnog stru\u010dnog usavr\u0161avanja je provedba inicijalnih programa za vje\u017ebenike u pravosudnim tijelima te za kandidate za suce i zamjenike dr\u017eavnih odvjetnika","og_url":"https:\/\/www.pak.hr\/protection-of-personal-data\/","og_site_name":"Pravosudna akademija","article_modified_time":"2022-07-05T10:55:37+00:00","twitter_card":"summary_large_image","twitter_misc":{"Est. reading time":"3 minutes"},"schema":{"@context":"https:\/\/schema.org","@graph":[{"@type":"WebPage","@id":"https:\/\/www.pak.hr\/protection-of-personal-data\/","url":"https:\/\/www.pak.hr\/protection-of-personal-data\/","name":"Protection of personal data - Pravosudna akademija","isPartOf":{"@id":"https:\/\/www.pak.hr\/#website"},"datePublished":"2022-03-25T14:39:20+00:00","dateModified":"2022-07-05T10:55:37+00:00","description":"Pravosudna akademija - Program cjelo\u017eivotnog stru\u010dnog usavr\u0161avanja je provedba inicijalnih programa za vje\u017ebenike u pravosudnim tijelima te za kandidate za suce i zamjenike dr\u017eavnih odvjetnika","breadcrumb":{"@id":"https:\/\/www.pak.hr\/protection-of-personal-data\/#breadcrumb"},"inLanguage":"en-US","potentialAction":[{"@type":"ReadAction","target":["https:\/\/www.pak.hr\/protection-of-personal-data\/"]}]},{"@type":"BreadcrumbList","@id":"https:\/\/www.pak.hr\/protection-of-personal-data\/#breadcrumb","itemListElement":[{"@type":"ListItem","position":1,"name":"Po\u010detna stranica","item":"https:\/\/www.pak.hr\/"},{"@type":"ListItem","position":2,"name":"Protection of personal data"}]},{"@type":"WebSite","@id":"https:\/\/www.pak.hr\/#website","url":"https:\/\/www.pak.hr\/","name":"Pravosudna akademija","description":"Pravosudna akademija","publisher":{"@id":"https:\/\/www.pak.hr\/#organization"},"potentialAction":[{"@type":"SearchAction","target":{"@type":"EntryPoint","urlTemplate":"https:\/\/www.pak.hr\/?s={search_term_string}"},"query-input":{"@type":"PropertyValueSpecification","valueRequired":true,"valueName":"search_term_string"}}],"inLanguage":"en-US"},{"@type":"Organization","@id":"https:\/\/www.pak.hr\/#organization","name":"Pravosudna akademija","url":"https:\/\/www.pak.hr\/","logo":{"@type":"ImageObject","inLanguage":"en-US","@id":"https:\/\/www.pak.hr\/#\/schema\/logo\/image\/","url":"https:\/\/www.pak.hr\/wp-content\/uploads\/2022\/03\/paklogo.png","contentUrl":"https:\/\/www.pak.hr\/wp-content\/uploads\/2022\/03\/paklogo.png","width":202,"height":89,"caption":"Pravosudna akademija"},"image":{"@id":"https:\/\/www.pak.hr\/#\/schema\/logo\/image\/"}}]}},"_links":{"self":[{"href":"https:\/\/www.pak.hr\/en\/wp-json\/wp\/v2\/pages\/1657","targetHints":{"allow":["GET"]}}],"collection":[{"href":"https:\/\/www.pak.hr\/en\/wp-json\/wp\/v2\/pages"}],"about":[{"href":"https:\/\/www.pak.hr\/en\/wp-json\/wp\/v2\/types\/page"}],"author":[{"embeddable":true,"href":"https:\/\/www.pak.hr\/en\/wp-json\/wp\/v2\/users\/1"}],"replies":[{"embeddable":true,"href":"https:\/\/www.pak.hr\/en\/wp-json\/wp\/v2\/comments?post=1657"}],"version-history":[{"count":4,"href":"https:\/\/www.pak.hr\/en\/wp-json\/wp\/v2\/pages\/1657\/revisions"}],"predecessor-version":[{"id":2199,"href":"https:\/\/www.pak.hr\/en\/wp-json\/wp\/v2\/pages\/1657\/revisions\/2199"}],"wp:attachment":[{"href":"https:\/\/www.pak.hr\/en\/wp-json\/wp\/v2\/media?parent=1657"}],"curies":[{"name":"wp","href":"https:\/\/api.w.org\/{rel}","templated":true}]}}