{"id":1669,"date":"2022-03-25T15:43:48","date_gmt":"2022-03-25T14:43:48","guid":{"rendered":"https:\/\/www.pak.hr\/?page_id=1669"},"modified":"2022-06-09T08:00:54","modified_gmt":"2022-06-09T06:00:54","slug":"training-of-leaders-of-the-judicial-authorities","status":"publish","type":"page","link":"https:\/\/www.pak.hr\/en\/training-of-leaders-of-the-judicial-authorities\/","title":{"rendered":"Training of leaders of the judicial authorities"},"content":{"rendered":"<h4>Usavr\u0161avanje \u010delnika pravosudnih tijela<\/h4>\n<p>Ova grupa radionica razvijena je u okviru Pravosudne akademije kako bi se oja\u010dalo \u010delnike pravosudnih tijela u segmentu upravljanja organizacijom, odabira na\u010dina rada sa zaposlenima, postavljanja ciljeva, planiranja, upravljanja vremenom, u\u010dinkovitog vo\u0111enja sastanka, dakle razvoja menad\u017eerskih vje\u0161tina u pravosu\u0111u.<\/p>\n<p>Radi se o sljede\u0107im temama:<\/p>\n<ul>\n<li>Upravljanje sobom i drugima<\/li>\n<li>Postavljanje ciljeva i upravljanje vremenom<\/li>\n<li>Priprema, provo\u0111enje i evaluacija sastanka<\/li>\n<\/ul>\n<div class=\"col2\">\n<div class=\"cnt\">\n<p><strong>Osnovna edukacija u okviru stru\u010dnog usavr\u0161avanja \u010delnika pravosudnih tijela<\/strong><\/p>\n<p><strong> Sukladno Pravilniku o programu i na\u010dinu provedbe stru\u010dnog usavr\u0161avanja predsjednika sudova i dr\u017eavnih odvjetnika (Narodne novine broj 106\/2019, 19\/2021), Pravosudna akademija priprema novoizabrane \u010delnike pravosudnih tijela za \u0161to uspje\u0161nije vo\u0111enje pravosudnih tijela. Osnovna edukacija se provodi u trajanju od najmanje 30 sati te joj, uz \u010delnike pravosudnih tijela, mogu prisustvovati i drugi pravosudni du\u017enosnici i slu\u017ebenici koji sudjeluju u obavljanju poslova sudske i dr\u017eavnoodvjetni\u010dke uprave.\u00a0<\/strong><\/p>\n<p>Osmi\u0161ljen je cjeloviti program obuke za stjecanje potrebnih vje\u0161tina kroz obradu slijede\u0107ih cjelina:<\/p>\n<ol>\n<li>Organizacija rada pravosudnog tijela<\/li>\n<li>Upravljanje sredstvima za rad, imovinom i informacijskim sustavom<\/li>\n<li>Odnosi s javno\u0161\u0107u i me\u0111unarodna suradnja.<\/li>\n<\/ol>\n<p>Programsko vije\u0107e Pravosudne akademije odre\u0111uje detaljni program i trajanje pojedinih nastavnih cjelina osnovne edukacije.<\/p>\n<\/div>\n<\/div>\n","protected":false},"excerpt":{"rendered":"<p>Usavr\u0161avanje \u010delnika pravosudnih tijela Ova grupa radionica razvijena je u okviru Pravosudne akademije kako bi se oja\u010dalo \u010delnike pravosudnih tijela u segmentu upravljanja organizacijom, odabira na\u010dina rada sa zaposlenima, postavljanja&#8230;<\/p>\n","protected":false},"author":1,"featured_media":0,"parent":0,"menu_order":0,"comment_status":"closed","ping_status":"closed","template":"","meta":{"footnotes":""},"class_list":["post-1669","page","type-page","status-publish","hentry"],"yoast_head":"<!-- This site is optimized with the Yoast SEO plugin v27.5 - https:\/\/yoast.com\/product\/yoast-seo-wordpress\/ -->\n<title>Training of leaders of the judicial authorities - Pravosudna akademija<\/title>\n<meta name=\"description\" content=\"Pravosudna akademija - Program cjelo\u017eivotnog stru\u010dnog usavr\u0161avanja je provedba inicijalnih programa za vje\u017ebenike u pravosudnim tijelima te za kandidate za suce i zamjenike dr\u017eavnih odvjetnika\" \/>\n<meta name=\"robots\" content=\"index, follow, max-snippet:-1, max-image-preview:large, max-video-preview:-1\" \/>\n<link rel=\"canonical\" href=\"https:\/\/www.pak.hr\/training-of-leaders-of-the-judicial-authorities\/\" \/>\n<meta property=\"og:locale\" content=\"en_US\" \/>\n<meta property=\"og:type\" content=\"article\" \/>\n<meta property=\"og:title\" content=\"Training of leaders of the judicial authorities - Pravosudna akademija\" \/>\n<meta property=\"og:description\" content=\"Pravosudna akademija - Program cjelo\u017eivotnog stru\u010dnog usavr\u0161avanja je provedba inicijalnih programa za vje\u017ebenike u pravosudnim tijelima te za kandidate za suce i zamjenike dr\u017eavnih odvjetnika\" \/>\n<meta property=\"og:url\" content=\"https:\/\/www.pak.hr\/training-of-leaders-of-the-judicial-authorities\/\" \/>\n<meta property=\"og:site_name\" content=\"Pravosudna akademija\" \/>\n<meta property=\"article:modified_time\" content=\"2022-06-09T06:00:54+00:00\" \/>\n<meta name=\"twitter:card\" content=\"summary_large_image\" \/>\n<meta name=\"twitter:label1\" content=\"Est. reading time\" \/>\n\t<meta name=\"twitter:data1\" content=\"1 minute\" \/>\n<script type=\"application\/ld+json\" class=\"yoast-schema-graph\">{\"@context\":\"https:\\\/\\\/schema.org\",\"@graph\":[{\"@type\":\"WebPage\",\"@id\":\"https:\\\/\\\/www.pak.hr\\\/training-of-leaders-of-the-judicial-authorities\\\/\",\"url\":\"https:\\\/\\\/www.pak.hr\\\/training-of-leaders-of-the-judicial-authorities\\\/\",\"name\":\"Training of leaders of the judicial authorities - Pravosudna akademija\",\"isPartOf\":{\"@id\":\"https:\\\/\\\/www.pak.hr\\\/#website\"},\"datePublished\":\"2022-03-25T14:43:48+00:00\",\"dateModified\":\"2022-06-09T06:00:54+00:00\",\"description\":\"Pravosudna akademija - Program cjelo\u017eivotnog stru\u010dnog usavr\u0161avanja je provedba inicijalnih programa za vje\u017ebenike u pravosudnim tijelima te za kandidate za suce i zamjenike dr\u017eavnih odvjetnika\",\"breadcrumb\":{\"@id\":\"https:\\\/\\\/www.pak.hr\\\/training-of-leaders-of-the-judicial-authorities\\\/#breadcrumb\"},\"inLanguage\":\"en-US\",\"potentialAction\":[{\"@type\":\"ReadAction\",\"target\":[\"https:\\\/\\\/www.pak.hr\\\/training-of-leaders-of-the-judicial-authorities\\\/\"]}]},{\"@type\":\"BreadcrumbList\",\"@id\":\"https:\\\/\\\/www.pak.hr\\\/training-of-leaders-of-the-judicial-authorities\\\/#breadcrumb\",\"itemListElement\":[{\"@type\":\"ListItem\",\"position\":1,\"name\":\"Po\u010detna stranica\",\"item\":\"https:\\\/\\\/www.pak.hr\\\/\"},{\"@type\":\"ListItem\",\"position\":2,\"name\":\"Training of leaders of the judicial authorities\"}]},{\"@type\":\"WebSite\",\"@id\":\"https:\\\/\\\/www.pak.hr\\\/#website\",\"url\":\"https:\\\/\\\/www.pak.hr\\\/\",\"name\":\"Pravosudna akademija\",\"description\":\"Pravosudna akademija\",\"publisher\":{\"@id\":\"https:\\\/\\\/www.pak.hr\\\/#organization\"},\"potentialAction\":[{\"@type\":\"SearchAction\",\"target\":{\"@type\":\"EntryPoint\",\"urlTemplate\":\"https:\\\/\\\/www.pak.hr\\\/?s={search_term_string}\"},\"query-input\":{\"@type\":\"PropertyValueSpecification\",\"valueRequired\":true,\"valueName\":\"search_term_string\"}}],\"inLanguage\":\"en-US\"},{\"@type\":\"Organization\",\"@id\":\"https:\\\/\\\/www.pak.hr\\\/#organization\",\"name\":\"Pravosudna akademija\",\"url\":\"https:\\\/\\\/www.pak.hr\\\/\",\"logo\":{\"@type\":\"ImageObject\",\"inLanguage\":\"en-US\",\"@id\":\"https:\\\/\\\/www.pak.hr\\\/#\\\/schema\\\/logo\\\/image\\\/\",\"url\":\"https:\\\/\\\/www.pak.hr\\\/wp-content\\\/uploads\\\/2022\\\/03\\\/paklogo.png\",\"contentUrl\":\"https:\\\/\\\/www.pak.hr\\\/wp-content\\\/uploads\\\/2022\\\/03\\\/paklogo.png\",\"width\":202,\"height\":89,\"caption\":\"Pravosudna akademija\"},\"image\":{\"@id\":\"https:\\\/\\\/www.pak.hr\\\/#\\\/schema\\\/logo\\\/image\\\/\"}}]}<\/script>\n<!-- \/ Yoast SEO plugin. -->","yoast_head_json":{"title":"Training of leaders of the judicial authorities - Pravosudna akademija","description":"Pravosudna akademija - Program cjelo\u017eivotnog stru\u010dnog usavr\u0161avanja je provedba inicijalnih programa za vje\u017ebenike u pravosudnim tijelima te za kandidate za suce i zamjenike dr\u017eavnih odvjetnika","robots":{"index":"index","follow":"follow","max-snippet":"max-snippet:-1","max-image-preview":"max-image-preview:large","max-video-preview":"max-video-preview:-1"},"canonical":"https:\/\/www.pak.hr\/training-of-leaders-of-the-judicial-authorities\/","og_locale":"en_US","og_type":"article","og_title":"Training of leaders of the judicial authorities - Pravosudna akademija","og_description":"Pravosudna akademija - Program cjelo\u017eivotnog stru\u010dnog usavr\u0161avanja je provedba inicijalnih programa za vje\u017ebenike u pravosudnim tijelima te za kandidate za suce i zamjenike dr\u017eavnih odvjetnika","og_url":"https:\/\/www.pak.hr\/training-of-leaders-of-the-judicial-authorities\/","og_site_name":"Pravosudna akademija","article_modified_time":"2022-06-09T06:00:54+00:00","twitter_card":"summary_large_image","twitter_misc":{"Est. reading time":"1 minute"},"schema":{"@context":"https:\/\/schema.org","@graph":[{"@type":"WebPage","@id":"https:\/\/www.pak.hr\/training-of-leaders-of-the-judicial-authorities\/","url":"https:\/\/www.pak.hr\/training-of-leaders-of-the-judicial-authorities\/","name":"Training of leaders of the judicial authorities - Pravosudna akademija","isPartOf":{"@id":"https:\/\/www.pak.hr\/#website"},"datePublished":"2022-03-25T14:43:48+00:00","dateModified":"2022-06-09T06:00:54+00:00","description":"Pravosudna akademija - Program cjelo\u017eivotnog stru\u010dnog usavr\u0161avanja je provedba inicijalnih programa za vje\u017ebenike u pravosudnim tijelima te za kandidate za suce i zamjenike dr\u017eavnih odvjetnika","breadcrumb":{"@id":"https:\/\/www.pak.hr\/training-of-leaders-of-the-judicial-authorities\/#breadcrumb"},"inLanguage":"en-US","potentialAction":[{"@type":"ReadAction","target":["https:\/\/www.pak.hr\/training-of-leaders-of-the-judicial-authorities\/"]}]},{"@type":"BreadcrumbList","@id":"https:\/\/www.pak.hr\/training-of-leaders-of-the-judicial-authorities\/#breadcrumb","itemListElement":[{"@type":"ListItem","position":1,"name":"Po\u010detna stranica","item":"https:\/\/www.pak.hr\/"},{"@type":"ListItem","position":2,"name":"Training of leaders of the judicial authorities"}]},{"@type":"WebSite","@id":"https:\/\/www.pak.hr\/#website","url":"https:\/\/www.pak.hr\/","name":"Pravosudna akademija","description":"Pravosudna akademija","publisher":{"@id":"https:\/\/www.pak.hr\/#organization"},"potentialAction":[{"@type":"SearchAction","target":{"@type":"EntryPoint","urlTemplate":"https:\/\/www.pak.hr\/?s={search_term_string}"},"query-input":{"@type":"PropertyValueSpecification","valueRequired":true,"valueName":"search_term_string"}}],"inLanguage":"en-US"},{"@type":"Organization","@id":"https:\/\/www.pak.hr\/#organization","name":"Pravosudna akademija","url":"https:\/\/www.pak.hr\/","logo":{"@type":"ImageObject","inLanguage":"en-US","@id":"https:\/\/www.pak.hr\/#\/schema\/logo\/image\/","url":"https:\/\/www.pak.hr\/wp-content\/uploads\/2022\/03\/paklogo.png","contentUrl":"https:\/\/www.pak.hr\/wp-content\/uploads\/2022\/03\/paklogo.png","width":202,"height":89,"caption":"Pravosudna akademija"},"image":{"@id":"https:\/\/www.pak.hr\/#\/schema\/logo\/image\/"}}]}},"_links":{"self":[{"href":"https:\/\/www.pak.hr\/en\/wp-json\/wp\/v2\/pages\/1669","targetHints":{"allow":["GET"]}}],"collection":[{"href":"https:\/\/www.pak.hr\/en\/wp-json\/wp\/v2\/pages"}],"about":[{"href":"https:\/\/www.pak.hr\/en\/wp-json\/wp\/v2\/types\/page"}],"author":[{"embeddable":true,"href":"https:\/\/www.pak.hr\/en\/wp-json\/wp\/v2\/users\/1"}],"replies":[{"embeddable":true,"href":"https:\/\/www.pak.hr\/en\/wp-json\/wp\/v2\/comments?post=1669"}],"version-history":[{"count":2,"href":"https:\/\/www.pak.hr\/en\/wp-json\/wp\/v2\/pages\/1669\/revisions"}],"predecessor-version":[{"id":2070,"href":"https:\/\/www.pak.hr\/en\/wp-json\/wp\/v2\/pages\/1669\/revisions\/2070"}],"wp:attachment":[{"href":"https:\/\/www.pak.hr\/en\/wp-json\/wp\/v2\/media?parent=1669"}],"curies":[{"name":"wp","href":"https:\/\/api.w.org\/{rel}","templated":true}]}}