{"id":1680,"date":"2021-12-22T14:13:28","date_gmt":"2021-12-22T14:13:28","guid":{"rendered":"https:\/\/www.pak.hr\/?page_id=1680"},"modified":"2022-06-09T07:37:29","modified_gmt":"2022-06-09T05:37:29","slug":"consulting-the-public-concerned","status":"publish","type":"page","link":"https:\/\/www.pak.hr\/en\/consulting-the-public-concerned\/","title":{"rendered":"Consulting the public concerned"},"content":{"rendered":"<h4>Savjetovanja sa zainteresiranom javno\u0161\u0107u<\/h4>\n<p><strong>Savjetovanja se provode sukladno obvezi prema Zakonu o pravu na pristup informacijama (\u201eNarodne novine\u201c, broj: 25\/13, 85\/15) te po na\u010delima Kodeksa savjetovanja sa zainteresiranom javno\u0161\u0107u u postupcima dono\u0161enja zakona, drugih propisa i akata (\u201eNarodne novine\u201c, broj: 140\/09).<\/strong><\/p>\n<p>Usvajanjem Kodeksa savjetovanja sa zainteresiranom javno\u0161\u0107u u postupcima dono\u0161enja zakona, drugih propisa i akata (\u201eNarodne novine\u201c, broj: 140\/09) Republika Hrvatska pridru\u017eila se skupini razvijenih europskih demokracija koje su uspostavile jasne standarde i mjere savjetovanja dr\u017eavnih tijela sa zainteresiranom javno\u0161\u0107u u postupcima kreiranja novih zakona, drugih propisa i akata.<br \/>\nKodeksom savjetovanja sa zainteresiranom javno\u0161\u0107u u postupcima dono\u0161enja zakona, drugih propisa i akata utvr\u0111uju se op\u0107a na\u010dela, standardi i mjere za savjetovanje sa zainteresiranom javno\u0161\u0107u u postupcima dono\u0161enja zakona, drugih propisa i akata dr\u017eavnih tijela, kojima se ure\u0111uju pitanja i zauzimaju stavovi od interesa za op\u0107u dobrobit (za\u0161tita i promicanje ljudskih prava, javne slu\u017ebe, pravosu\u0111e, za\u0161tita okoli\u0161a i drugo).<\/p>\n<p>Svrha Kodeksa je svim tijelima uklju\u010denima u proces dono\u0161enja zakona i propisa pru\u017eiti smjernice koje proistje\u010du iz dosada\u0161njih konkretnih prakti\u010dnih iskustava dijaloga i suradnje tijela javne vlasti u Republici Hrvatskoj i zainteresirane javnosti.<\/p>\n<p>Krajnji cilj Kodeksa je olak\u0161ati interakciju s gra\u0111anima i predstavnicima zainteresirane javnosti u demokratskom procesu, te potaknuti aktivnije sudjelovanje gra\u0111ana u javnom \u017eivotu.<\/p>\n<p>Svi zainteresirani svoje primjedbe, prijedloge i komentare na prijedloge nacrta propisa koji \u0107e biti objavljeni na ovoj mre\u017enoj stranici mogu dostaviti putem e-maila\u00a0<a href=\"mailto:pravosudna.akademija@pravosudje.hr\">pravosudna.akademija@pravosudje.hr<\/a>.<\/p>\n<ul>\n<li><a href=\"https:\/\/www.pak.hr\/wp-content\/uploads\/2022\/03\/Plan-savjetovanja-s-javnoscu-2022.v2.docx\">Plan savjetovanja sa zainteresiranom javno\u0161\u0107u za 2022. godinu<\/a><\/li>\n<li><a href=\"https:\/\/www.pak.hr\/cke\/ostalo 12\/Plan-savjetovanja-s-javno\u0161\u0107u 2021.pdf\">Plan savjetovanja sa zainteresiranom javno\u0161\u0107u za 2021. godinu<\/a><\/li>\n<li><a href=\"https:\/\/www.pak.hr\/cke\/ostalo 11\/Plan-savjetovanja-s-javno\u0161\u0107u 2020_.pdf\" target=\"_blank\" rel=\"noopener\">Plan savjetovanja sa zainteresiranom javno\u0161\u0107u za 2020. godinu<\/a><\/li>\n<li><a href=\"https:\/\/www.pak.hr\/cke\/ostalo 8\/Plan-savjetovanja-s-javno\u0161\u0107u 2019..docx\" target=\"_blank\" rel=\"noopener\">Plan savjetovanja sa zainteresiranom javno\u0161\u0107u za 2019. godinu<\/a><\/li>\n<li><a href=\"https:\/\/www.pak.hr\/cke\/ostalo 8\/Plan savjetovanja sa zainteresiranom javno\u0161\u0107u za 2018..docx\" target=\"_blank\" rel=\"noopener\">Plan savjetovanja sa zainteresiranom javno\u0161\u0107u za 2018. godinu<\/a><\/li>\n<li><a href=\"https:\/\/www.pak.hr\/cke\/pdf hr\/Plan savjetovanja sa zainteresiranom javno\u0161\u0107u 2016..pdf\" target=\"_blank\" rel=\"noopener\">Plan savjetovanja sa zainteresiranom javno\u0161\u0107u za 2016. godinu<\/a><\/li>\n<\/ul>\n<p>\u2022 <a href=\"https:\/\/www.pak.hr\/cke\/pdf hr\/Kodeks savjetovanja sa zainteresiranom javno\u0161\u0107u u postupcima dono\u0161enja zakona, drugih propisa i akata, NN 140_09.pdf\" target=\"_blank\" rel=\"noopener\">Kodeks savjetovanja sa zainteresiranom javno\u0161\u0107u u postupcima dono\u0161enja zakona, drugih propisa i akata (\u201eNarodne novine\u201c, broj: 140\/09)<\/a><\/p>\n<p>\u2022 <a href=\"https:\/\/www.zakon.hr\/z\/126\/Zakon-o-pravu-na-pristup-informacijama\" target=\"_blank\" rel=\"noopener\">Zakon o pravu na pristup informacijama (\u201eNarodne novine\u201c, broj: 25\/13, 85\/15)<\/a><\/p>\n<p>\u2022 <a href=\"http:\/\/www.pak.hr\/clanak\/okoncana-savjetovanja-sa-zainteresiranom-javnoscu-14482.html\" target=\"_blank\" rel=\"noopener\">Okon\u010dana savjetovanja sa zainteresiranom javno\u0161\u0107u<\/a><\/p>\n<table border=\"1\" cellspacing=\"1\" cellpadding=\"1\">\n<tbody>\n<tr>\n<td><strong>Naziv propisa\u00a0<\/strong><\/td>\n<td><strong>Datum otvaranja<\/strong><\/td>\n<td><strong>Datum zatvaranja<\/strong><\/td>\n<td><strong>Stanje<\/strong><\/td>\n<\/tr>\n<tr>\n<td>Savjetovanje o Nacrtu prijedloga <a href=\"https:\/\/www.pak.hr\/cke\/ostalo 12\/Savjetovanje s javno\u0161\u0107u - PIDP o na\u010dinu rada Povjerenstva.zip\">Pravilnika o izmjenama i dopunama Pravilnika o na\u010dinu rada Povjerenstva za polaganje zavr\u0161nog ispita u Dr\u017eavnoj \u0161koli za pravosudne du\u017enosnike<\/a><\/td>\n<td>16.03.2021.<\/td>\n<td>31.03.2021.<\/td>\n<td>zatvoren<\/td>\n<\/tr>\n<\/tbody>\n<\/table>\n<p>Zbog epidemiolo\u0161ke situacije i bo\u017ei\u0107nih i novogodi\u0161njih blagdana Izvje\u0161\u0107e o savjetovanju s javno\u0161\u0107u u postupku dono\u0161enja\u00a0Pravilnika o izmjenama i dopunama Pravilnika o na\u010dinu rada mentora u Dr\u017eavnoj \u0161koli za pravosudne du\u017enosnike bit \u0107e objavljeno 5. sije\u010dnja 2020.g.<\/p>\n<table border=\"1\" cellspacing=\"1\" cellpadding=\"1\" align=\"left\">\n<tbody>\n<tr>\n<td><strong>Naziv propisa<\/strong><\/td>\n<td><strong>Datum otvaranja<\/strong><\/td>\n<td><strong>Datum zatvaranja<\/strong><\/td>\n<td><strong>Stanje<\/strong><\/td>\n<\/tr>\n<tr>\n<td>Savjetovanje o Nacrtu prijedloga <a href=\"https:\/\/www.pak.hr\/cke\/ostalo 10\/Savjetovanje s javnoscu - PIDP o nacinu rada mentora u DS.zip\">Pravilnika o izmjenama i dopunama Pravilnika o na\u010dinu rada mentora u Dr\u017eavnoj \u0161koli za pravosudne du\u017enosnike<\/a><\/td>\n<td>07.12.2020.<\/td>\n<td>22.12.2020.<\/td>\n<td>zatvoren<\/td>\n<\/tr>\n<\/tbody>\n<\/table>\n<p>&nbsp;<\/p>\n<p>Zbog velikog broja zaprimljenih prijedloga, mi\u0161ljenja i primjedbi Izvje\u0161\u0107e o savjetovanju s javno\u0161\u0107u u postupku dono\u0161enja Pravilnika o zavr\u0161nom ispitu u Dr\u017eavnoj \u0161koli za pravosudne du\u017enosnike i Izvje\u0161\u0107e o savjetovanju s javno\u0161\u0107u u postupku dono\u0161enja Pravilnika o na\u010dinu rada Povjerenstva za polaganje zavr\u0161nog ispita u Dr\u017eavnoj \u0161koli za pravosudne du\u017enosnike biti \u0107e objavljeno 10. velja\u010de 2020.g.<\/p>\n<table border=\"1\" cellspacing=\"1\" cellpadding=\"1\">\n<tbody>\n<tr>\n<td><strong>Naziv propisa<\/strong><\/td>\n<td><strong>Datum<br \/>\notvaranja<\/strong><\/td>\n<td><strong>Datum<br \/>\nzatvaranja<\/strong><\/td>\n<td><strong>Stanje<\/strong><\/td>\n<\/tr>\n<tr>\n<td>Savjetovanje o Nacrtu prijedloga <a href=\"https:\/\/www.pak.hr\/cke\/ostalo 9\/Pravilnik o zavr\u0161nom ispitu u Dr\u017eavnoj \u0161koli za pravosudne du\u017enosnike 2020 v2.zip\" target=\"_blank\" rel=\"noopener\"><strong>Pravilnika o zavr\u0161nom ispitu u Dr\u017eavnoj \u0161koli za pravosudne du\u017enosnike<\/strong><\/a><\/td>\n<td>13.01.2020.<\/td>\n<td>28.01.2020.<\/td>\n<td>zatvoren<\/td>\n<\/tr>\n<tr>\n<td>Savjetovanje o Nacrtu prijedloga <a href=\"https:\/\/www.pak.hr\/cke\/ostalo 9\/Pravilnik o na\u010dinu rada Povjerenstva za polaganje zavr\u0161nog ispita 2020 v2.zip\" target=\"_blank\" rel=\"noopener\"><strong>Pravilnika o na\u010dinu rada Povjerenstva za polaganje zavr\u0161nog ispita u Dr\u017eavnoj \u0161koli za pravosudne du\u017enosnike<\/strong><\/a><\/td>\n<td>13.01.2020.<\/td>\n<td>28.01.2020.<\/td>\n<td>zatvoren<\/td>\n<\/tr>\n<tr>\n<td>Savjetovanje o Nacrtu prijedloga <a href=\"https:\/\/www.pak.hr\/cke\/ostalo 9\/Pravilnik o pristupu stru\u010dnom usavr\u0161avanju 2020 v2.zip\" target=\"_blank\" rel=\"noopener\"><strong>Pravilnika o pristupu stru\u010dnom usavr\u0161avanju<\/strong><\/a><\/td>\n<td>13.01.2020.<\/td>\n<td>28.01.2020.<\/td>\n<td>zatvoren<\/td>\n<\/tr>\n<\/tbody>\n<\/table>\n<p>&nbsp;<\/p>\n<table border=\"1\" cellspacing=\"1\" cellpadding=\"1\">\n<tbody>\n<tr>\n<td><strong>Naziv propisa<\/strong><\/td>\n<td><strong>Datum<br \/>\notvaranja<\/strong><\/td>\n<td><strong>Datum<br \/>\nzatvaranja<\/strong><\/td>\n<td><strong>Stanje<\/strong><\/td>\n<\/tr>\n<tr>\n<td>Savjetovanje o Nacrtu prijedloga <a href=\"https:\/\/www.pak.hr\/cke\/ostalo 9\/Nacrt prijedloga Pravilnika o na\u010dinu rada mentora u D\u0160 za pravosudne du\u017enosnike v2.zip\">Pravilnika o na\u010dinu rada mentora u Dr\u017eavnoj \u0161koli za pravosudne du\u017enosnike<\/a><\/td>\n<td>12.11.2019.<\/td>\n<td>12.12.2019.<\/td>\n<td>zatvoren<\/td>\n<\/tr>\n<\/tbody>\n<\/table>\n<p>&nbsp;<\/p>\n<table border=\"1\" cellspacing=\"1\" cellpadding=\"1\">\n<tbody>\n<tr>\n<td><strong>Naziv propisa<\/strong><\/td>\n<td><strong>Datum<br \/>\notvaranja<\/strong><\/td>\n<td><strong>Datum<br \/>\nzatvaranja<\/strong><\/td>\n<td><strong>Stanje<\/strong><\/td>\n<\/tr>\n<tr>\n<td>Savjetovanje o Nacrtu prijedloga <a href=\"https:\/\/www.pak.hr\/cke\/ostalo 7\/Pravilnik o izmjenama Prav. o na\u010dinu rada Pov. za zavr\u0161ni ispit v2.doc\" target=\"_blank\" rel=\"noopener\">Pravilnika o izmjenama\u00a0Pravilnika o na\u010dinu rada Povjerenstva za polaganja zavr\u0161nog ispita u Dr\u017eavnoj \u0161koli za pravosudne du\u017enosnike<\/a><\/td>\n<td>24.09.2018.<\/td>\n<td>10.10.2018.<\/td>\n<td>zatvoren<\/td>\n<\/tr>\n<tr>\n<td>Savjetovanje o Nacrtu prijedloga <a href=\"https:\/\/www.pak.hr\/cke\/ostalo 7\/pravilnik o zavr\u0161nom ispitu -prijedlog izmjene v2.docx\" target=\"_blank\" rel=\"noopener\">Pravilnika o izmjenama i dopunama\u00a0Pravilniku o sadr\u017eaju, vremenu i na\u010dinu polaganja zavr\u0161nog ispita te sadr\u017eaju potvrde o zavr\u0161nom ispitu u Dr\u017eavnoj \u0161koli za pravosudne du\u017enosnike<\/a><\/td>\n<td>24.09.2018.<\/td>\n<td>10.10.2018<\/td>\n<td>zatvoren<\/td>\n<\/tr>\n<\/tbody>\n<\/table>\n<p>&nbsp;<\/p>\n<table border=\"1\" cellspacing=\"1\" cellpadding=\"1\">\n<tbody>\n<tr>\n<td><strong>Naziv propisa<\/strong><\/td>\n<td><strong>Datum otvaranja<\/strong><\/td>\n<td><strong>Datum zatvaranja<\/strong><\/td>\n<td><strong>Stanje<\/strong><\/td>\n<\/tr>\n<tr>\n<td>Savjetovanje o Nacrtu prijedloga\u00a0<a href=\"https:\/\/www.pak.hr\/cke\/ostalo 5\/01 Pravilnik o upisu - kona\u010dni nacrt.doc\" target=\"_blank\" rel=\"noopener\">Pravilnika o sadr\u017eaju, na\u010dinu provedbe i ocjenjivanju na pisanoj provjeri znanja i sposobnosti te na razgovoru u postupku upisa u Dr\u017eavnu \u0161kolu za pravosudne du\u017enosnike<\/a><\/td>\n<td>25.5.2016.<\/td>\n<td>25.6.2016.<\/td>\n<td>zatvoren<\/td>\n<\/tr>\n<tr>\n<td>Savjetovanje o Nacrtu prijedloga\u00a0<a href=\"https:\/\/www.pak.hr\/cke\/ostalo 5\/02 Pravilnik mentori_kona\u010dan prijedlog.docx\" target=\"_blank\" rel=\"noopener\">Pravilnika o na\u010dinu rada mentora u Dr\u017eavnoj \u0161koli za pravosudne du\u017enosnike<\/a><\/td>\n<td>25.5.2016.<\/td>\n<td>25.6.2016.<\/td>\n<td>zatvoren<\/td>\n<\/tr>\n<tr>\n<td>Savjetovanje o Nacrtu prijedloga\u00a0<a href=\"https:\/\/www.pak.hr\/cke\/ostalo 5\/03 Pravilnik o na\u010dinu rada Povjerenstva za ulazni ispit_kona\u010dni nacrt.doc\" target=\"_blank\" rel=\"noopener\">Pravilnika o na\u010dinu rada Povjerenstva za provedbu natje\u010daja za upis u Dr\u017eavnu \u0161kolu za pravosudne du\u017enosnike<\/a><\/td>\n<td>25.5.2016.<\/td>\n<td>25.6.2016.<\/td>\n<td>zatvoren<\/td>\n<\/tr>\n<\/tbody>\n<\/table>\n","protected":false},"excerpt":{"rendered":"<p>Savjetovanja sa zainteresiranom javno\u0161\u0107u Savjetovanja se provode sukladno obvezi prema Zakonu o pravu na pristup informacijama (\u201eNarodne novine\u201c, broj: 25\/13, 85\/15) te po na\u010delima Kodeksa savjetovanja sa zainteresiranom javno\u0161\u0107u u&#8230;<\/p>\n","protected":false},"author":1,"featured_media":0,"parent":0,"menu_order":0,"comment_status":"closed","ping_status":"closed","template":"","meta":{"footnotes":""},"class_list":["post-1680","page","type-page","status-publish","hentry"],"yoast_head":"<!-- This site is optimized with the Yoast SEO plugin v27.4 - https:\/\/yoast.com\/product\/yoast-seo-wordpress\/ -->\n<title>Consulting the public concerned - Pravosudna akademija<\/title>\n<meta name=\"description\" content=\"Pravosudna akademija - Program cjelo\u017eivotnog stru\u010dnog usavr\u0161avanja je provedba inicijalnih programa za vje\u017ebenike u pravosudnim tijelima te za kandidate za suce i zamjenike dr\u017eavnih odvjetnika\" \/>\n<meta name=\"robots\" content=\"index, follow, max-snippet:-1, max-image-preview:large, max-video-preview:-1\" \/>\n<link rel=\"canonical\" href=\"https:\/\/www.pak.hr\/consulting-the-public-concerned\/\" \/>\n<meta property=\"og:locale\" content=\"en_US\" \/>\n<meta property=\"og:type\" content=\"article\" \/>\n<meta property=\"og:title\" content=\"Consulting the public concerned - Pravosudna akademija\" \/>\n<meta property=\"og:description\" content=\"Pravosudna akademija - Program cjelo\u017eivotnog stru\u010dnog usavr\u0161avanja je provedba inicijalnih programa za vje\u017ebenike u pravosudnim tijelima te za kandidate za suce i zamjenike dr\u017eavnih odvjetnika\" \/>\n<meta property=\"og:url\" content=\"https:\/\/www.pak.hr\/consulting-the-public-concerned\/\" \/>\n<meta property=\"og:site_name\" content=\"Pravosudna akademija\" \/>\n<meta property=\"article:modified_time\" content=\"2022-06-09T05:37:29+00:00\" \/>\n<meta name=\"twitter:card\" content=\"summary_large_image\" \/>\n<meta name=\"twitter:label1\" content=\"Est. reading time\" \/>\n\t<meta name=\"twitter:data1\" content=\"4 minutes\" \/>\n<script type=\"application\/ld+json\" class=\"yoast-schema-graph\">{\"@context\":\"https:\\\/\\\/schema.org\",\"@graph\":[{\"@type\":\"WebPage\",\"@id\":\"https:\\\/\\\/www.pak.hr\\\/consulting-the-public-concerned\\\/\",\"url\":\"https:\\\/\\\/www.pak.hr\\\/consulting-the-public-concerned\\\/\",\"name\":\"Consulting the public concerned - Pravosudna akademija\",\"isPartOf\":{\"@id\":\"https:\\\/\\\/www.pak.hr\\\/#website\"},\"datePublished\":\"2021-12-22T14:13:28+00:00\",\"dateModified\":\"2022-06-09T05:37:29+00:00\",\"description\":\"Pravosudna akademija - Program cjelo\u017eivotnog stru\u010dnog usavr\u0161avanja je provedba inicijalnih programa za vje\u017ebenike u pravosudnim tijelima te za kandidate za suce i zamjenike dr\u017eavnih odvjetnika\",\"breadcrumb\":{\"@id\":\"https:\\\/\\\/www.pak.hr\\\/consulting-the-public-concerned\\\/#breadcrumb\"},\"inLanguage\":\"en-US\",\"potentialAction\":[{\"@type\":\"ReadAction\",\"target\":[\"https:\\\/\\\/www.pak.hr\\\/consulting-the-public-concerned\\\/\"]}]},{\"@type\":\"BreadcrumbList\",\"@id\":\"https:\\\/\\\/www.pak.hr\\\/consulting-the-public-concerned\\\/#breadcrumb\",\"itemListElement\":[{\"@type\":\"ListItem\",\"position\":1,\"name\":\"Po\u010detna stranica\",\"item\":\"https:\\\/\\\/www.pak.hr\\\/\"},{\"@type\":\"ListItem\",\"position\":2,\"name\":\"Consulting the public concerned\"}]},{\"@type\":\"WebSite\",\"@id\":\"https:\\\/\\\/www.pak.hr\\\/#website\",\"url\":\"https:\\\/\\\/www.pak.hr\\\/\",\"name\":\"Pravosudna akademija\",\"description\":\"Pravosudna akademija\",\"publisher\":{\"@id\":\"https:\\\/\\\/www.pak.hr\\\/#organization\"},\"potentialAction\":[{\"@type\":\"SearchAction\",\"target\":{\"@type\":\"EntryPoint\",\"urlTemplate\":\"https:\\\/\\\/www.pak.hr\\\/?s={search_term_string}\"},\"query-input\":{\"@type\":\"PropertyValueSpecification\",\"valueRequired\":true,\"valueName\":\"search_term_string\"}}],\"inLanguage\":\"en-US\"},{\"@type\":\"Organization\",\"@id\":\"https:\\\/\\\/www.pak.hr\\\/#organization\",\"name\":\"Pravosudna akademija\",\"url\":\"https:\\\/\\\/www.pak.hr\\\/\",\"logo\":{\"@type\":\"ImageObject\",\"inLanguage\":\"en-US\",\"@id\":\"https:\\\/\\\/www.pak.hr\\\/#\\\/schema\\\/logo\\\/image\\\/\",\"url\":\"https:\\\/\\\/www.pak.hr\\\/wp-content\\\/uploads\\\/2022\\\/03\\\/paklogo.png\",\"contentUrl\":\"https:\\\/\\\/www.pak.hr\\\/wp-content\\\/uploads\\\/2022\\\/03\\\/paklogo.png\",\"width\":202,\"height\":89,\"caption\":\"Pravosudna akademija\"},\"image\":{\"@id\":\"https:\\\/\\\/www.pak.hr\\\/#\\\/schema\\\/logo\\\/image\\\/\"}}]}<\/script>\n<!-- \/ Yoast SEO plugin. -->","yoast_head_json":{"title":"Consulting the public concerned - Pravosudna akademija","description":"Pravosudna akademija - Program cjelo\u017eivotnog stru\u010dnog usavr\u0161avanja je provedba inicijalnih programa za vje\u017ebenike u pravosudnim tijelima te za kandidate za suce i zamjenike dr\u017eavnih odvjetnika","robots":{"index":"index","follow":"follow","max-snippet":"max-snippet:-1","max-image-preview":"max-image-preview:large","max-video-preview":"max-video-preview:-1"},"canonical":"https:\/\/www.pak.hr\/consulting-the-public-concerned\/","og_locale":"en_US","og_type":"article","og_title":"Consulting the public concerned - Pravosudna akademija","og_description":"Pravosudna akademija - Program cjelo\u017eivotnog stru\u010dnog usavr\u0161avanja je provedba inicijalnih programa za vje\u017ebenike u pravosudnim tijelima te za kandidate za suce i zamjenike dr\u017eavnih odvjetnika","og_url":"https:\/\/www.pak.hr\/consulting-the-public-concerned\/","og_site_name":"Pravosudna akademija","article_modified_time":"2022-06-09T05:37:29+00:00","twitter_card":"summary_large_image","twitter_misc":{"Est. reading time":"4 minutes"},"schema":{"@context":"https:\/\/schema.org","@graph":[{"@type":"WebPage","@id":"https:\/\/www.pak.hr\/consulting-the-public-concerned\/","url":"https:\/\/www.pak.hr\/consulting-the-public-concerned\/","name":"Consulting the public concerned - Pravosudna akademija","isPartOf":{"@id":"https:\/\/www.pak.hr\/#website"},"datePublished":"2021-12-22T14:13:28+00:00","dateModified":"2022-06-09T05:37:29+00:00","description":"Pravosudna akademija - Program cjelo\u017eivotnog stru\u010dnog usavr\u0161avanja je provedba inicijalnih programa za vje\u017ebenike u pravosudnim tijelima te za kandidate za suce i zamjenike dr\u017eavnih odvjetnika","breadcrumb":{"@id":"https:\/\/www.pak.hr\/consulting-the-public-concerned\/#breadcrumb"},"inLanguage":"en-US","potentialAction":[{"@type":"ReadAction","target":["https:\/\/www.pak.hr\/consulting-the-public-concerned\/"]}]},{"@type":"BreadcrumbList","@id":"https:\/\/www.pak.hr\/consulting-the-public-concerned\/#breadcrumb","itemListElement":[{"@type":"ListItem","position":1,"name":"Po\u010detna stranica","item":"https:\/\/www.pak.hr\/"},{"@type":"ListItem","position":2,"name":"Consulting the public concerned"}]},{"@type":"WebSite","@id":"https:\/\/www.pak.hr\/#website","url":"https:\/\/www.pak.hr\/","name":"Pravosudna akademija","description":"Pravosudna akademija","publisher":{"@id":"https:\/\/www.pak.hr\/#organization"},"potentialAction":[{"@type":"SearchAction","target":{"@type":"EntryPoint","urlTemplate":"https:\/\/www.pak.hr\/?s={search_term_string}"},"query-input":{"@type":"PropertyValueSpecification","valueRequired":true,"valueName":"search_term_string"}}],"inLanguage":"en-US"},{"@type":"Organization","@id":"https:\/\/www.pak.hr\/#organization","name":"Pravosudna akademija","url":"https:\/\/www.pak.hr\/","logo":{"@type":"ImageObject","inLanguage":"en-US","@id":"https:\/\/www.pak.hr\/#\/schema\/logo\/image\/","url":"https:\/\/www.pak.hr\/wp-content\/uploads\/2022\/03\/paklogo.png","contentUrl":"https:\/\/www.pak.hr\/wp-content\/uploads\/2022\/03\/paklogo.png","width":202,"height":89,"caption":"Pravosudna akademija"},"image":{"@id":"https:\/\/www.pak.hr\/#\/schema\/logo\/image\/"}}]}},"_links":{"self":[{"href":"https:\/\/www.pak.hr\/en\/wp-json\/wp\/v2\/pages\/1680","targetHints":{"allow":["GET"]}}],"collection":[{"href":"https:\/\/www.pak.hr\/en\/wp-json\/wp\/v2\/pages"}],"about":[{"href":"https:\/\/www.pak.hr\/en\/wp-json\/wp\/v2\/types\/page"}],"author":[{"embeddable":true,"href":"https:\/\/www.pak.hr\/en\/wp-json\/wp\/v2\/users\/1"}],"replies":[{"embeddable":true,"href":"https:\/\/www.pak.hr\/en\/wp-json\/wp\/v2\/comments?post=1680"}],"version-history":[{"count":2,"href":"https:\/\/www.pak.hr\/en\/wp-json\/wp\/v2\/pages\/1680\/revisions"}],"predecessor-version":[{"id":2066,"href":"https:\/\/www.pak.hr\/en\/wp-json\/wp\/v2\/pages\/1680\/revisions\/2066"}],"wp:attachment":[{"href":"https:\/\/www.pak.hr\/en\/wp-json\/wp\/v2\/media?parent=1680"}],"curies":[{"name":"wp","href":"https:\/\/api.w.org\/{rel}","templated":true}]}}