{"id":1688,"date":"2021-12-21T13:59:29","date_gmt":"2021-12-21T12:59:29","guid":{"rendered":"https:\/\/www.pak.hr\/?page_id=1688"},"modified":"2022-06-09T07:44:35","modified_gmt":"2022-06-09T05:44:35","slug":"legal-regulations","status":"publish","type":"page","link":"https:\/\/www.pak.hr\/en\/legal-regulations\/","title":{"rendered":"Legal regulations"},"content":{"rendered":"<h4>Pravni propisi<\/h4>\n<p><strong><a href=\"https:\/\/narodne-novine.nn.hr\/clanci\/sluzbeni\/2019_05_52_993.html\" target=\"_blank\" rel=\"noopener\">&#8211; Zakon o Pravosudnoj akademiji (\u201eNarodne novine\u201c, broj: 52\/19)<\/a><br \/>\n&#8211; Zakon o sudovima (\u201eNarodne novine\u201c, broj: <a href=\"https:\/\/www.zakon.hr\/cms.htm?id=6716\" target=\"_blank\" rel=\"noopener\">28\/13<\/a>, <a href=\"https:\/\/www.zakon.hr\/cms.htm?id=6718\" target=\"_blank\" rel=\"noopener\">33\/15<\/a>, <a href=\"https:\/\/www.zakon.hr\/cms.htm?id=12089\" target=\"_blank\" rel=\"noopener\">82\/15<\/a>, <a href=\"https:\/\/www.zakon.hr\/cms.htm?id=17377\" target=\"_blank\" rel=\"noopener\">82\/16<\/a> i <a href=\"https:\/\/www.zakon.hr\/cms.htm?id=31237\" target=\"_blank\" rel=\"noopener\">67\/18<\/a>)<br \/>\n<a href=\"https:\/\/narodne-novine.nn.hr\/clanci\/sluzbeni\/2018_07_67_1358.html\" target=\"_blank\" rel=\"noopener\">&#8211; Zakon o dr\u017eavnom odvjetni\u0161tvu (&#8220;Narodne novine&#8221;, broj: 67\/18)<\/a><\/strong><\/p>\n<p>&nbsp;<\/p>\n<p><a href=\"https:\/\/www.pak.hr\/cke\/propisi, zakoni\/Statut PA.pdf\" target=\"_blank\" rel=\"noopener\">&#8211; Statut Pravosudne akademije<\/a><br \/>\n<a href=\"https:\/\/www.pak.hr\/cke\/pdf hr\/Odluka o dopuni Statuta.pdf\" target=\"_blank\" rel=\"noopener\">&#8211; Odluka o dopuni Statuta<\/a><\/p>\n<p><a href=\"https:\/\/www.pak.hr\/cke\/_provedba_\/Pravilnik o unutarnjem ustrojstvu izmjene i dopune.pdf\">&#8211; Pravilnik o izmjenama i dopunama pravilnika o unutarnjem ustrojstvu i sistematizaciji radnih mjesta u Pravosudnoj akademiji<\/a><\/p>\n<p><a href=\"http:\/\/www.propisi.hr\/print.php?id=3049\" target=\"_blank\" rel=\"noopener\">&#8211; Uredba o nazivima radnih mjesta i koeficijentima slo\u017eenosti poslova u javnim slu\u017ebama.( \u201eNarodne novine\u201c, broj 25\/13, 72\/13,151\/13, 09\/14, 40\/14, 51\/14, 77\/14, 83\/14 &#8211; Ispravak, 87\/14, 120\/14, 147\/14, 151\/14, 11\/15, 32\/15, 38\/15, 60\/15, 83\/15, 112\/15, 122\/15, 10\/17, 39\/17, 40\/17 &#8211; Ispravak, 74\/17, 122\/17, 9\/18, 57\/18 i 59\/19)<\/a><\/p>\n<p><a href=\"https:\/\/www.pak.hr\/cke\/pdf hr\/Odluka o kriterijima za odre\u0111ivanje i visini naknade vanjskim suradnicima.pdf\" target=\"_blank\" rel=\"noopener\">&#8211;\u00a0Odluka o kriterijima za odre\u0111ivanje i visini naknade vanjskim suradnicima<\/a><br \/>\n<a href=\"https:\/\/www.pak.hr\/cke\/ostalo 8\/Pravilnik o provedbi postupaka jednostavne nabave (pro\u010di\u0161\u0107eni tekst).pdf\" target=\"_blank\" rel=\"noopener\">&#8211; Pravilnik o provedbi postupaka jednostavne nabave (pro\u010di\u0161\u0107eni tekst)<\/a><\/p>\n<p><a href=\"https:\/\/narodne-novine.nn.hr\/clanci\/sluzbeni\/2020_03_25_618.html\" target=\"_blank\" rel=\"noopener\">&#8211; Pravilnik o pristupu stru\u010dnom usavr\u0161avanju u Pravosudnoj akademiji (Narodne novine broj 25\/2020)<\/a><br \/>\n<a href=\"https:\/\/narodne-novine.nn.hr\/clanci\/sluzbeni\/2020_03_25_620.html\" target=\"_blank\" rel=\"noopener\">&#8211; Pravilnik o na\u010dinu rada Povjerenstva za provedbu zavr\u0161nog ispita u Dr\u017eavnoj \u0161koli za pravosudne du\u017enosnike (Narodne novine 25\/2020)<\/a><br \/>\n<a href=\"https:\/\/narodne-novine.nn.hr\/clanci\/sluzbeni\/2020_03_25_619.html\" target=\"_blank\" rel=\"noopener\">&#8211; Pravilnik o zavr\u0161nom ispitu u Dr\u017eavnoj \u0161koli za pravosudne du\u017enosnike (Narodne novine 25\/2020)<\/a><br \/>\n<a href=\"https:\/\/narodne-novine.nn.hr\/clanci\/sluzbeni\/2020_01_11_204.html\" target=\"_blank\" rel=\"noopener\">&#8211; Pravilnik o na\u010dinu rada mentora u Dr\u017eavnoj \u0161koli za pravosudne du\u017enosnike (\u201eNarodne novine\u201c, broj: 11\/20)<\/a><br \/>\n<a href=\"https:\/\/www.pak.hr\/cke\/ostalo 10\/Odluka o tro\u0161kovima polaganja zavr\u0161nog ispita.PDF\" target=\"_blank\" rel=\"noopener\">&#8211; Odluka o visini tro\u0161kova za polaganje zavr\u0161nog ispita u Dr\u017eavnoj \u0161koli za pravosudne du\u017enosnike<\/a><br \/>\n<a href=\"https:\/\/www.pak.hr\/cke\/ostalo 10\/Odluka o imenovanju \u010dlanova Povjerenstva za polaganje zavr\u0161nog ispita u D\u0160 2019.PDF\" target=\"_blank\" rel=\"noopener\">&#8211; Odluka o imenovanju Povjerenstva za polaganje zavr\u0161nog ispita u Dr\u017eavnoj \u0161koli za pravosudne du\u017enosnike<\/a><br \/>\n<a href=\"https:\/\/narodne-novine.nn.hr\/clanci\/sluzbeni\/2019_02_14_273.html\" target=\"_blank\" rel=\"noopener\"><br \/>\n&#8211; Zakon o vje\u017ebenicima u pravosudnim tijelima i pravosudnom ispitu ( \u201eNarodne novine\u201c, broj:14\/19)<\/a><\/p>\n<p><a href=\"https:\/\/www.pak.hr\/cke\/propisi, zakoni\/Pravilnik o polaganju pravosudnog ispita NN 96_09 i 22_15.docx\" target=\"_blank\" rel=\"noopener\">&#8211;\u00a0Pravilnik o polaganju pravosudnog ispita ( \u201eNarodne novine\u201c, broj: 96\/09 i 22\/15)<\/a><\/p>\n<p>&nbsp;<\/p>\n","protected":false},"excerpt":{"rendered":"<p>Pravni propisi &#8211; Zakon o Pravosudnoj akademiji (\u201eNarodne novine\u201c, broj: 52\/19) &#8211; Zakon o sudovima (\u201eNarodne novine\u201c, broj: 28\/13, 33\/15, 82\/15, 82\/16 i 67\/18) &#8211; Zakon o dr\u017eavnom odvjetni\u0161tvu (&#8220;Narodne&#8230;<\/p>\n","protected":false},"author":1,"featured_media":0,"parent":0,"menu_order":0,"comment_status":"closed","ping_status":"closed","template":"","meta":{"footnotes":""},"class_list":["post-1688","page","type-page","status-publish","hentry"],"yoast_head":"<!-- This site is optimized with the Yoast SEO plugin v27.5 - https:\/\/yoast.com\/product\/yoast-seo-wordpress\/ -->\n<title>Legal regulations - Pravosudna akademija<\/title>\n<meta name=\"description\" content=\"Pravosudna akademija - Program cjelo\u017eivotnog stru\u010dnog usavr\u0161avanja je provedba inicijalnih programa za vje\u017ebenike u pravosudnim tijelima te za kandidate za suce i zamjenike dr\u017eavnih odvjetnika\" \/>\n<meta name=\"robots\" content=\"index, follow, max-snippet:-1, max-image-preview:large, max-video-preview:-1\" \/>\n<link rel=\"canonical\" href=\"https:\/\/www.pak.hr\/legal-regulations\/\" \/>\n<meta property=\"og:locale\" content=\"en_US\" \/>\n<meta property=\"og:type\" content=\"article\" \/>\n<meta property=\"og:title\" content=\"Legal regulations - Pravosudna akademija\" \/>\n<meta property=\"og:description\" content=\"Pravosudna akademija - Program cjelo\u017eivotnog stru\u010dnog usavr\u0161avanja je provedba inicijalnih programa za vje\u017ebenike u pravosudnim tijelima te za kandidate za suce i zamjenike dr\u017eavnih odvjetnika\" \/>\n<meta property=\"og:url\" content=\"https:\/\/www.pak.hr\/legal-regulations\/\" \/>\n<meta property=\"og:site_name\" content=\"Pravosudna akademija\" \/>\n<meta property=\"article:modified_time\" content=\"2022-06-09T05:44:35+00:00\" \/>\n<meta name=\"twitter:card\" content=\"summary_large_image\" \/>\n<meta name=\"twitter:label1\" content=\"Est. reading time\" \/>\n\t<meta name=\"twitter:data1\" content=\"1 minute\" \/>\n<script type=\"application\/ld+json\" class=\"yoast-schema-graph\">{\"@context\":\"https:\\\/\\\/schema.org\",\"@graph\":[{\"@type\":\"WebPage\",\"@id\":\"https:\\\/\\\/www.pak.hr\\\/legal-regulations\\\/\",\"url\":\"https:\\\/\\\/www.pak.hr\\\/legal-regulations\\\/\",\"name\":\"Legal regulations - Pravosudna akademija\",\"isPartOf\":{\"@id\":\"https:\\\/\\\/www.pak.hr\\\/#website\"},\"datePublished\":\"2021-12-21T12:59:29+00:00\",\"dateModified\":\"2022-06-09T05:44:35+00:00\",\"description\":\"Pravosudna akademija - Program cjelo\u017eivotnog stru\u010dnog usavr\u0161avanja je provedba inicijalnih programa za vje\u017ebenike u pravosudnim tijelima te za kandidate za suce i zamjenike dr\u017eavnih odvjetnika\",\"breadcrumb\":{\"@id\":\"https:\\\/\\\/www.pak.hr\\\/legal-regulations\\\/#breadcrumb\"},\"inLanguage\":\"en-US\",\"potentialAction\":[{\"@type\":\"ReadAction\",\"target\":[\"https:\\\/\\\/www.pak.hr\\\/legal-regulations\\\/\"]}]},{\"@type\":\"BreadcrumbList\",\"@id\":\"https:\\\/\\\/www.pak.hr\\\/legal-regulations\\\/#breadcrumb\",\"itemListElement\":[{\"@type\":\"ListItem\",\"position\":1,\"name\":\"Po\u010detna stranica\",\"item\":\"https:\\\/\\\/www.pak.hr\\\/\"},{\"@type\":\"ListItem\",\"position\":2,\"name\":\"Legal regulations\"}]},{\"@type\":\"WebSite\",\"@id\":\"https:\\\/\\\/www.pak.hr\\\/#website\",\"url\":\"https:\\\/\\\/www.pak.hr\\\/\",\"name\":\"Pravosudna akademija\",\"description\":\"Pravosudna akademija\",\"publisher\":{\"@id\":\"https:\\\/\\\/www.pak.hr\\\/#organization\"},\"potentialAction\":[{\"@type\":\"SearchAction\",\"target\":{\"@type\":\"EntryPoint\",\"urlTemplate\":\"https:\\\/\\\/www.pak.hr\\\/?s={search_term_string}\"},\"query-input\":{\"@type\":\"PropertyValueSpecification\",\"valueRequired\":true,\"valueName\":\"search_term_string\"}}],\"inLanguage\":\"en-US\"},{\"@type\":\"Organization\",\"@id\":\"https:\\\/\\\/www.pak.hr\\\/#organization\",\"name\":\"Pravosudna akademija\",\"url\":\"https:\\\/\\\/www.pak.hr\\\/\",\"logo\":{\"@type\":\"ImageObject\",\"inLanguage\":\"en-US\",\"@id\":\"https:\\\/\\\/www.pak.hr\\\/#\\\/schema\\\/logo\\\/image\\\/\",\"url\":\"https:\\\/\\\/www.pak.hr\\\/wp-content\\\/uploads\\\/2022\\\/03\\\/paklogo.png\",\"contentUrl\":\"https:\\\/\\\/www.pak.hr\\\/wp-content\\\/uploads\\\/2022\\\/03\\\/paklogo.png\",\"width\":202,\"height\":89,\"caption\":\"Pravosudna akademija\"},\"image\":{\"@id\":\"https:\\\/\\\/www.pak.hr\\\/#\\\/schema\\\/logo\\\/image\\\/\"}}]}<\/script>\n<!-- \/ Yoast SEO plugin. -->","yoast_head_json":{"title":"Legal regulations - Pravosudna akademija","description":"Pravosudna akademija - Program cjelo\u017eivotnog stru\u010dnog usavr\u0161avanja je provedba inicijalnih programa za vje\u017ebenike u pravosudnim tijelima te za kandidate za suce i zamjenike dr\u017eavnih odvjetnika","robots":{"index":"index","follow":"follow","max-snippet":"max-snippet:-1","max-image-preview":"max-image-preview:large","max-video-preview":"max-video-preview:-1"},"canonical":"https:\/\/www.pak.hr\/legal-regulations\/","og_locale":"en_US","og_type":"article","og_title":"Legal regulations - Pravosudna akademija","og_description":"Pravosudna akademija - Program cjelo\u017eivotnog stru\u010dnog usavr\u0161avanja je provedba inicijalnih programa za vje\u017ebenike u pravosudnim tijelima te za kandidate za suce i zamjenike dr\u017eavnih odvjetnika","og_url":"https:\/\/www.pak.hr\/legal-regulations\/","og_site_name":"Pravosudna akademija","article_modified_time":"2022-06-09T05:44:35+00:00","twitter_card":"summary_large_image","twitter_misc":{"Est. reading time":"1 minute"},"schema":{"@context":"https:\/\/schema.org","@graph":[{"@type":"WebPage","@id":"https:\/\/www.pak.hr\/legal-regulations\/","url":"https:\/\/www.pak.hr\/legal-regulations\/","name":"Legal regulations - Pravosudna akademija","isPartOf":{"@id":"https:\/\/www.pak.hr\/#website"},"datePublished":"2021-12-21T12:59:29+00:00","dateModified":"2022-06-09T05:44:35+00:00","description":"Pravosudna akademija - Program cjelo\u017eivotnog stru\u010dnog usavr\u0161avanja je provedba inicijalnih programa za vje\u017ebenike u pravosudnim tijelima te za kandidate za suce i zamjenike dr\u017eavnih odvjetnika","breadcrumb":{"@id":"https:\/\/www.pak.hr\/legal-regulations\/#breadcrumb"},"inLanguage":"en-US","potentialAction":[{"@type":"ReadAction","target":["https:\/\/www.pak.hr\/legal-regulations\/"]}]},{"@type":"BreadcrumbList","@id":"https:\/\/www.pak.hr\/legal-regulations\/#breadcrumb","itemListElement":[{"@type":"ListItem","position":1,"name":"Po\u010detna stranica","item":"https:\/\/www.pak.hr\/"},{"@type":"ListItem","position":2,"name":"Legal regulations"}]},{"@type":"WebSite","@id":"https:\/\/www.pak.hr\/#website","url":"https:\/\/www.pak.hr\/","name":"Pravosudna akademija","description":"Pravosudna akademija","publisher":{"@id":"https:\/\/www.pak.hr\/#organization"},"potentialAction":[{"@type":"SearchAction","target":{"@type":"EntryPoint","urlTemplate":"https:\/\/www.pak.hr\/?s={search_term_string}"},"query-input":{"@type":"PropertyValueSpecification","valueRequired":true,"valueName":"search_term_string"}}],"inLanguage":"en-US"},{"@type":"Organization","@id":"https:\/\/www.pak.hr\/#organization","name":"Pravosudna akademija","url":"https:\/\/www.pak.hr\/","logo":{"@type":"ImageObject","inLanguage":"en-US","@id":"https:\/\/www.pak.hr\/#\/schema\/logo\/image\/","url":"https:\/\/www.pak.hr\/wp-content\/uploads\/2022\/03\/paklogo.png","contentUrl":"https:\/\/www.pak.hr\/wp-content\/uploads\/2022\/03\/paklogo.png","width":202,"height":89,"caption":"Pravosudna akademija"},"image":{"@id":"https:\/\/www.pak.hr\/#\/schema\/logo\/image\/"}}]}},"_links":{"self":[{"href":"https:\/\/www.pak.hr\/en\/wp-json\/wp\/v2\/pages\/1688","targetHints":{"allow":["GET"]}}],"collection":[{"href":"https:\/\/www.pak.hr\/en\/wp-json\/wp\/v2\/pages"}],"about":[{"href":"https:\/\/www.pak.hr\/en\/wp-json\/wp\/v2\/types\/page"}],"author":[{"embeddable":true,"href":"https:\/\/www.pak.hr\/en\/wp-json\/wp\/v2\/users\/1"}],"replies":[{"embeddable":true,"href":"https:\/\/www.pak.hr\/en\/wp-json\/wp\/v2\/comments?post=1688"}],"version-history":[{"count":2,"href":"https:\/\/www.pak.hr\/en\/wp-json\/wp\/v2\/pages\/1688\/revisions"}],"predecessor-version":[{"id":2062,"href":"https:\/\/www.pak.hr\/en\/wp-json\/wp\/v2\/pages\/1688\/revisions\/2062"}],"wp:attachment":[{"href":"https:\/\/www.pak.hr\/en\/wp-json\/wp\/v2\/media?parent=1688"}],"curies":[{"name":"wp","href":"https:\/\/api.w.org\/{rel}","templated":true}]}}