{"id":1697,"date":"2021-12-21T13:58:27","date_gmt":"2021-12-21T13:58:27","guid":{"rendered":"https:\/\/www.pak.hr\/?page_id=1697"},"modified":"2022-06-09T08:00:28","modified_gmt":"2022-06-09T06:00:28","slug":"taking-the-final-exam","status":"publish","type":"page","link":"https:\/\/www.pak.hr\/en\/taking-the-final-exam\/","title":{"rendered":"Taking the final exam"},"content":{"rendered":"<h4>Polaganje zavr\u0161nog ispita<\/h4>\n<p><strong>Polaganju zavr\u0161nog ispita mogu pristupiti kandidati za pravosudne du\u017enosnike koji su polazili Dr\u017eavnu \u0161kolu za pravosudne du\u017enosnike te osobe koje ispunjavaju uvjete iz \u010dlanka 28. Zakona o Pravosudnoj akademiji (\u201cNarodne novine\u201d broj 52\/19).<\/strong><\/p>\n<p>Kandidati za pravosudne du\u017enosnike koji su polazili Dr\u017eavnu \u0161kolu za pravosudne du\u017enosnike zavr\u0161ni ispit pola\u017eu pred Povjerenstvom za polaganje zavr\u0161nog ispita u Dr\u017eavnoj \u0161koli za pravosudne du\u017enosnike (u daljnjem tekstu: Povjerenstvo za polaganje zavr\u0161nog ispita).<\/p>\n<p>Povjerenstvo za polaganje zavr\u0161nog ispita ima pet \u010dlanova i to: dva \u010dlana iz reda sudaca Vrhovnog suda Republike Hrvatske, dva \u010dlana iz reda zamjenika Glavnog dr\u017eavnog odvjetnika Republike Hrvatske i\u00a0jednog \u010dlana iz reda sudaca visokih sudova.<\/p>\n<p>\u010clanovi i zamjenici \u010dlanova Povjerenstva za polaganje zavr\u0161nog ispita su:<\/p>\n<p><strong>\u2013 Dragan Kati\u0107, sudac Vrhovnog suda Republike Hrvatske, predsjednik Povjerenstva za polaganje zavr\u0161nog ispita,<\/strong><br \/>\n\u2022 Marina Pauli\u0107, sutkinja Vrhovnog suda Republike Hrvatske, zamjenica \u010dlana,<br \/>\n<strong>\u2013 Perica Rosandi\u0107, sudac Vrhovnog suda Republike Hrvatske, \u010dlan,<\/strong><br \/>\n\u2022 Melita Bo\u017ei\u010devi\u0107 Grbi\u0107, sutkinja Vrhovnog suda Republike Hrvatske,\u00a0zamjenica \u010dlana,<br \/>\n<strong>\u2013 Mirta Kuhari\u0107, zamjenica Glavne dr\u017eavne odvjetnice Republike Hrvatske, \u010dlanica,<\/strong><br \/>\n<strong>\u2013 Danica Damjanovi\u0107, zamjenica Glavne dr\u017eavne odvjetnice Republike Hrvatske, \u010dlanica,<\/strong><br \/>\n\u2022 Boris Koketi, zamjenik Glavne dr\u017eavne odvjetnice Republike Hrvatske,\u00a0zamjenik \u010dlanice,<br \/>\n<strong>\u2013 mr. sc. Inga Vezmar Barlek, sutkinja Visokog upravnog suda Republike Hrvatske, \u010dlanica,<\/strong><br \/>\n\u2022 Raoul Dubravec, sudac Visokog trgova\u010dkog suda Republike Hrvatske,\u00a0zamjenik \u010dlanice.<br \/>\nZavr\u0161ni ispit sastoji se od pisanog pismenog i usmenog dijela. Na zavr\u0161nom ispitu kandidat mo\u017ee ostvariti najvi\u0161e 300 bodova. Smatra se da su zavr\u0161ni ispit polo\u017eile osobe koje na zavr\u0161nom ispitu ostvare najmanje 225 bodova.<\/p>\n<p>Osobe koje ne polo\u017ee zavr\u0161ni ispit imaju pravo jo\u0161 jedanput pristupiti ispitu.<\/p>\n<p>Pravosudna akademija odlukom utvr\u0111uje zavr\u0161nu ocjenu koja odgovara broju bodova na zavr\u0161nom ispitu.<\/p>\n<p>Polaganju zavr\u0161nog ispita u \u0160koli mogu pristupiti i osobe koje nisu poha\u0111ale \u0160kolu, a koje ispunjavaju sljede\u0107e uvjete:<\/p>\n<p>\u2013 imaju polo\u017eeni pravosudni ispit<br \/>\n\u2013 nakon polo\u017eenog pravosudnog ispita radile su na pravnim poslovima najmanje \u010detiri godine.<\/p>\n<p>Odluku kojom se utvr\u0111uje ispunjavanje uvjeta donosi Pravosudna akademija na temelju prethodnog mi\u0161ljenja Povjerenstva za polaganje zavr\u0161nog ispita. Protiv odluke o ispunjavanju uvjeta mo\u017ee se pokrenuti upravni spor. Osobe koje pristupe zavr\u0161nom ispitu pod prethodno opisanim uvjetima same snose\u00a0<a href=\"https:\/\/www.pak.hr\/cke\/ostalo 10\/Odluka o tro\u0161kovima polaganja zavr\u0161nog ispita.PDF\">tro\u0161kove polaganja zavr\u0161nog ispita<\/a>\u00a0osim kandidata \u010dije tro\u0161kove snosi Pravosudna akademija na temelju \u010dlanka 44. stavka 3. Zakona o Pravosudnoj akademiji.<\/p>\n<p>Smatra se da su Dr\u017eavnu \u0161kolu za pravosudne du\u017enosnike zavr\u0161ile osobe koje su polo\u017eile zavr\u0161ni ispit.<\/p>\n<p>Pravosudna akademija izdaje potvrdu o zavr\u0161enoj \u0160koli. Potvrda sadr\u017eava zavr\u0161nu ocjenu.<\/p>\n","protected":false},"excerpt":{"rendered":"<p>Polaganje zavr\u0161nog ispita Polaganju zavr\u0161nog ispita mogu pristupiti kandidati za pravosudne du\u017enosnike koji su polazili Dr\u017eavnu \u0161kolu za pravosudne du\u017enosnike te osobe koje ispunjavaju uvjete iz \u010dlanka 28. Zakona o&#8230;<\/p>\n","protected":false},"author":1,"featured_media":0,"parent":0,"menu_order":0,"comment_status":"closed","ping_status":"closed","template":"","meta":{"footnotes":""},"class_list":["post-1697","page","type-page","status-publish","hentry"],"yoast_head":"<!-- This site is optimized with the Yoast SEO plugin v27.5 - https:\/\/yoast.com\/product\/yoast-seo-wordpress\/ -->\n<title>Taking the final exam - Pravosudna akademija<\/title>\n<meta name=\"description\" content=\"Pravosudna akademija - Program cjelo\u017eivotnog stru\u010dnog usavr\u0161avanja je provedba inicijalnih programa za vje\u017ebenike u pravosudnim tijelima te za kandidate za suce i zamjenike dr\u017eavnih odvjetnika\" \/>\n<meta name=\"robots\" content=\"index, follow, max-snippet:-1, max-image-preview:large, max-video-preview:-1\" \/>\n<link rel=\"canonical\" href=\"https:\/\/www.pak.hr\/taking-the-final-exam\/\" \/>\n<meta property=\"og:locale\" content=\"en_US\" \/>\n<meta property=\"og:type\" content=\"article\" \/>\n<meta property=\"og:title\" content=\"Taking the final exam - Pravosudna akademija\" \/>\n<meta property=\"og:description\" content=\"Pravosudna akademija - Program cjelo\u017eivotnog stru\u010dnog usavr\u0161avanja je provedba inicijalnih programa za vje\u017ebenike u pravosudnim tijelima te za kandidate za suce i zamjenike dr\u017eavnih odvjetnika\" \/>\n<meta property=\"og:url\" content=\"https:\/\/www.pak.hr\/taking-the-final-exam\/\" \/>\n<meta property=\"og:site_name\" content=\"Pravosudna akademija\" \/>\n<meta property=\"article:modified_time\" content=\"2022-06-09T06:00:28+00:00\" \/>\n<meta name=\"twitter:card\" content=\"summary_large_image\" \/>\n<meta name=\"twitter:label1\" content=\"Est. reading time\" \/>\n\t<meta name=\"twitter:data1\" content=\"2 minutes\" \/>\n<script type=\"application\/ld+json\" class=\"yoast-schema-graph\">{\"@context\":\"https:\\\/\\\/schema.org\",\"@graph\":[{\"@type\":\"WebPage\",\"@id\":\"https:\\\/\\\/www.pak.hr\\\/taking-the-final-exam\\\/\",\"url\":\"https:\\\/\\\/www.pak.hr\\\/taking-the-final-exam\\\/\",\"name\":\"Taking the final exam - Pravosudna akademija\",\"isPartOf\":{\"@id\":\"https:\\\/\\\/www.pak.hr\\\/#website\"},\"datePublished\":\"2021-12-21T13:58:27+00:00\",\"dateModified\":\"2022-06-09T06:00:28+00:00\",\"description\":\"Pravosudna akademija - Program cjelo\u017eivotnog stru\u010dnog usavr\u0161avanja je provedba inicijalnih programa za vje\u017ebenike u pravosudnim tijelima te za kandidate za suce i zamjenike dr\u017eavnih odvjetnika\",\"breadcrumb\":{\"@id\":\"https:\\\/\\\/www.pak.hr\\\/taking-the-final-exam\\\/#breadcrumb\"},\"inLanguage\":\"en-US\",\"potentialAction\":[{\"@type\":\"ReadAction\",\"target\":[\"https:\\\/\\\/www.pak.hr\\\/taking-the-final-exam\\\/\"]}]},{\"@type\":\"BreadcrumbList\",\"@id\":\"https:\\\/\\\/www.pak.hr\\\/taking-the-final-exam\\\/#breadcrumb\",\"itemListElement\":[{\"@type\":\"ListItem\",\"position\":1,\"name\":\"Po\u010detna stranica\",\"item\":\"https:\\\/\\\/www.pak.hr\\\/\"},{\"@type\":\"ListItem\",\"position\":2,\"name\":\"Taking the final exam\"}]},{\"@type\":\"WebSite\",\"@id\":\"https:\\\/\\\/www.pak.hr\\\/#website\",\"url\":\"https:\\\/\\\/www.pak.hr\\\/\",\"name\":\"Pravosudna akademija\",\"description\":\"Pravosudna akademija\",\"publisher\":{\"@id\":\"https:\\\/\\\/www.pak.hr\\\/#organization\"},\"potentialAction\":[{\"@type\":\"SearchAction\",\"target\":{\"@type\":\"EntryPoint\",\"urlTemplate\":\"https:\\\/\\\/www.pak.hr\\\/?s={search_term_string}\"},\"query-input\":{\"@type\":\"PropertyValueSpecification\",\"valueRequired\":true,\"valueName\":\"search_term_string\"}}],\"inLanguage\":\"en-US\"},{\"@type\":\"Organization\",\"@id\":\"https:\\\/\\\/www.pak.hr\\\/#organization\",\"name\":\"Pravosudna akademija\",\"url\":\"https:\\\/\\\/www.pak.hr\\\/\",\"logo\":{\"@type\":\"ImageObject\",\"inLanguage\":\"en-US\",\"@id\":\"https:\\\/\\\/www.pak.hr\\\/#\\\/schema\\\/logo\\\/image\\\/\",\"url\":\"https:\\\/\\\/www.pak.hr\\\/wp-content\\\/uploads\\\/2022\\\/03\\\/paklogo.png\",\"contentUrl\":\"https:\\\/\\\/www.pak.hr\\\/wp-content\\\/uploads\\\/2022\\\/03\\\/paklogo.png\",\"width\":202,\"height\":89,\"caption\":\"Pravosudna akademija\"},\"image\":{\"@id\":\"https:\\\/\\\/www.pak.hr\\\/#\\\/schema\\\/logo\\\/image\\\/\"}}]}<\/script>\n<!-- \/ Yoast SEO plugin. -->","yoast_head_json":{"title":"Taking the final exam - Pravosudna akademija","description":"Pravosudna akademija - Program cjelo\u017eivotnog stru\u010dnog usavr\u0161avanja je provedba inicijalnih programa za vje\u017ebenike u pravosudnim tijelima te za kandidate za suce i zamjenike dr\u017eavnih odvjetnika","robots":{"index":"index","follow":"follow","max-snippet":"max-snippet:-1","max-image-preview":"max-image-preview:large","max-video-preview":"max-video-preview:-1"},"canonical":"https:\/\/www.pak.hr\/taking-the-final-exam\/","og_locale":"en_US","og_type":"article","og_title":"Taking the final exam - Pravosudna akademija","og_description":"Pravosudna akademija - Program cjelo\u017eivotnog stru\u010dnog usavr\u0161avanja je provedba inicijalnih programa za vje\u017ebenike u pravosudnim tijelima te za kandidate za suce i zamjenike dr\u017eavnih odvjetnika","og_url":"https:\/\/www.pak.hr\/taking-the-final-exam\/","og_site_name":"Pravosudna akademija","article_modified_time":"2022-06-09T06:00:28+00:00","twitter_card":"summary_large_image","twitter_misc":{"Est. reading time":"2 minutes"},"schema":{"@context":"https:\/\/schema.org","@graph":[{"@type":"WebPage","@id":"https:\/\/www.pak.hr\/taking-the-final-exam\/","url":"https:\/\/www.pak.hr\/taking-the-final-exam\/","name":"Taking the final exam - Pravosudna akademija","isPartOf":{"@id":"https:\/\/www.pak.hr\/#website"},"datePublished":"2021-12-21T13:58:27+00:00","dateModified":"2022-06-09T06:00:28+00:00","description":"Pravosudna akademija - Program cjelo\u017eivotnog stru\u010dnog usavr\u0161avanja je provedba inicijalnih programa za vje\u017ebenike u pravosudnim tijelima te za kandidate za suce i zamjenike dr\u017eavnih odvjetnika","breadcrumb":{"@id":"https:\/\/www.pak.hr\/taking-the-final-exam\/#breadcrumb"},"inLanguage":"en-US","potentialAction":[{"@type":"ReadAction","target":["https:\/\/www.pak.hr\/taking-the-final-exam\/"]}]},{"@type":"BreadcrumbList","@id":"https:\/\/www.pak.hr\/taking-the-final-exam\/#breadcrumb","itemListElement":[{"@type":"ListItem","position":1,"name":"Po\u010detna stranica","item":"https:\/\/www.pak.hr\/"},{"@type":"ListItem","position":2,"name":"Taking the final exam"}]},{"@type":"WebSite","@id":"https:\/\/www.pak.hr\/#website","url":"https:\/\/www.pak.hr\/","name":"Pravosudna akademija","description":"Pravosudna akademija","publisher":{"@id":"https:\/\/www.pak.hr\/#organization"},"potentialAction":[{"@type":"SearchAction","target":{"@type":"EntryPoint","urlTemplate":"https:\/\/www.pak.hr\/?s={search_term_string}"},"query-input":{"@type":"PropertyValueSpecification","valueRequired":true,"valueName":"search_term_string"}}],"inLanguage":"en-US"},{"@type":"Organization","@id":"https:\/\/www.pak.hr\/#organization","name":"Pravosudna akademija","url":"https:\/\/www.pak.hr\/","logo":{"@type":"ImageObject","inLanguage":"en-US","@id":"https:\/\/www.pak.hr\/#\/schema\/logo\/image\/","url":"https:\/\/www.pak.hr\/wp-content\/uploads\/2022\/03\/paklogo.png","contentUrl":"https:\/\/www.pak.hr\/wp-content\/uploads\/2022\/03\/paklogo.png","width":202,"height":89,"caption":"Pravosudna akademija"},"image":{"@id":"https:\/\/www.pak.hr\/#\/schema\/logo\/image\/"}}]}},"_links":{"self":[{"href":"https:\/\/www.pak.hr\/en\/wp-json\/wp\/v2\/pages\/1697","targetHints":{"allow":["GET"]}}],"collection":[{"href":"https:\/\/www.pak.hr\/en\/wp-json\/wp\/v2\/pages"}],"about":[{"href":"https:\/\/www.pak.hr\/en\/wp-json\/wp\/v2\/types\/page"}],"author":[{"embeddable":true,"href":"https:\/\/www.pak.hr\/en\/wp-json\/wp\/v2\/users\/1"}],"replies":[{"embeddable":true,"href":"https:\/\/www.pak.hr\/en\/wp-json\/wp\/v2\/comments?post=1697"}],"version-history":[{"count":2,"href":"https:\/\/www.pak.hr\/en\/wp-json\/wp\/v2\/pages\/1697\/revisions"}],"predecessor-version":[{"id":2057,"href":"https:\/\/www.pak.hr\/en\/wp-json\/wp\/v2\/pages\/1697\/revisions\/2057"}],"wp:attachment":[{"href":"https:\/\/www.pak.hr\/en\/wp-json\/wp\/v2\/media?parent=1697"}],"curies":[{"name":"wp","href":"https:\/\/api.w.org\/{rel}","templated":true}]}}