{"id":1699,"date":"2021-12-22T14:03:23","date_gmt":"2021-12-22T13:03:23","guid":{"rendered":"https:\/\/www.pak.hr\/?page_id=1699"},"modified":"2022-06-09T07:41:34","modified_gmt":"2022-06-09T05:41:34","slug":"excercise-of-rights-to-information-access","status":"publish","type":"page","link":"https:\/\/www.pak.hr\/en\/excercise-of-rights-to-information-access\/","title":{"rendered":"Excercise of rights to information access"},"content":{"rendered":"<h4>Ostvarivanje prava na pristup informacijama<\/h4>\n<p><a href=\"https:\/\/www.pak.hr\/cke\/ostalo 5\/Obrazac zahtjeva za pristup informacijama.docx\" target=\"_blank\" rel=\"noopener\">Obrazac zahtjeva za pristup informacijama<\/a><\/p>\n<p><a href=\"https:\/\/www.pak.hr\/cke\/ostalo 5\/Obrazac zahtjeva za dopunu ili ispravak informacije.docx\" target=\"_blank\" rel=\"noopener\">Obrazac zahtjeva za dopunu ili ispravak informacije<\/a><\/p>\n<p><a href=\"https:\/\/www.pak.hr\/cke\/ostalo 5\/Obrazac zahtjeva za ponovnu uporabu informacija.docx\" target=\"_blank\" rel=\"noopener\">Obrazac zahtjeva za ponovnu uporabu informacija<\/a><\/p>\n<p><a href=\"https:\/\/www.pak.hr\/cke\/ostalo 5\/Pravilnik NN 83_14.docx\" target=\"_blank\" rel=\"noopener\">Pravilnik o ustroju, sadr\u017eaju i na\u010dinu vo\u0111enja slu\u017ebenog upisnika o ostvarivanju prava na pristup informacijama i ponovnu uporabu informacija, NN 83\/14\u00a0<\/a><\/p>\n<p><a href=\"https:\/\/www.pak.hr\/cke\/propisi, zakoni\/Zakon o pravu na pristup informacijama v2.zip\" target=\"_blank\" rel=\"noopener\">Zakon o pravu na pristup informacijama, NN 25\/13 i 85\/15<\/a><\/p>\n<p><a href=\"https:\/\/www.pak.hr\/cke\/pdf hr\/Odluka, slu\u017ebenik za informiranje, \u010curkovi\u0107.pdf\" target=\"_blank\" rel=\"noopener\">Odluka o imenovanju slu\u017ebenika za informiranje<\/a><\/p>\n<p>Slu\u017ebenik za informiranje: Dijana \u0106urkovi\u0107, dipl. iur.<\/p>\n<p>Zamjenik slu\u017ebenika za informiranje: Lea Pehnec, mag. iur.<\/p>\n<p>Zahtjev za ostvarivanje prava na pristup informacijama i ponovnu uporabu informacija mo\u017eete podnijeti slu\u017ebeniku za informiranje Pravosudne akademije:<\/p>\n<ul>\n<li>pisanim putem na adresu:\u00a0 Pravosudna akademija, Ulica grada Vukovara 49, 10000 Zagreb<\/li>\n<li>putem elektroni\u010dke po\u0161te: <a href=\"mailto:pravosudna.akademija@pravosudje.hr\">pravosudna.akademija@pravosudje.hr<\/a><\/li>\n<li>telefaksom na broj: 01\/371-4549<\/li>\n<li>telefonom na broj:\u00a0\u00a0 01\/371-4753<\/li>\n<\/ul>\n<p>Pravosudna akademija ima pravo na naknadu stvarnih materijalnih tro\u0161kova koji nastanu pru\u017eanjem informacije korisniku prava na pristup informacijama i ponovnu uporabu informacija, kao i naknadu tro\u0161kova dostave tra\u017eene informacije.<\/p>\n<p>Ista se napla\u0107uje sukladno <a href=\"https:\/\/www.pak.hr\/cke\/ostalo 5\/Kriteriji.rar\" target=\"_blank\" rel=\"noopener\">Kriterijima za odre\u0111ivanje visine naknade stvarnih materijalnih tro\u0161kova i tro\u0161kova dostave informacije (\u201eNarodne novine\u201c, broj 12\/2014, 15\/2014.)<\/a><\/p>\n<p><a href=\"https:\/\/www.pak.hr\/cke\/ostalo 6\/Godisnje_izvjesce 2016.pdf\" target=\"_blank\" rel=\"noopener\">Godi\u0161nje izvje\u0161\u0107e o provedbi Zakona o pravu na pristup informacijama za 2016. godinu (.pdf)<\/a><br \/>\n<a href=\"https:\/\/www.pak.hr\/cke\/ostalo 6\/Godisnje_izvjesce 2016.csv\" target=\"_blank\" rel=\"noopener\">Godi\u0161nje izvje\u0161\u0107e o provedbi Zakona o pravu na pristup informacijama za 2016. godinu (.csv)<\/a><\/p>\n<p><a href=\"https:\/\/www.pak.hr\/cke\/ostalo 7\/Godisnje_izvjesce.pdf\" target=\"_blank\" rel=\"noopener\">Godi\u0161nje izvje\u0161\u0107e o provedbi Zakona o pravu na pristup informacijama za 2017. godinu (.pdf)<\/a><br \/>\n<a href=\"https:\/\/www.pak.hr\/cke\/ostalo 7\/Godisnje_izvjesce.csv\" target=\"_blank\" rel=\"noopener\">Godi\u0161nje izvje\u0161\u0107e o provedbi Zakona o pravu na pristup informacijama za 2017. godinu (.csv)<\/a><\/p>\n<p><a href=\"https:\/\/www.pak.hr\/cke\/ostalo 8\/Godi\u0161nje izvje\u0161\u0107e o provedbi Zakona o pravu na pristup informacijama za 2018. godinu.pdf\" target=\"_blank\" rel=\"noopener\">Godi\u0161nje izvje\u0161\u0107e o provedbi Zakona o pravu na pristup informacijama za 2018. godinu (.pdf)<\/a><br \/>\n<a href=\"https:\/\/www.pak.hr\/cke\/ostalo 8\/Godi\u0161nje izvje\u0161\u0107e o provedbi Zakona o pravu na pristup informacijama za 2018. godinu.csv\" target=\"_blank\" rel=\"noopener\">Godi\u0161nje izvje\u0161\u0107e o provedbi Zakona o pravu na pristup informacijama za 2018. godinu (.csv)<\/a><\/p>\n<p><a href=\"https:\/\/www.pak.hr\/cke\/ostalo 9\/Godisnje_izvjesce 2019.pdf\" target=\"_blank\" rel=\"noopener\">Godi\u0161nje izvje\u0161\u0107e o provedbi Zakona o pravu na pristup informacijama za 2019. godinu (.pdf)<\/a><br \/>\n<a href=\"https:\/\/www.pak.hr\/cke\/ostalo 9\/godisnje izvjesce 2019.csv\" target=\"_blank\" rel=\"noopener\">Godi\u0161nje izvje\u0161\u0107e o provedbi Zakona o pravu na pristup informacijama za 2019. godinu (.csv)<\/a><\/p>\n<p><a href=\"https:\/\/www.pak.hr\/cke\/ostalo 11\/Godi\u0161nje izvje\u0161\u0107e o provedbi Zakona o pravu na pristup informacijama za 2020. godinu.pdf\">Godi\u0161nje izvje\u0161\u0107e o provedbi Zakona o pravu na pristup informacijama za 2020. godinu (.pdf)<\/a><br \/>\n<a href=\"https:\/\/www.pak.hr\/cke\/ostalo 11\/Godi\u0161nje izvje\u0161\u0107e o provedbi Zakona o pravu na pristup informacijama za 2020. godinu.csv\">Godi\u0161nje izvje\u0161\u0107e o provedbi Zakona o pravu na pristup informacijama za 2020. godinu (.csv)<\/a><\/p>\n<p><a href=\"https:\/\/www.pak.hr\/wp-content\/uploads\/2022\/02\/Godisnje-izvjesce-o-provedbi-Zakona-o-pravu-na-pristup-informacijama-za-2021.-godinu.pdf\">Godi\u0161nje izvje\u0161\u0107e o provedbi Zakona o pravu na pristup informacijama za 2021. godinu (.pdf)<\/a><br \/>\n<a href=\"https:\/\/www.pak.hr\/wp-content\/uploads\/2022\/02\/Godisnje-izvjesce-o-provedbi-Zakona-o-pravu-na-pristup-informacijama-za-2021.-godinu.csv\">Godi\u0161nje izvje\u0161\u0107e o provedbi Zakona o pravu na pristup informacijama za 2021. godinu (.csv)<\/a><\/p>\n","protected":false},"excerpt":{"rendered":"<p>Ostvarivanje prava na pristup informacijama Obrazac zahtjeva za pristup informacijama Obrazac zahtjeva za dopunu ili ispravak informacije Obrazac zahtjeva za ponovnu uporabu informacija Pravilnik o ustroju, sadr\u017eaju i na\u010dinu vo\u0111enja&#8230;<\/p>\n","protected":false},"author":1,"featured_media":-1,"parent":0,"menu_order":0,"comment_status":"closed","ping_status":"closed","template":"","meta":{"footnotes":""},"class_list":["post-1699","page","type-page","status-publish","has-post-thumbnail","hentry"],"yoast_head":"<!-- This site is optimized with the Yoast SEO plugin v27.4 - https:\/\/yoast.com\/product\/yoast-seo-wordpress\/ -->\n<title>Excercise of rights to information access - Pravosudna akademija<\/title>\n<meta name=\"description\" content=\"Pravosudna akademija - Program cjelo\u017eivotnog stru\u010dnog usavr\u0161avanja je provedba inicijalnih programa za vje\u017ebenike u pravosudnim tijelima te za kandidate za suce i zamjenike dr\u017eavnih odvjetnika\" \/>\n<meta name=\"robots\" content=\"index, follow, max-snippet:-1, max-image-preview:large, max-video-preview:-1\" \/>\n<link rel=\"canonical\" href=\"https:\/\/www.pak.hr\/excercise-of-rights-to-information-access\/\" \/>\n<meta property=\"og:locale\" content=\"en_US\" \/>\n<meta property=\"og:type\" content=\"article\" \/>\n<meta property=\"og:title\" content=\"Excercise of rights to information access - Pravosudna akademija\" \/>\n<meta property=\"og:description\" content=\"Pravosudna akademija - Program cjelo\u017eivotnog stru\u010dnog usavr\u0161avanja je provedba inicijalnih programa za vje\u017ebenike u pravosudnim tijelima te za kandidate za suce i zamjenike dr\u017eavnih odvjetnika\" \/>\n<meta property=\"og:url\" content=\"https:\/\/www.pak.hr\/excercise-of-rights-to-information-access\/\" \/>\n<meta property=\"og:site_name\" content=\"Pravosudna akademija\" \/>\n<meta property=\"article:modified_time\" content=\"2022-06-09T05:41:34+00:00\" \/>\n<meta name=\"twitter:card\" content=\"summary_large_image\" \/>\n<meta name=\"twitter:label1\" content=\"Est. reading time\" \/>\n\t<meta name=\"twitter:data1\" content=\"2 minutes\" \/>\n<script type=\"application\/ld+json\" class=\"yoast-schema-graph\">{\"@context\":\"https:\\\/\\\/schema.org\",\"@graph\":[{\"@type\":\"WebPage\",\"@id\":\"https:\\\/\\\/www.pak.hr\\\/excercise-of-rights-to-information-access\\\/\",\"url\":\"https:\\\/\\\/www.pak.hr\\\/excercise-of-rights-to-information-access\\\/\",\"name\":\"Excercise of rights to information access - Pravosudna akademija\",\"isPartOf\":{\"@id\":\"https:\\\/\\\/www.pak.hr\\\/#website\"},\"datePublished\":\"2021-12-22T13:03:23+00:00\",\"dateModified\":\"2022-06-09T05:41:34+00:00\",\"description\":\"Pravosudna akademija - Program cjelo\u017eivotnog stru\u010dnog usavr\u0161avanja je provedba inicijalnih programa za vje\u017ebenike u pravosudnim tijelima te za kandidate za suce i zamjenike dr\u017eavnih odvjetnika\",\"breadcrumb\":{\"@id\":\"https:\\\/\\\/www.pak.hr\\\/excercise-of-rights-to-information-access\\\/#breadcrumb\"},\"inLanguage\":\"en-US\",\"potentialAction\":[{\"@type\":\"ReadAction\",\"target\":[\"https:\\\/\\\/www.pak.hr\\\/excercise-of-rights-to-information-access\\\/\"]}]},{\"@type\":\"BreadcrumbList\",\"@id\":\"https:\\\/\\\/www.pak.hr\\\/excercise-of-rights-to-information-access\\\/#breadcrumb\",\"itemListElement\":[{\"@type\":\"ListItem\",\"position\":1,\"name\":\"Po\u010detna stranica\",\"item\":\"https:\\\/\\\/www.pak.hr\\\/\"},{\"@type\":\"ListItem\",\"position\":2,\"name\":\"Excercise of rights to information access\"}]},{\"@type\":\"WebSite\",\"@id\":\"https:\\\/\\\/www.pak.hr\\\/#website\",\"url\":\"https:\\\/\\\/www.pak.hr\\\/\",\"name\":\"Pravosudna akademija\",\"description\":\"Pravosudna akademija\",\"publisher\":{\"@id\":\"https:\\\/\\\/www.pak.hr\\\/#organization\"},\"potentialAction\":[{\"@type\":\"SearchAction\",\"target\":{\"@type\":\"EntryPoint\",\"urlTemplate\":\"https:\\\/\\\/www.pak.hr\\\/?s={search_term_string}\"},\"query-input\":{\"@type\":\"PropertyValueSpecification\",\"valueRequired\":true,\"valueName\":\"search_term_string\"}}],\"inLanguage\":\"en-US\"},{\"@type\":\"Organization\",\"@id\":\"https:\\\/\\\/www.pak.hr\\\/#organization\",\"name\":\"Pravosudna akademija\",\"url\":\"https:\\\/\\\/www.pak.hr\\\/\",\"logo\":{\"@type\":\"ImageObject\",\"inLanguage\":\"en-US\",\"@id\":\"https:\\\/\\\/www.pak.hr\\\/#\\\/schema\\\/logo\\\/image\\\/\",\"url\":\"https:\\\/\\\/www.pak.hr\\\/wp-content\\\/uploads\\\/2022\\\/03\\\/paklogo.png\",\"contentUrl\":\"https:\\\/\\\/www.pak.hr\\\/wp-content\\\/uploads\\\/2022\\\/03\\\/paklogo.png\",\"width\":202,\"height\":89,\"caption\":\"Pravosudna akademija\"},\"image\":{\"@id\":\"https:\\\/\\\/www.pak.hr\\\/#\\\/schema\\\/logo\\\/image\\\/\"}}]}<\/script>\n<!-- \/ Yoast SEO plugin. -->","yoast_head_json":{"title":"Excercise of rights to information access - Pravosudna akademija","description":"Pravosudna akademija - Program cjelo\u017eivotnog stru\u010dnog usavr\u0161avanja je provedba inicijalnih programa za vje\u017ebenike u pravosudnim tijelima te za kandidate za suce i zamjenike dr\u017eavnih odvjetnika","robots":{"index":"index","follow":"follow","max-snippet":"max-snippet:-1","max-image-preview":"max-image-preview:large","max-video-preview":"max-video-preview:-1"},"canonical":"https:\/\/www.pak.hr\/excercise-of-rights-to-information-access\/","og_locale":"en_US","og_type":"article","og_title":"Excercise of rights to information access - Pravosudna akademija","og_description":"Pravosudna akademija - Program cjelo\u017eivotnog stru\u010dnog usavr\u0161avanja je provedba inicijalnih programa za vje\u017ebenike u pravosudnim tijelima te za kandidate za suce i zamjenike dr\u017eavnih odvjetnika","og_url":"https:\/\/www.pak.hr\/excercise-of-rights-to-information-access\/","og_site_name":"Pravosudna akademija","article_modified_time":"2022-06-09T05:41:34+00:00","twitter_card":"summary_large_image","twitter_misc":{"Est. reading time":"2 minutes"},"schema":{"@context":"https:\/\/schema.org","@graph":[{"@type":"WebPage","@id":"https:\/\/www.pak.hr\/excercise-of-rights-to-information-access\/","url":"https:\/\/www.pak.hr\/excercise-of-rights-to-information-access\/","name":"Excercise of rights to information access - Pravosudna akademija","isPartOf":{"@id":"https:\/\/www.pak.hr\/#website"},"datePublished":"2021-12-22T13:03:23+00:00","dateModified":"2022-06-09T05:41:34+00:00","description":"Pravosudna akademija - Program cjelo\u017eivotnog stru\u010dnog usavr\u0161avanja je provedba inicijalnih programa za vje\u017ebenike u pravosudnim tijelima te za kandidate za suce i zamjenike dr\u017eavnih odvjetnika","breadcrumb":{"@id":"https:\/\/www.pak.hr\/excercise-of-rights-to-information-access\/#breadcrumb"},"inLanguage":"en-US","potentialAction":[{"@type":"ReadAction","target":["https:\/\/www.pak.hr\/excercise-of-rights-to-information-access\/"]}]},{"@type":"BreadcrumbList","@id":"https:\/\/www.pak.hr\/excercise-of-rights-to-information-access\/#breadcrumb","itemListElement":[{"@type":"ListItem","position":1,"name":"Po\u010detna stranica","item":"https:\/\/www.pak.hr\/"},{"@type":"ListItem","position":2,"name":"Excercise of rights to information access"}]},{"@type":"WebSite","@id":"https:\/\/www.pak.hr\/#website","url":"https:\/\/www.pak.hr\/","name":"Pravosudna akademija","description":"Pravosudna akademija","publisher":{"@id":"https:\/\/www.pak.hr\/#organization"},"potentialAction":[{"@type":"SearchAction","target":{"@type":"EntryPoint","urlTemplate":"https:\/\/www.pak.hr\/?s={search_term_string}"},"query-input":{"@type":"PropertyValueSpecification","valueRequired":true,"valueName":"search_term_string"}}],"inLanguage":"en-US"},{"@type":"Organization","@id":"https:\/\/www.pak.hr\/#organization","name":"Pravosudna akademija","url":"https:\/\/www.pak.hr\/","logo":{"@type":"ImageObject","inLanguage":"en-US","@id":"https:\/\/www.pak.hr\/#\/schema\/logo\/image\/","url":"https:\/\/www.pak.hr\/wp-content\/uploads\/2022\/03\/paklogo.png","contentUrl":"https:\/\/www.pak.hr\/wp-content\/uploads\/2022\/03\/paklogo.png","width":202,"height":89,"caption":"Pravosudna akademija"},"image":{"@id":"https:\/\/www.pak.hr\/#\/schema\/logo\/image\/"}}]}},"_links":{"self":[{"href":"https:\/\/www.pak.hr\/en\/wp-json\/wp\/v2\/pages\/1699","targetHints":{"allow":["GET"]}}],"collection":[{"href":"https:\/\/www.pak.hr\/en\/wp-json\/wp\/v2\/pages"}],"about":[{"href":"https:\/\/www.pak.hr\/en\/wp-json\/wp\/v2\/types\/page"}],"author":[{"embeddable":true,"href":"https:\/\/www.pak.hr\/en\/wp-json\/wp\/v2\/users\/1"}],"replies":[{"embeddable":true,"href":"https:\/\/www.pak.hr\/en\/wp-json\/wp\/v2\/comments?post=1699"}],"version-history":[{"count":3,"href":"https:\/\/www.pak.hr\/en\/wp-json\/wp\/v2\/pages\/1699\/revisions"}],"predecessor-version":[{"id":2069,"href":"https:\/\/www.pak.hr\/en\/wp-json\/wp\/v2\/pages\/1699\/revisions\/2069"}],"wp:featuredmedia":[{"embeddable":true,"href":"https:\/\/www.pak.hr\/en\/wp-json\/"}],"wp:attachment":[{"href":"https:\/\/www.pak.hr\/en\/wp-json\/wp\/v2\/media?parent=1699"}],"curies":[{"name":"wp","href":"https:\/\/api.w.org\/{rel}","templated":true}]}}