{"id":1701,"date":"2021-12-14T14:32:56","date_gmt":"2021-12-14T13:32:56","guid":{"rendered":"https:\/\/www.pak.hr\/?page_id=1701"},"modified":"2026-01-11T18:23:05","modified_gmt":"2026-01-11T17:23:05","slug":"organizational-structure","status":"publish","type":"page","link":"https:\/\/www.pak.hr\/en\/organizational-structure\/","title":{"rendered":"Organizational structure"},"content":{"rendered":"<section class=\"l-section wpb_row height_small\"><div class=\"l-section-h i-cf\"><div class=\"g-cols vc_row via_grid cols_3-1 laptops-cols_inherit tablets-cols_1 mobiles-cols_1 valign_top type_default stacking_default\" style=\"--columns-gap:1rem;\"><div class=\"wpb_column vc_column_container\"><div class=\"vc_column-inner\"><div class=\"wpb_text_column us_custom_df0b6e0a has_text_color\"><div class=\"wpb_wrapper\"><p>Organizational structure<\/p>\n<\/div><\/div><div class=\"w-iconbox us_custom_98917ef3 has_text_color iconpos_left style_default color_custom align_left no_text\"><a target=\"_blank\" rel=\"nofollow\" href=\"https:\/\/pak.hr\/cke\/ostalo 12\/PA-organizacijska struktura.pdf\" class=\"w-iconbox-link\" aria-label=\"Organizational structure\"><div class=\"w-iconbox-icon\" style=\"font-size:2rem;--icon-color:#141A51;\"><i class=\"fas fa-file-pdf\"><\/i><\/div><\/a><div class=\"w-iconbox-meta\"><p class=\"w-iconbox-title\"><a target=\"_blank\" rel=\"nofollow\" href=\"https:\/\/pak.hr\/cke\/ostalo 12\/PA-organizacijska struktura.pdf\" class=\"w-iconbox-link\" aria-label=\"Organizational structure\">Organizational structure<\/a><\/p><\/div><\/div><div class=\"w-iconbox us_custom_fa6b9ca1 has_text_color iconpos_left style_default color_light align_left no_text\"><div class=\"w-iconbox-icon\" style=\"font-size:1.5rem;\"><i class=\"fas fa-users\"><\/i><\/div><div class=\"w-iconbox-meta\"><p class=\"w-iconbox-title\">Upravno vije\u0107e<\/p><\/div><\/div><div class=\"g-cols wpb_row via_grid cols_1 laptops-cols_inherit tablets-cols_inherit mobiles-cols_1 valign_top type_default stacking_default\" style=\"--columns-gap:3rem;\"><div class=\"wpb_column vc_column_container us_custom_d9c13d80 has_bg_color\"><div class=\"vc_column-inner\"><div class=\"wpb_text_column\"><div class=\"wpb_wrapper\"><p>Akademijom upravlja Upravno vije\u0107e, a \u010dini ga 7 \u010dlanova od kojih je pet stalnih, a dva ih je imenovano na vrijeme od \u010detiri godine.<\/p>\n<p>Stalni \u010dlanovi Upravnog vije\u0107a su:<\/p>\n<\/div><\/div><div class=\"w-iconbox us_custom_4c06d7e7 inline-text has_text_color iconpos_left style_circle color_custom align_left no_title\"><div class=\"w-iconbox-icon\" style=\"font-size:1rem;--icon-color:#141A51;--icon-bg-color:var(--color-header-middle-bg);\"><i class=\"fas fa-user\"><\/i><\/div><div class=\"w-iconbox-meta\"><div class=\"w-iconbox-text\"><p><strong>Gordana Jal\u0161ove\u010dki<\/strong>, sutkinja ovla\u0161tena za obavljanje poslova sudske uprave na Vrhovnom sudu Republike Hrvatske<\/p>\n<\/div><\/div><\/div><div class=\"w-iconbox us_custom_4c06d7e7 inline-text has_text_color iconpos_left style_circle color_custom align_left no_title\"><div class=\"w-iconbox-icon\" style=\"font-size:1rem;--icon-color:#141A51;--icon-bg-color:var(--color-header-middle-bg);\"><i class=\"fas fa-user\"><\/i><\/div><div class=\"w-iconbox-meta\"><div class=\"w-iconbox-text\"><p><strong>Damir Habijan,<\/strong> ministar pravosu\u0111a, uprave i digitalne transformacije,<\/p>\n<\/div><\/div><\/div><div class=\"w-iconbox us_custom_4c06d7e7 inline-text has_text_color iconpos_left style_circle color_custom align_left no_title\"><div class=\"w-iconbox-icon\" style=\"font-size:1rem;--icon-color:#141A51;--icon-bg-color:var(--color-header-middle-bg);\"><i class=\"fas fa-user\"><\/i><\/div><div class=\"w-iconbox-meta\"><div class=\"w-iconbox-text\"><p><strong>Ivan Turudi\u0107,<\/strong> Glavni dr\u017eavni odvjetnik Republike Hrvatske,<\/p>\n<\/div><\/div><\/div><div class=\"w-iconbox us_custom_4c06d7e7 inline-text has_text_color iconpos_left style_circle color_custom align_left no_title\"><div class=\"w-iconbox-icon\" style=\"font-size:1rem;--icon-color:#141A51;--icon-bg-color:var(--color-header-middle-bg);\"><i class=\"fas fa-user\"><\/i><\/div><div class=\"w-iconbox-meta\"><div class=\"w-iconbox-text\"><p><strong>Darko Milkovi\u0107,<\/strong> predsjednik Dr\u017eavnog sudbenog vije\u0107a,<\/p>\n<\/div><\/div><\/div><div class=\"w-iconbox us_custom_4c06d7e7 inline-text has_text_color iconpos_left style_circle color_custom align_left no_title\"><div class=\"w-iconbox-icon\" style=\"font-size:1rem;--icon-color:#141A51;--icon-bg-color:var(--color-header-middle-bg);\"><i class=\"fas fa-user\"><\/i><\/div><div class=\"w-iconbox-meta\"><div class=\"w-iconbox-text\"><p><strong>\u017deljka Moste\u010dak,<\/strong> predsjednica Dr\u017eavnoodvjetni\u010dkog vije\u0107a.<\/p>\n<\/div><\/div><\/div><div class=\"wpb_text_column us_custom_703b2333\"><div class=\"wpb_wrapper\"><p>Dva \u010dlana Upravnog vije\u0107a koji se imenuju na vrijeme od \u010detiri godine su:<\/p>\n<\/div><\/div><div class=\"w-iconbox us_custom_4c06d7e7 inline-text has_text_color iconpos_left style_circle color_custom align_left no_title\"><div class=\"w-iconbox-icon\" style=\"font-size:1rem;--icon-color:#141A51;--icon-bg-color:var(--color-header-middle-bg);\"><i class=\"fas fa-user\"><\/i><\/div><div class=\"w-iconbox-meta\"><div class=\"w-iconbox-text\"><p><strong>prof. dr. sc. Iris Goldner Lang,<\/strong> Pravni fakultet Sveu\u010dili\u0161ta u Zagrebu, predstavnica sveu\u010dili\u0161nih nastavnika pravnih znanosti,<\/p>\n<\/div><\/div><\/div><div class=\"w-iconbox us_custom_4c06d7e7 inline-text has_text_color iconpos_left style_circle color_custom align_left no_title\"><div class=\"w-iconbox-icon\" style=\"font-size:1rem;--icon-color:#141A51;--icon-bg-color:var(--color-header-middle-bg);\"><i class=\"fas fa-user\"><\/i><\/div><div class=\"w-iconbox-meta\"><div class=\"w-iconbox-text\"><p><strong>Ru\u017eica Me\u0161trovi\u0107,<\/strong> predstavnica zaposlenika Pravosudne akademije.<\/p>\n<\/div><\/div><\/div><div class=\"wpb_text_column us_custom_703b2333\"><div class=\"wpb_wrapper\"><p>\u010clana Upravnog vije\u0107a iz redova sveu\u010dili\u0161nih nastavnika pravnih znanosti imenuju i razrje\u0161avaju dekani pravnih fakulteta. \u010clana Upravnog vije\u0107a iz reda zaposlenika Pravosudne akademije imenuje i opoziva radni\u010dko vije\u0107e.<\/p>\n<p>Predsjednik Upravnog vije\u0107a je predsjednik Vrhovnog suda Republike Hrvatske, a njegov zamjenik Glavni dr\u017eavni odvjetnik Republike Hrvatske.<\/p>\n<p>Nadle\u017enost Upravnog vije\u0107a Pravosudne akademije propisana je Zakonom o Pravosudnoj akademiji.<\/p>\n<\/div><\/div><\/div><\/div><\/div><div class=\"w-iconbox us_custom_fa6b9ca1 has_text_color iconpos_right style_default color_light align_left no_text\"><div class=\"w-iconbox-meta\"><p class=\"w-iconbox-title\">Ravnatelj Pravosudne akademije<\/p><\/div><div class=\"w-iconbox-icon\" style=\"font-size:1.5rem;\"><\/div><\/div><div class=\"g-cols wpb_row via_grid cols_1 laptops-cols_inherit tablets-cols_inherit mobiles-cols_1 valign_top type_default stacking_default\" style=\"--columns-gap:3rem;\"><div class=\"wpb_column vc_column_container us_custom_d9c13d80 has_bg_color\"><div class=\"vc_column-inner\"><div class=\"w-iconbox us_custom_4c06d7e7 inline-text has_text_color iconpos_left style_circle color_custom align_left no_title\"><div class=\"w-iconbox-icon\" style=\"font-size:1rem;--icon-color:#141A51;--icon-bg-color:var(--color-header-middle-bg);\"><i class=\"fas fa-user\"><\/i><\/div><div class=\"w-iconbox-meta\"><div class=\"w-iconbox-text\"><p><strong>Kristina Bekavac,<\/strong> ravnateljica Pravosudne akademije<\/p>\n<\/div><\/div><\/div><div class=\"wpb_text_column us_custom_703b2333\"><div class=\"wpb_wrapper\"><p>Ravnatelj rukovodi Akademijom, predstavlja i zastupa Akademiju, izvr\u0161ava odluke Upravnog vije\u0107a te obavlja druge poslove koji su neophodni za rad Akademije, u skladu sa zakonom, op\u0107im aktima Akademije, uputama i odlukama Upravnog vije\u0107a.<\/p>\n<p>Ravnatelja imenuje Upravno vije\u0107e Akademije na temelju javnog natje\u010daja koji se objavljuje u \u201eNarodnim novinama\u201c i dnevnom tisku, na vrijeme od \u010detiri godine.<\/p>\n<\/div><\/div><\/div><\/div><\/div><div class=\"w-iconbox us_custom_fa6b9ca1 has_text_color iconpos_right style_default color_light align_left no_text\"><div class=\"w-iconbox-meta\"><p class=\"w-iconbox-title\">Programsko vije\u0107e<\/p><\/div><div class=\"w-iconbox-icon\" style=\"font-size:1.5rem;\"><\/div><\/div><div class=\"g-cols wpb_row via_grid cols_1 laptops-cols_inherit tablets-cols_inherit mobiles-cols_1 valign_top type_default stacking_default\" style=\"--columns-gap:3rem;\"><div class=\"wpb_column vc_column_container us_custom_d9c13d80 has_bg_color\"><div class=\"vc_column-inner\"><div class=\"wpb_text_column\"><div class=\"wpb_wrapper\"><p>Programsko vije\u0107e stru\u010dno je tijelo Akademije, a \u010dini ga 13 \u010dlanova imenovanih na vrijeme od \u010detiri godine u sastavu:<\/p>\n<\/div><\/div><div class=\"w-iconbox us_custom_4c06d7e7 inline-text has_text_color iconpos_left style_circle color_custom align_left no_title\"><div class=\"w-iconbox-icon\" style=\"font-size:1rem;--icon-color:#141A51;--icon-bg-color:var(--color-header-middle-bg);\"><i class=\"fas fa-user\"><\/i><\/div><div class=\"w-iconbox-meta\"><div class=\"w-iconbox-text\"><p><strong>Kristina Bekavac,<\/strong> ravnateljica Pravosudne akademije,<\/p>\n<\/div><\/div><\/div><div class=\"w-iconbox us_custom_4c06d7e7 inline-text has_text_color iconpos_left style_circle color_custom align_left no_title\"><div class=\"w-iconbox-icon\" style=\"font-size:1rem;--icon-color:#141A51;--icon-bg-color:var(--color-header-middle-bg);\"><i class=\"fas fa-user\"><\/i><\/div><div class=\"w-iconbox-meta\"><div class=\"w-iconbox-text\"><p><strong>Damir Kontrec,<\/strong> sudac Vrhovnog suda Republike Hrvatske,<\/p>\n<\/div><\/div><\/div><div class=\"w-iconbox us_custom_4c06d7e7 inline-text has_text_color iconpos_left style_circle color_custom align_left no_title\"><div class=\"w-iconbox-icon\" style=\"font-size:1rem;--icon-color:#141A51;--icon-bg-color:var(--color-header-middle-bg);\"><i class=\"fas fa-user\"><\/i><\/div><div class=\"w-iconbox-meta\"><div class=\"w-iconbox-text\"><p><strong>Ratko \u0160\u0107eki\u0107,<\/strong> sudac Vrhovnog suda Republike Hrvatske,<\/p>\n<\/div><\/div><\/div><div class=\"w-iconbox us_custom_4c06d7e7 inline-text has_text_color iconpos_left style_circle color_custom align_left no_title\"><div class=\"w-iconbox-icon\" style=\"font-size:1rem;--icon-color:#141A51;--icon-bg-color:var(--color-header-middle-bg);\"><i class=\"fas fa-user\"><\/i><\/div><div class=\"w-iconbox-meta\"><div class=\"w-iconbox-text\"><p><strong>Maja Biland\u017ei\u0107<\/strong>, sutkinja Visokog trgova\u010dkog suda Republike Hrvatske,<\/p>\n<\/div><\/div><\/div><div class=\"w-iconbox us_custom_4c06d7e7 inline-text has_text_color iconpos_left style_circle color_custom align_left no_title\"><div class=\"w-iconbox-icon\" style=\"font-size:1rem;--icon-color:#141A51;--icon-bg-color:var(--color-header-middle-bg);\"><i class=\"fas fa-user\"><\/i><\/div><div class=\"w-iconbox-meta\"><div class=\"w-iconbox-text\"><p><strong>Gordana Korotaj,<\/strong> sutkinja Visokog prekr\u0161ajnog suda Republike Hrvatske,<\/p>\n<\/div><\/div><\/div><div class=\"w-iconbox us_custom_4c06d7e7 inline-text has_text_color iconpos_left style_circle color_custom align_left no_title\"><div class=\"w-iconbox-icon\" style=\"font-size:1rem;--icon-color:#141A51;--icon-bg-color:var(--color-header-middle-bg);\"><i class=\"fas fa-user\"><\/i><\/div><div class=\"w-iconbox-meta\"><div class=\"w-iconbox-text\"><p><strong>Sanja Oto\u010dan,<\/strong> sutkinja Visokog upravnog suda Republike Hrvatske,<\/p>\n<\/div><\/div><\/div><div class=\"w-iconbox us_custom_4c06d7e7 inline-text has_text_color iconpos_left style_circle color_custom align_left no_title\"><div class=\"w-iconbox-icon\" style=\"font-size:1rem;--icon-color:#141A51;--icon-bg-color:var(--color-header-middle-bg);\"><i class=\"fas fa-user\"><\/i><\/div><div class=\"w-iconbox-meta\"><div class=\"w-iconbox-text\"><p><strong>Tihana Pivac,<\/strong> sutkinja \u017dupanijskog suda u Splitu,<\/p>\n<\/div><\/div><\/div><div class=\"w-iconbox us_custom_4c06d7e7 inline-text has_text_color iconpos_left style_circle color_custom align_left no_title\"><div class=\"w-iconbox-icon\" style=\"font-size:1rem;--icon-color:#141A51;--icon-bg-color:var(--color-header-middle-bg);\"><i class=\"fas fa-user\"><\/i><\/div><div class=\"w-iconbox-meta\"><div class=\"w-iconbox-text\"><p><strong>Andrijana Marki\u0107 Juri\u0161i\u0107,<\/strong> sutkinja Op\u0107inskog gra\u0111anskog suda u Zagrebu,<\/p>\n<\/div><\/div><\/div><div class=\"w-iconbox us_custom_4c06d7e7 inline-text has_text_color iconpos_left style_circle color_custom align_left no_title\"><div class=\"w-iconbox-icon\" style=\"font-size:1rem;--icon-color:#141A51;--icon-bg-color:var(--color-header-middle-bg);\"><i class=\"fas fa-user\"><\/i><\/div><div class=\"w-iconbox-meta\"><div class=\"w-iconbox-text\"><p><strong>Gordana Haramina Hranilovi\u0107,<\/strong> zamjenica Glavne dr\u017eavne odvjetnice Republike Hrvatske,<\/p>\n<\/div><\/div><\/div><div class=\"w-iconbox us_custom_4c06d7e7 inline-text has_text_color iconpos_left style_circle color_custom align_left no_title\"><div class=\"w-iconbox-icon\" style=\"font-size:1rem;--icon-color:#141A51;--icon-bg-color:var(--color-header-middle-bg);\"><i class=\"fas fa-user\"><\/i><\/div><div class=\"w-iconbox-meta\"><div class=\"w-iconbox-text\"><p><strong>Tanja \u0160u\u0161ak,<\/strong> zamjenica Glavne dr\u017eavne odvjetnice Republike Hrvatske,<\/p>\n<\/div><\/div><\/div><div class=\"w-iconbox us_custom_4c06d7e7 inline-text has_text_color iconpos_left style_circle color_custom align_left no_title\"><div class=\"w-iconbox-icon\" style=\"font-size:1rem;--icon-color:#141A51;--icon-bg-color:var(--color-header-middle-bg);\"><i class=\"fas fa-user\"><\/i><\/div><div class=\"w-iconbox-meta\"><div class=\"w-iconbox-text\"><p><strong>Ljiljana Ivo\u0161evi\u0107,<\/strong> zamjenica \u017eupanijskog dr\u017eavnog odvjetnika u \u017dupanijskom dr\u017eavnom odvjetni\u0161tvu u Zagrebu,<\/p>\n<\/div><\/div><\/div><div class=\"w-iconbox us_custom_4c06d7e7 inline-text has_text_color iconpos_left style_circle color_custom align_left no_title\"><div class=\"w-iconbox-icon\" style=\"font-size:1rem;--icon-color:#141A51;--icon-bg-color:var(--color-header-middle-bg);\"><i class=\"fas fa-user\"><\/i><\/div><div class=\"w-iconbox-meta\"><div class=\"w-iconbox-text\"><p><strong>Hrvoje Bo\u017ei\u0107,<\/strong> zamjenik op\u0107inskog dr\u017eavnog odvjetnika u Op\u0107inskom dr\u017eavnom odvjetni\u0161tvu u Sisku,<\/p>\n<\/div><\/div><\/div><div class=\"w-iconbox us_custom_4c06d7e7 inline-text has_text_color iconpos_left style_circle color_custom align_left no_title\"><div class=\"w-iconbox-icon\" style=\"font-size:1rem;--icon-color:#141A51;--icon-bg-color:var(--color-header-middle-bg);\"><i class=\"fas fa-user\"><\/i><\/div><div class=\"w-iconbox-meta\"><div class=\"w-iconbox-text\"><p><strong>dr. sc. Gabrijela Mihel\u010di\u0107,<\/strong> profesorica Pravnog fakulteta Sveu\u010dili\u0161ta u Rijeci,<\/p>\n<\/div><\/div><\/div><div class=\"w-iconbox us_custom_4c06d7e7 inline-text has_text_color iconpos_left style_circle color_custom align_left no_title\"><div class=\"w-iconbox-icon\" style=\"font-size:1rem;--icon-color:#141A51;--icon-bg-color:var(--color-header-middle-bg);\"><i class=\"fas fa-user\"><\/i><\/div><div class=\"w-iconbox-meta\"><div class=\"w-iconbox-text\"><p><strong>Barica Novosel,<\/strong> zamjenica \u017eupanijskog dr\u017eavnog odvjetnika u Zagrebu, privremeno raspore\u0111ena na poslove pravosudne inspektorice u Ministarstvo pravosu\u0111a i uprave<\/p>\n<\/div><\/div><\/div><div class=\"wpb_text_column us_custom_703b2333\"><div class=\"wpb_wrapper\"><p>\u010clanove Programskog vije\u0107a iz redova sudaca predla\u017ee Op\u0107a sjednica Vrhovnog suda Republike Hrvatske, \u010dlanove Programskog vije\u0107a iz redova zamjenika dr\u017eavnih odvjetnika predla\u017ee Kolegij Dr\u017eavnog odvjetni\u0161tva Republike Hrvatske. Predstavnika sveu\u010dili\u0161nih nastavnika pravne znanosti predla\u017eu dekani pravnih fakulteta, a predstavnika Ministarstva pravosu\u0111a predla\u017ee ministar pravosu\u0111a.<\/p>\n<p>Nadle\u017enost Programskog vije\u0107a Pravosudne akademije propisana je Zakonom o Pravosudnoj akademiji.<\/p>\n<\/div><\/div><\/div><\/div><\/div><\/div><\/div><div class=\"wpb_column vc_column_container\"><div class=\"vc_column-inner\"><div class=\"wpb_widgetised_column wpb_content_element\"><div class=\"wpb_wrapper\"><\/div><\/div><\/div><\/div><\/div><\/div><\/section>\n","protected":false},"excerpt":{"rendered":"","protected":false},"author":1,"featured_media":-1,"parent":0,"menu_order":0,"comment_status":"closed","ping_status":"closed","template":"","meta":{"footnotes":""},"class_list":["post-1701","page","type-page","status-publish","has-post-thumbnail","hentry"],"yoast_head":"<!-- This site is optimized with the Yoast SEO plugin v27.4 - https:\/\/yoast.com\/product\/yoast-seo-wordpress\/ -->\n<title>Organizational structure - Pravosudna akademija<\/title>\n<meta name=\"description\" content=\"Pravosudna akademija - Program cjelo\u017eivotnog stru\u010dnog usavr\u0161avanja je provedba inicijalnih programa za vje\u017ebenike u pravosudnim tijelima te za kandidate za suce i zamjenike dr\u017eavnih odvjetnika\" \/>\n<meta name=\"robots\" content=\"index, follow, max-snippet:-1, max-image-preview:large, max-video-preview:-1\" \/>\n<link rel=\"canonical\" href=\"https:\/\/www.pak.hr\/en\/organizational-structure\/\" \/>\n<meta property=\"og:locale\" content=\"en_US\" \/>\n<meta property=\"og:type\" content=\"article\" \/>\n<meta property=\"og:title\" content=\"Organizational structure - Pravosudna akademija\" \/>\n<meta property=\"og:description\" content=\"Pravosudna akademija - Program cjelo\u017eivotnog stru\u010dnog usavr\u0161avanja je provedba inicijalnih programa za vje\u017ebenike u pravosudnim tijelima te za kandidate za suce i zamjenike dr\u017eavnih odvjetnika\" \/>\n<meta property=\"og:url\" content=\"https:\/\/www.pak.hr\/en\/organizational-structure\/\" \/>\n<meta property=\"og:site_name\" content=\"Pravosudna akademija\" \/>\n<meta property=\"article:modified_time\" content=\"2026-01-11T17:23:05+00:00\" \/>\n<meta name=\"twitter:card\" content=\"summary_large_image\" \/>\n<meta name=\"twitter:label1\" content=\"Est. reading time\" \/>\n\t<meta name=\"twitter:data1\" content=\"10 minutes\" \/>\n<script type=\"application\/ld+json\" class=\"yoast-schema-graph\">{\"@context\":\"https:\\\/\\\/schema.org\",\"@graph\":[{\"@type\":\"WebPage\",\"@id\":\"https:\\\/\\\/www.pak.hr\\\/en\\\/organizational-structure\\\/\",\"url\":\"https:\\\/\\\/www.pak.hr\\\/en\\\/organizational-structure\\\/\",\"name\":\"Organizational structure - Pravosudna akademija\",\"isPartOf\":{\"@id\":\"https:\\\/\\\/www.pak.hr\\\/#website\"},\"datePublished\":\"2021-12-14T13:32:56+00:00\",\"dateModified\":\"2026-01-11T17:23:05+00:00\",\"description\":\"Pravosudna akademija - Program cjelo\u017eivotnog stru\u010dnog usavr\u0161avanja je provedba inicijalnih programa za vje\u017ebenike u pravosudnim tijelima te za kandidate za suce i zamjenike dr\u017eavnih odvjetnika\",\"breadcrumb\":{\"@id\":\"https:\\\/\\\/www.pak.hr\\\/en\\\/organizational-structure\\\/#breadcrumb\"},\"inLanguage\":\"en-US\",\"potentialAction\":[{\"@type\":\"ReadAction\",\"target\":[\"https:\\\/\\\/www.pak.hr\\\/en\\\/organizational-structure\\\/\"]}]},{\"@type\":\"BreadcrumbList\",\"@id\":\"https:\\\/\\\/www.pak.hr\\\/en\\\/organizational-structure\\\/#breadcrumb\",\"itemListElement\":[{\"@type\":\"ListItem\",\"position\":1,\"name\":\"Po\u010detna stranica\",\"item\":\"https:\\\/\\\/www.pak.hr\\\/\"},{\"@type\":\"ListItem\",\"position\":2,\"name\":\"Organizational structure\"}]},{\"@type\":\"WebSite\",\"@id\":\"https:\\\/\\\/www.pak.hr\\\/#website\",\"url\":\"https:\\\/\\\/www.pak.hr\\\/\",\"name\":\"Pravosudna akademija\",\"description\":\"Pravosudna akademija\",\"publisher\":{\"@id\":\"https:\\\/\\\/www.pak.hr\\\/#organization\"},\"potentialAction\":[{\"@type\":\"SearchAction\",\"target\":{\"@type\":\"EntryPoint\",\"urlTemplate\":\"https:\\\/\\\/www.pak.hr\\\/?s={search_term_string}\"},\"query-input\":{\"@type\":\"PropertyValueSpecification\",\"valueRequired\":true,\"valueName\":\"search_term_string\"}}],\"inLanguage\":\"en-US\"},{\"@type\":\"Organization\",\"@id\":\"https:\\\/\\\/www.pak.hr\\\/#organization\",\"name\":\"Pravosudna akademija\",\"url\":\"https:\\\/\\\/www.pak.hr\\\/\",\"logo\":{\"@type\":\"ImageObject\",\"inLanguage\":\"en-US\",\"@id\":\"https:\\\/\\\/www.pak.hr\\\/#\\\/schema\\\/logo\\\/image\\\/\",\"url\":\"https:\\\/\\\/www.pak.hr\\\/wp-content\\\/uploads\\\/2022\\\/03\\\/paklogo.png\",\"contentUrl\":\"https:\\\/\\\/www.pak.hr\\\/wp-content\\\/uploads\\\/2022\\\/03\\\/paklogo.png\",\"width\":202,\"height\":89,\"caption\":\"Pravosudna akademija\"},\"image\":{\"@id\":\"https:\\\/\\\/www.pak.hr\\\/#\\\/schema\\\/logo\\\/image\\\/\"}}]}<\/script>\n<!-- \/ Yoast SEO plugin. -->","yoast_head_json":{"title":"Organizational structure - Pravosudna akademija","description":"Pravosudna akademija - Program cjelo\u017eivotnog stru\u010dnog usavr\u0161avanja je provedba inicijalnih programa za vje\u017ebenike u pravosudnim tijelima te za kandidate za suce i zamjenike dr\u017eavnih odvjetnika","robots":{"index":"index","follow":"follow","max-snippet":"max-snippet:-1","max-image-preview":"max-image-preview:large","max-video-preview":"max-video-preview:-1"},"canonical":"https:\/\/www.pak.hr\/en\/organizational-structure\/","og_locale":"en_US","og_type":"article","og_title":"Organizational structure - Pravosudna akademija","og_description":"Pravosudna akademija - Program cjelo\u017eivotnog stru\u010dnog usavr\u0161avanja je provedba inicijalnih programa za vje\u017ebenike u pravosudnim tijelima te za kandidate za suce i zamjenike dr\u017eavnih odvjetnika","og_url":"https:\/\/www.pak.hr\/en\/organizational-structure\/","og_site_name":"Pravosudna akademija","article_modified_time":"2026-01-11T17:23:05+00:00","twitter_card":"summary_large_image","twitter_misc":{"Est. reading time":"10 minutes"},"schema":{"@context":"https:\/\/schema.org","@graph":[{"@type":"WebPage","@id":"https:\/\/www.pak.hr\/en\/organizational-structure\/","url":"https:\/\/www.pak.hr\/en\/organizational-structure\/","name":"Organizational structure - Pravosudna akademija","isPartOf":{"@id":"https:\/\/www.pak.hr\/#website"},"datePublished":"2021-12-14T13:32:56+00:00","dateModified":"2026-01-11T17:23:05+00:00","description":"Pravosudna akademija - Program cjelo\u017eivotnog stru\u010dnog usavr\u0161avanja je provedba inicijalnih programa za vje\u017ebenike u pravosudnim tijelima te za kandidate za suce i zamjenike dr\u017eavnih odvjetnika","breadcrumb":{"@id":"https:\/\/www.pak.hr\/en\/organizational-structure\/#breadcrumb"},"inLanguage":"en-US","potentialAction":[{"@type":"ReadAction","target":["https:\/\/www.pak.hr\/en\/organizational-structure\/"]}]},{"@type":"BreadcrumbList","@id":"https:\/\/www.pak.hr\/en\/organizational-structure\/#breadcrumb","itemListElement":[{"@type":"ListItem","position":1,"name":"Po\u010detna stranica","item":"https:\/\/www.pak.hr\/"},{"@type":"ListItem","position":2,"name":"Organizational structure"}]},{"@type":"WebSite","@id":"https:\/\/www.pak.hr\/#website","url":"https:\/\/www.pak.hr\/","name":"Pravosudna akademija","description":"Pravosudna akademija","publisher":{"@id":"https:\/\/www.pak.hr\/#organization"},"potentialAction":[{"@type":"SearchAction","target":{"@type":"EntryPoint","urlTemplate":"https:\/\/www.pak.hr\/?s={search_term_string}"},"query-input":{"@type":"PropertyValueSpecification","valueRequired":true,"valueName":"search_term_string"}}],"inLanguage":"en-US"},{"@type":"Organization","@id":"https:\/\/www.pak.hr\/#organization","name":"Pravosudna akademija","url":"https:\/\/www.pak.hr\/","logo":{"@type":"ImageObject","inLanguage":"en-US","@id":"https:\/\/www.pak.hr\/#\/schema\/logo\/image\/","url":"https:\/\/www.pak.hr\/wp-content\/uploads\/2022\/03\/paklogo.png","contentUrl":"https:\/\/www.pak.hr\/wp-content\/uploads\/2022\/03\/paklogo.png","width":202,"height":89,"caption":"Pravosudna akademija"},"image":{"@id":"https:\/\/www.pak.hr\/#\/schema\/logo\/image\/"}}]}},"_links":{"self":[{"href":"https:\/\/www.pak.hr\/en\/wp-json\/wp\/v2\/pages\/1701","targetHints":{"allow":["GET"]}}],"collection":[{"href":"https:\/\/www.pak.hr\/en\/wp-json\/wp\/v2\/pages"}],"about":[{"href":"https:\/\/www.pak.hr\/en\/wp-json\/wp\/v2\/types\/page"}],"author":[{"embeddable":true,"href":"https:\/\/www.pak.hr\/en\/wp-json\/wp\/v2\/users\/1"}],"replies":[{"embeddable":true,"href":"https:\/\/www.pak.hr\/en\/wp-json\/wp\/v2\/comments?post=1701"}],"version-history":[{"count":4,"href":"https:\/\/www.pak.hr\/en\/wp-json\/wp\/v2\/pages\/1701\/revisions"}],"predecessor-version":[{"id":14226,"href":"https:\/\/www.pak.hr\/en\/wp-json\/wp\/v2\/pages\/1701\/revisions\/14226"}],"wp:featuredmedia":[{"embeddable":true,"href":"https:\/\/www.pak.hr\/en\/wp-json\/"}],"wp:attachment":[{"href":"https:\/\/www.pak.hr\/en\/wp-json\/wp\/v2\/media?parent=1701"}],"curies":[{"name":"wp","href":"https:\/\/api.w.org\/{rel}","templated":true}]}}