{"id":1710,"date":"2022-03-25T15:54:40","date_gmt":"2022-03-25T14:54:40","guid":{"rendered":"https:\/\/www.pak.hr\/?page_id=1710"},"modified":"2022-06-09T07:25:54","modified_gmt":"2022-06-09T05:25:54","slug":"about-the-program","status":"publish","type":"page","link":"https:\/\/www.pak.hr\/en\/about-the-program\/","title":{"rendered":"About the program"},"content":{"rendered":"<div class=\"col2\">\n<div class=\"cnt\">\n<h4>O programu<\/h4>\n<p><strong> Cjelo\u017eivotno stru\u010dno usavr\u0161avanje na zakonu je utemeljeno pravo i obveza sudaca\/sutkinja, dr\u017eavnih odvjetnika\/-ica, odnosno njihovih zamjenika\/-ica te sudskih i dr\u017eavnoodvjetni\u010dkih savjetnika\/-ica. Pravosudna akademija sa svojih pet podru\u017enica &#8211; Regionalnih centara (Zagreb, Vara\u017edin, Osijek, Rijeka i Split) sredi\u0161nja je institucija \u010diji je zadatak, izme\u0111u ostalog, omogu\u0107iti da se to pravo ostvari, odnosno da se te obveze izvr\u0161e.<\/strong><\/p>\n<p>Program stru\u010dnog usavr\u0161avanja pravosudnih du\u017enosnika\/-ica i savjetnika\/-ica u pravosudnim tijelima podijeljen je u tri kategorije: prvu \u010dine osnovne grane prava (gra\u0111ansko pravo, kazneno pravo, trgova\u010dko pravo, prekr\u0161ajno pravo, upravno pravo te europsko pravo), drugu standardi u obavljanju profesije pravosudnih du\u017enosnika\/-ica (etika i deontologija profesije pravosudnog du\u017enosnika\/-ice), dok tre\u0107u kategoriju \u010dini razvoj vje\u0161tina (komunikacija, vje\u0161tine upravljanja, informati\u010dka edukacija, obuka voditelja radionica, usavr\u0161avanje mentora itd.). Program i stru\u010dno usavr\u0161avanje pravosudnih du\u017enosnika strukturirani su tako da je u pravilu pravna materija unutar godi\u0161njeg programa stru\u010dnog usavr\u0161avanja zastupljena sa 40 %, interdisciplinarne teme s 30 % te ja\u010danje socijalnih i prakti\u010dnih vje\u0161tina s 30 %. Unutar te podjele, osim standardnih radionica usmjerenih na problematiku s kojom se susre\u0107e ve\u0107ina sudaca\/sutkinja i dr\u017eavnih odvjetnika\/-ica, odnosno njihovih zamjenika\/-ica, organiziramo i specijalisti\u010dke radionice usmjerene usko specijaliziranom podru\u010dju prava.<\/p>\n<p>Program cjelo\u017eivotnog stru\u010dnog usavr\u0161avanja razvija se i za stru\u010dno usavr\u0161avanje drugih sudionika u postupcima pred pravosudnim tijelima (stalnih sudskih vje\u0161taka, stalnih sudskih procjenitelja, stalnih sudskih tuma\u010da, ste\u010dajnih upravitelja, povjerenika u postupcima ste\u010daja potro\u0161a\u010da, kandidata za polaganje stru\u010dnih ispita i dr.)<\/p>\n<p>Obrazovne aktivnosti utvr\u0111ene navedenim programom provode se naj\u010de\u0161\u0107e u obliku radionica za skupine od dvadesetak polaznika\/-ica, s interaktivnim pristupom i naglaskom na aktivnoj ulozi sudionika. Manji broj aktivnosti provodi se u obliku okruglih stolova te seminara i konferencija koje su namijenjene ve\u0107em broju polaznika\/-ica, s naglaskom na ex cathedra pristup.<\/p>\n<p>Voditelji\/-ice obrazovnih aktivnosti Pravosudne akademije (predava\u010di\/-ice) su za to osposobljeni suci\/sutkinje i dr\u017eavni odvjetnici\/-ice, odnosno njihovi zamjenici\/-ice, te sveu\u010dili\u0161ni nastavnici\/-e, ali i drugi stru\u010dnjaci raznih profesija.<\/p>\n<p>Za pojedine teme razvijaju se obrazovni materijali u obliku priru\u010dnika za voditelje\/-ice, odnosno priru\u010dnika za polaznike\/-ice, u \u010dijoj izradi sudjeluju istaknuti pravosudni du\u017enosnici\/-ice, nastavnici\/-e pravnih fakulteta te stru\u010dnjaci iz drugih podru\u010dja.<\/p>\n<p>Nacrt Programa stru\u010dnog usavr\u0161avanja pravosudnih du\u017enosnika\/-ica i savjetnika\/-ica u pravosudnim tijelima za svaku kalendarsku godinu donosi Programsko vije\u0107e Pravosudne akademije prate\u0107i smjernice Upravnog vije\u0107a PA. Programsko vije\u0107e PA tako\u0111er, za svaku kalendarsku godinu, odre\u0111uje voditelje obrazovnih aktivnosti i autore obrazovnih materijala na temelju javnog poziva.<\/p>\n<p>Nositelj, vrsta, na\u010din prijavljivanja za sudjelovanje u pojedinim vrstama stru\u010dnog usavr\u0161avanja, trajanje i vrednovanje stalnog stru\u010dnog usavr\u0161avanja pravosudnih du\u017enosnika\/-ica propisano je Pravilnikom o pristupu stru\u010dnom usavr\u0161avanju (\u201e\u201eNarodne novine\u201c 15\/18 i 41\/18.).<\/p>\n<p><strong>Program cjelo\u017eivotnog stru\u010dnog usavr\u0161avanja uklju\u010duje i stru\u010dno usavr\u0161avanje drugih sudionika u postupcima pred pravosudnim tijelima (stalnih sudskih vje\u0161taka, stalnih sudskih procjenitelja, stalnih sudskih tuma\u010da, ste\u010dajnih upravitelja, povjerenika u postupcima ste\u010daja potro\u0161a\u010da, kandidata za polaganje stru\u010dnih ispita i dr.)<\/strong><\/p>\n<\/div>\n<\/div>\n","protected":false},"excerpt":{"rendered":"<p>O programu Cjelo\u017eivotno stru\u010dno usavr\u0161avanje na zakonu je utemeljeno pravo i obveza sudaca\/sutkinja, dr\u017eavnih odvjetnika\/-ica, odnosno njihovih zamjenika\/-ica te sudskih i dr\u017eavnoodvjetni\u010dkih savjetnika\/-ica. Pravosudna akademija sa svojih pet podru\u017enica &#8211;&#8230;<\/p>\n","protected":false},"author":1,"featured_media":0,"parent":0,"menu_order":0,"comment_status":"closed","ping_status":"closed","template":"","meta":{"footnotes":""},"class_list":["post-1710","page","type-page","status-publish","hentry"],"yoast_head":"<!-- This site is optimized with the Yoast SEO plugin v27.5 - https:\/\/yoast.com\/product\/yoast-seo-wordpress\/ -->\n<title>About the program - Pravosudna akademija<\/title>\n<meta name=\"description\" content=\"Pravosudna akademija - Program cjelo\u017eivotnog stru\u010dnog usavr\u0161avanja je provedba inicijalnih programa za vje\u017ebenike u pravosudnim tijelima te za kandidate za suce i zamjenike dr\u017eavnih odvjetnika\" \/>\n<meta name=\"robots\" content=\"index, follow, max-snippet:-1, max-image-preview:large, max-video-preview:-1\" \/>\n<link rel=\"canonical\" href=\"https:\/\/www.pak.hr\/about-the-program\/\" \/>\n<meta property=\"og:locale\" content=\"en_US\" \/>\n<meta property=\"og:type\" content=\"article\" \/>\n<meta property=\"og:title\" content=\"About the program - Pravosudna akademija\" \/>\n<meta property=\"og:description\" content=\"Pravosudna akademija - Program cjelo\u017eivotnog stru\u010dnog usavr\u0161avanja je provedba inicijalnih programa za vje\u017ebenike u pravosudnim tijelima te za kandidate za suce i zamjenike dr\u017eavnih odvjetnika\" \/>\n<meta property=\"og:url\" content=\"https:\/\/www.pak.hr\/about-the-program\/\" \/>\n<meta property=\"og:site_name\" content=\"Pravosudna akademija\" \/>\n<meta property=\"article:modified_time\" content=\"2022-06-09T05:25:54+00:00\" \/>\n<meta name=\"twitter:card\" content=\"summary_large_image\" \/>\n<meta name=\"twitter:label1\" content=\"Est. reading time\" \/>\n\t<meta name=\"twitter:data1\" content=\"3 minutes\" \/>\n<script type=\"application\/ld+json\" class=\"yoast-schema-graph\">{\"@context\":\"https:\\\/\\\/schema.org\",\"@graph\":[{\"@type\":\"WebPage\",\"@id\":\"https:\\\/\\\/www.pak.hr\\\/about-the-program\\\/\",\"url\":\"https:\\\/\\\/www.pak.hr\\\/about-the-program\\\/\",\"name\":\"About the program - Pravosudna akademija\",\"isPartOf\":{\"@id\":\"https:\\\/\\\/www.pak.hr\\\/#website\"},\"datePublished\":\"2022-03-25T14:54:40+00:00\",\"dateModified\":\"2022-06-09T05:25:54+00:00\",\"description\":\"Pravosudna akademija - Program cjelo\u017eivotnog stru\u010dnog usavr\u0161avanja je provedba inicijalnih programa za vje\u017ebenike u pravosudnim tijelima te za kandidate za suce i zamjenike dr\u017eavnih odvjetnika\",\"breadcrumb\":{\"@id\":\"https:\\\/\\\/www.pak.hr\\\/about-the-program\\\/#breadcrumb\"},\"inLanguage\":\"en-US\",\"potentialAction\":[{\"@type\":\"ReadAction\",\"target\":[\"https:\\\/\\\/www.pak.hr\\\/about-the-program\\\/\"]}]},{\"@type\":\"BreadcrumbList\",\"@id\":\"https:\\\/\\\/www.pak.hr\\\/about-the-program\\\/#breadcrumb\",\"itemListElement\":[{\"@type\":\"ListItem\",\"position\":1,\"name\":\"Po\u010detna stranica\",\"item\":\"https:\\\/\\\/www.pak.hr\\\/\"},{\"@type\":\"ListItem\",\"position\":2,\"name\":\"About the program\"}]},{\"@type\":\"WebSite\",\"@id\":\"https:\\\/\\\/www.pak.hr\\\/#website\",\"url\":\"https:\\\/\\\/www.pak.hr\\\/\",\"name\":\"Pravosudna akademija\",\"description\":\"Pravosudna akademija\",\"publisher\":{\"@id\":\"https:\\\/\\\/www.pak.hr\\\/#organization\"},\"potentialAction\":[{\"@type\":\"SearchAction\",\"target\":{\"@type\":\"EntryPoint\",\"urlTemplate\":\"https:\\\/\\\/www.pak.hr\\\/?s={search_term_string}\"},\"query-input\":{\"@type\":\"PropertyValueSpecification\",\"valueRequired\":true,\"valueName\":\"search_term_string\"}}],\"inLanguage\":\"en-US\"},{\"@type\":\"Organization\",\"@id\":\"https:\\\/\\\/www.pak.hr\\\/#organization\",\"name\":\"Pravosudna akademija\",\"url\":\"https:\\\/\\\/www.pak.hr\\\/\",\"logo\":{\"@type\":\"ImageObject\",\"inLanguage\":\"en-US\",\"@id\":\"https:\\\/\\\/www.pak.hr\\\/#\\\/schema\\\/logo\\\/image\\\/\",\"url\":\"https:\\\/\\\/www.pak.hr\\\/wp-content\\\/uploads\\\/2022\\\/03\\\/paklogo.png\",\"contentUrl\":\"https:\\\/\\\/www.pak.hr\\\/wp-content\\\/uploads\\\/2022\\\/03\\\/paklogo.png\",\"width\":202,\"height\":89,\"caption\":\"Pravosudna akademija\"},\"image\":{\"@id\":\"https:\\\/\\\/www.pak.hr\\\/#\\\/schema\\\/logo\\\/image\\\/\"}}]}<\/script>\n<!-- \/ Yoast SEO plugin. -->","yoast_head_json":{"title":"About the program - Pravosudna akademija","description":"Pravosudna akademija - Program cjelo\u017eivotnog stru\u010dnog usavr\u0161avanja je provedba inicijalnih programa za vje\u017ebenike u pravosudnim tijelima te za kandidate za suce i zamjenike dr\u017eavnih odvjetnika","robots":{"index":"index","follow":"follow","max-snippet":"max-snippet:-1","max-image-preview":"max-image-preview:large","max-video-preview":"max-video-preview:-1"},"canonical":"https:\/\/www.pak.hr\/about-the-program\/","og_locale":"en_US","og_type":"article","og_title":"About the program - Pravosudna akademija","og_description":"Pravosudna akademija - Program cjelo\u017eivotnog stru\u010dnog usavr\u0161avanja je provedba inicijalnih programa za vje\u017ebenike u pravosudnim tijelima te za kandidate za suce i zamjenike dr\u017eavnih odvjetnika","og_url":"https:\/\/www.pak.hr\/about-the-program\/","og_site_name":"Pravosudna akademija","article_modified_time":"2022-06-09T05:25:54+00:00","twitter_card":"summary_large_image","twitter_misc":{"Est. reading time":"3 minutes"},"schema":{"@context":"https:\/\/schema.org","@graph":[{"@type":"WebPage","@id":"https:\/\/www.pak.hr\/about-the-program\/","url":"https:\/\/www.pak.hr\/about-the-program\/","name":"About the program - Pravosudna akademija","isPartOf":{"@id":"https:\/\/www.pak.hr\/#website"},"datePublished":"2022-03-25T14:54:40+00:00","dateModified":"2022-06-09T05:25:54+00:00","description":"Pravosudna akademija - Program cjelo\u017eivotnog stru\u010dnog usavr\u0161avanja je provedba inicijalnih programa za vje\u017ebenike u pravosudnim tijelima te za kandidate za suce i zamjenike dr\u017eavnih odvjetnika","breadcrumb":{"@id":"https:\/\/www.pak.hr\/about-the-program\/#breadcrumb"},"inLanguage":"en-US","potentialAction":[{"@type":"ReadAction","target":["https:\/\/www.pak.hr\/about-the-program\/"]}]},{"@type":"BreadcrumbList","@id":"https:\/\/www.pak.hr\/about-the-program\/#breadcrumb","itemListElement":[{"@type":"ListItem","position":1,"name":"Po\u010detna stranica","item":"https:\/\/www.pak.hr\/"},{"@type":"ListItem","position":2,"name":"About the program"}]},{"@type":"WebSite","@id":"https:\/\/www.pak.hr\/#website","url":"https:\/\/www.pak.hr\/","name":"Pravosudna akademija","description":"Pravosudna akademija","publisher":{"@id":"https:\/\/www.pak.hr\/#organization"},"potentialAction":[{"@type":"SearchAction","target":{"@type":"EntryPoint","urlTemplate":"https:\/\/www.pak.hr\/?s={search_term_string}"},"query-input":{"@type":"PropertyValueSpecification","valueRequired":true,"valueName":"search_term_string"}}],"inLanguage":"en-US"},{"@type":"Organization","@id":"https:\/\/www.pak.hr\/#organization","name":"Pravosudna akademija","url":"https:\/\/www.pak.hr\/","logo":{"@type":"ImageObject","inLanguage":"en-US","@id":"https:\/\/www.pak.hr\/#\/schema\/logo\/image\/","url":"https:\/\/www.pak.hr\/wp-content\/uploads\/2022\/03\/paklogo.png","contentUrl":"https:\/\/www.pak.hr\/wp-content\/uploads\/2022\/03\/paklogo.png","width":202,"height":89,"caption":"Pravosudna akademija"},"image":{"@id":"https:\/\/www.pak.hr\/#\/schema\/logo\/image\/"}}]}},"_links":{"self":[{"href":"https:\/\/www.pak.hr\/en\/wp-json\/wp\/v2\/pages\/1710","targetHints":{"allow":["GET"]}}],"collection":[{"href":"https:\/\/www.pak.hr\/en\/wp-json\/wp\/v2\/pages"}],"about":[{"href":"https:\/\/www.pak.hr\/en\/wp-json\/wp\/v2\/types\/page"}],"author":[{"embeddable":true,"href":"https:\/\/www.pak.hr\/en\/wp-json\/wp\/v2\/users\/1"}],"replies":[{"embeddable":true,"href":"https:\/\/www.pak.hr\/en\/wp-json\/wp\/v2\/comments?post=1710"}],"version-history":[{"count":2,"href":"https:\/\/www.pak.hr\/en\/wp-json\/wp\/v2\/pages\/1710\/revisions"}],"predecessor-version":[{"id":2050,"href":"https:\/\/www.pak.hr\/en\/wp-json\/wp\/v2\/pages\/1710\/revisions\/2050"}],"wp:attachment":[{"href":"https:\/\/www.pak.hr\/en\/wp-json\/wp\/v2\/media?parent=1710"}],"curies":[{"name":"wp","href":"https:\/\/api.w.org\/{rel}","templated":true}]}}