{"id":1713,"date":"2022-03-25T15:55:26","date_gmt":"2022-03-25T14:55:26","guid":{"rendered":"https:\/\/www.pak.hr\/?page_id=1713"},"modified":"2022-06-09T07:41:46","modified_gmt":"2022-06-09T05:41:46","slug":"faq","status":"publish","type":"page","link":"https:\/\/www.pak.hr\/en\/faq\/","title":{"rendered":"FAQ"},"content":{"rendered":"<h4>Naj\u010de\u0161\u0107e postavljena pitanja<\/h4>\n<p><strong>1. Kako se mogu prijaviti za sudjelovanje na radionicama Pravosudne akademije?<\/strong><\/p>\n<p>Pravosudna akademija ovla\u0161tena je, sukladno Zakonu o Pravosudnoj akademiji (Narodne novine 52\/19), provoditi edukaciju pravosudnih du\u017enosnika, kandidata za pravosudne du\u017enosnike, savjetnika i vje\u017ebenika u pravosudnim tijelima, drugih slu\u017ebenika iz podru\u010dja te drugih sudionika u postupcima pred pravosudnim tijelima (stalnih sudskih vje\u0161taka, stalnih sudskih procjenitelja, stalnih sudskih tuma\u010da, ste\u010dajnih upravitelja, povjerenika u postupcima ste\u010daja potro\u0161a\u010da, kandidata za polaganje stru\u010dnih ispita i dr.). Sve su radionice namijenjene isklju\u010divo navedenoj ciljnoj skupini. Iznimno edukacija obuhva\u0107a i druge ciljne skupine za \u010dije se sudjelovanje \u0161alje poziv nadle\u017enim institucijama.<br \/>\nPozivi za sudjelovanje na radionicama upu\u0107uju se \u010delnicima pravosudnih tijela koji prijave za sudjelovanje dostavljaju Akademiji.<\/p>\n<p><strong>2. Kada \u0107e biti raspisan natje\u010daj za prijam vje\u017ebenika u pravosudna tijela?<\/strong><\/p>\n<p>Sukladno Zakonu o vje\u017ebenicima u pravosudnim tijelima i pravosudnom ispitu (Narodne novine 14\/19), raspisivanje natje\u010daja za prijam vje\u017ebenika u pravosudna tijela u nadle\u017enosti je Ministarstva pravosu\u0111a koje broj raspolo\u017eivih vje\u017ebeni\u010dkih mjesta u pravosudnim tijelima odre\u0111uje planom prijma u skladu s mjerilima za odre\u0111ivanje broja slu\u017ebenika.<\/p>\n<p><strong>3. Ispunjavam uvjete iz \u010dlanka 28. Zakona o Pravosudnoj akademiji (\u201eNarodne novine\u201c, br. 52\/2019) za polaganje zavr\u0161nog ispita u Dr\u017eavnoj \u0161koli za pravosudne du\u017enosnike. Kada \u0107e mi biti omogu\u0107eno polaganje?<\/strong><\/p>\n<p>Polaganje zavr\u0161nog ispita organizira Pravosudna akademija u skladu sa Zakonom o Pravosudnoj akademiji. Akademija je du\u017ena na svojim mre\u017enim stranicama objaviti poziv za iskaz interesa za polaganje zavr\u0161nog ispita. Odluku o provedbi ispita donosi Upravno vije\u0107e Pravosudne akademije na prijedlog ravnatelja vode\u0107i ra\u010duna o broju prijavljenih kandidata.<\/p>\n<p><strong>4. Kada \u0107e biti raspisan natje\u010daj za upis nove generacije polaznika Dr\u017eavne \u0161kole za pravosudne du\u017enosnike?<\/strong><\/p>\n<p>Samo osobe primljene u dr\u017eavnu slu\u017ebu na neodre\u0111eno vrijeme i raspore\u0111ene na radno mjesto savjetnika u pravosudnom tijelu obvezni su polaznici \u0160kole. Osobe koje su na dan stupanja na snagu ovoga Zakona raspore\u0111ene na radna mjesta savjetnika u pravosudnim tijelima, a koje nemaju polo\u017een zavr\u0161ni ispit u \u0160koli sukladno Zakonu o Pravosudnoj akademiji (\u201eNarodne novine\u201c, br. 153\/09., 127\/10. i 82\/15.) nisu du\u017ene poha\u0111ati \u0160kolu. Pravila i program stru\u010dnog usavr\u0161avanja polaznika Dr\u017eavne \u0161kole sukladno Zakonu o Pravosudnoj akademiji (\u201eNarodne novine\u201c, br. 52\/2019) Upravno vije\u0107e donijet \u0107e u roku od \u0161est mjeseci od dana stupanja na snagu ovoga Zakona.<\/p>\n<p><strong>5. U kojem roku EJTN nadokna\u0111uje tro\u0161kove prijevoza i dnevnica polaznicima svojih me\u0111unarodnih seminara? Kako se izvr\u0161ava nadoknada?<\/strong><\/p>\n<p>Ti se tro\u0161kovi nadokna\u0111uju u prosjeku u roku od dva mjeseca.<br \/>\nNadoknada se izvr\u0161ava na devizne ra\u010dune polaznika.<\/p>\n","protected":false},"excerpt":{"rendered":"<p>Naj\u010de\u0161\u0107e postavljena pitanja 1. Kako se mogu prijaviti za sudjelovanje na radionicama Pravosudne akademije? Pravosudna akademija ovla\u0161tena je, sukladno Zakonu o Pravosudnoj akademiji (Narodne novine 52\/19), provoditi edukaciju pravosudnih du\u017enosnika,&#8230;<\/p>\n","protected":false},"author":1,"featured_media":0,"parent":0,"menu_order":0,"comment_status":"closed","ping_status":"closed","template":"","meta":{"footnotes":""},"class_list":["post-1713","page","type-page","status-publish","hentry"],"yoast_head":"<!-- This site is optimized with the Yoast SEO plugin v27.5 - https:\/\/yoast.com\/product\/yoast-seo-wordpress\/ -->\n<title>FAQ - Pravosudna akademija<\/title>\n<meta name=\"description\" content=\"Pravosudna akademija - Program cjelo\u017eivotnog stru\u010dnog usavr\u0161avanja je provedba inicijalnih programa za vje\u017ebenike u pravosudnim tijelima te za kandidate za suce i zamjenike dr\u017eavnih odvjetnika\" \/>\n<meta name=\"robots\" content=\"index, follow, max-snippet:-1, max-image-preview:large, max-video-preview:-1\" \/>\n<link rel=\"canonical\" href=\"https:\/\/www.pak.hr\/faq\/\" \/>\n<meta property=\"og:locale\" content=\"en_US\" \/>\n<meta property=\"og:type\" content=\"article\" \/>\n<meta property=\"og:title\" content=\"FAQ - Pravosudna akademija\" \/>\n<meta property=\"og:description\" content=\"Pravosudna akademija - Program cjelo\u017eivotnog stru\u010dnog usavr\u0161avanja je provedba inicijalnih programa za vje\u017ebenike u pravosudnim tijelima te za kandidate za suce i zamjenike dr\u017eavnih odvjetnika\" \/>\n<meta property=\"og:url\" content=\"https:\/\/www.pak.hr\/faq\/\" \/>\n<meta property=\"og:site_name\" content=\"Pravosudna akademija\" \/>\n<meta property=\"article:modified_time\" content=\"2022-06-09T05:41:46+00:00\" \/>\n<meta name=\"twitter:card\" content=\"summary_large_image\" \/>\n<meta name=\"twitter:label1\" content=\"Est. reading time\" \/>\n\t<meta name=\"twitter:data1\" content=\"2 minutes\" \/>\n<script type=\"application\/ld+json\" class=\"yoast-schema-graph\">{\"@context\":\"https:\\\/\\\/schema.org\",\"@graph\":[{\"@type\":\"WebPage\",\"@id\":\"https:\\\/\\\/www.pak.hr\\\/faq\\\/\",\"url\":\"https:\\\/\\\/www.pak.hr\\\/faq\\\/\",\"name\":\"FAQ - Pravosudna akademija\",\"isPartOf\":{\"@id\":\"https:\\\/\\\/www.pak.hr\\\/#website\"},\"datePublished\":\"2022-03-25T14:55:26+00:00\",\"dateModified\":\"2022-06-09T05:41:46+00:00\",\"description\":\"Pravosudna akademija - Program cjelo\u017eivotnog stru\u010dnog usavr\u0161avanja je provedba inicijalnih programa za vje\u017ebenike u pravosudnim tijelima te za kandidate za suce i zamjenike dr\u017eavnih odvjetnika\",\"breadcrumb\":{\"@id\":\"https:\\\/\\\/www.pak.hr\\\/faq\\\/#breadcrumb\"},\"inLanguage\":\"en-US\",\"potentialAction\":[{\"@type\":\"ReadAction\",\"target\":[\"https:\\\/\\\/www.pak.hr\\\/faq\\\/\"]}]},{\"@type\":\"BreadcrumbList\",\"@id\":\"https:\\\/\\\/www.pak.hr\\\/faq\\\/#breadcrumb\",\"itemListElement\":[{\"@type\":\"ListItem\",\"position\":1,\"name\":\"Po\u010detna stranica\",\"item\":\"https:\\\/\\\/www.pak.hr\\\/\"},{\"@type\":\"ListItem\",\"position\":2,\"name\":\"FAQ\"}]},{\"@type\":\"WebSite\",\"@id\":\"https:\\\/\\\/www.pak.hr\\\/#website\",\"url\":\"https:\\\/\\\/www.pak.hr\\\/\",\"name\":\"Pravosudna akademija\",\"description\":\"Pravosudna akademija\",\"publisher\":{\"@id\":\"https:\\\/\\\/www.pak.hr\\\/#organization\"},\"potentialAction\":[{\"@type\":\"SearchAction\",\"target\":{\"@type\":\"EntryPoint\",\"urlTemplate\":\"https:\\\/\\\/www.pak.hr\\\/?s={search_term_string}\"},\"query-input\":{\"@type\":\"PropertyValueSpecification\",\"valueRequired\":true,\"valueName\":\"search_term_string\"}}],\"inLanguage\":\"en-US\"},{\"@type\":\"Organization\",\"@id\":\"https:\\\/\\\/www.pak.hr\\\/#organization\",\"name\":\"Pravosudna akademija\",\"url\":\"https:\\\/\\\/www.pak.hr\\\/\",\"logo\":{\"@type\":\"ImageObject\",\"inLanguage\":\"en-US\",\"@id\":\"https:\\\/\\\/www.pak.hr\\\/#\\\/schema\\\/logo\\\/image\\\/\",\"url\":\"https:\\\/\\\/www.pak.hr\\\/wp-content\\\/uploads\\\/2022\\\/03\\\/paklogo.png\",\"contentUrl\":\"https:\\\/\\\/www.pak.hr\\\/wp-content\\\/uploads\\\/2022\\\/03\\\/paklogo.png\",\"width\":202,\"height\":89,\"caption\":\"Pravosudna akademija\"},\"image\":{\"@id\":\"https:\\\/\\\/www.pak.hr\\\/#\\\/schema\\\/logo\\\/image\\\/\"}}]}<\/script>\n<!-- \/ Yoast SEO plugin. -->","yoast_head_json":{"title":"FAQ - Pravosudna akademija","description":"Pravosudna akademija - Program cjelo\u017eivotnog stru\u010dnog usavr\u0161avanja je provedba inicijalnih programa za vje\u017ebenike u pravosudnim tijelima te za kandidate za suce i zamjenike dr\u017eavnih odvjetnika","robots":{"index":"index","follow":"follow","max-snippet":"max-snippet:-1","max-image-preview":"max-image-preview:large","max-video-preview":"max-video-preview:-1"},"canonical":"https:\/\/www.pak.hr\/faq\/","og_locale":"en_US","og_type":"article","og_title":"FAQ - Pravosudna akademija","og_description":"Pravosudna akademija - Program cjelo\u017eivotnog stru\u010dnog usavr\u0161avanja je provedba inicijalnih programa za vje\u017ebenike u pravosudnim tijelima te za kandidate za suce i zamjenike dr\u017eavnih odvjetnika","og_url":"https:\/\/www.pak.hr\/faq\/","og_site_name":"Pravosudna akademija","article_modified_time":"2022-06-09T05:41:46+00:00","twitter_card":"summary_large_image","twitter_misc":{"Est. reading time":"2 minutes"},"schema":{"@context":"https:\/\/schema.org","@graph":[{"@type":"WebPage","@id":"https:\/\/www.pak.hr\/faq\/","url":"https:\/\/www.pak.hr\/faq\/","name":"FAQ - Pravosudna akademija","isPartOf":{"@id":"https:\/\/www.pak.hr\/#website"},"datePublished":"2022-03-25T14:55:26+00:00","dateModified":"2022-06-09T05:41:46+00:00","description":"Pravosudna akademija - Program cjelo\u017eivotnog stru\u010dnog usavr\u0161avanja je provedba inicijalnih programa za vje\u017ebenike u pravosudnim tijelima te za kandidate za suce i zamjenike dr\u017eavnih odvjetnika","breadcrumb":{"@id":"https:\/\/www.pak.hr\/faq\/#breadcrumb"},"inLanguage":"en-US","potentialAction":[{"@type":"ReadAction","target":["https:\/\/www.pak.hr\/faq\/"]}]},{"@type":"BreadcrumbList","@id":"https:\/\/www.pak.hr\/faq\/#breadcrumb","itemListElement":[{"@type":"ListItem","position":1,"name":"Po\u010detna stranica","item":"https:\/\/www.pak.hr\/"},{"@type":"ListItem","position":2,"name":"FAQ"}]},{"@type":"WebSite","@id":"https:\/\/www.pak.hr\/#website","url":"https:\/\/www.pak.hr\/","name":"Pravosudna akademija","description":"Pravosudna akademija","publisher":{"@id":"https:\/\/www.pak.hr\/#organization"},"potentialAction":[{"@type":"SearchAction","target":{"@type":"EntryPoint","urlTemplate":"https:\/\/www.pak.hr\/?s={search_term_string}"},"query-input":{"@type":"PropertyValueSpecification","valueRequired":true,"valueName":"search_term_string"}}],"inLanguage":"en-US"},{"@type":"Organization","@id":"https:\/\/www.pak.hr\/#organization","name":"Pravosudna akademija","url":"https:\/\/www.pak.hr\/","logo":{"@type":"ImageObject","inLanguage":"en-US","@id":"https:\/\/www.pak.hr\/#\/schema\/logo\/image\/","url":"https:\/\/www.pak.hr\/wp-content\/uploads\/2022\/03\/paklogo.png","contentUrl":"https:\/\/www.pak.hr\/wp-content\/uploads\/2022\/03\/paklogo.png","width":202,"height":89,"caption":"Pravosudna akademija"},"image":{"@id":"https:\/\/www.pak.hr\/#\/schema\/logo\/image\/"}}]}},"_links":{"self":[{"href":"https:\/\/www.pak.hr\/en\/wp-json\/wp\/v2\/pages\/1713","targetHints":{"allow":["GET"]}}],"collection":[{"href":"https:\/\/www.pak.hr\/en\/wp-json\/wp\/v2\/pages"}],"about":[{"href":"https:\/\/www.pak.hr\/en\/wp-json\/wp\/v2\/types\/page"}],"author":[{"embeddable":true,"href":"https:\/\/www.pak.hr\/en\/wp-json\/wp\/v2\/users\/1"}],"replies":[{"embeddable":true,"href":"https:\/\/www.pak.hr\/en\/wp-json\/wp\/v2\/comments?post=1713"}],"version-history":[{"count":2,"href":"https:\/\/www.pak.hr\/en\/wp-json\/wp\/v2\/pages\/1713\/revisions"}],"predecessor-version":[{"id":2049,"href":"https:\/\/www.pak.hr\/en\/wp-json\/wp\/v2\/pages\/1713\/revisions\/2049"}],"wp:attachment":[{"href":"https:\/\/www.pak.hr\/en\/wp-json\/wp\/v2\/media?parent=1713"}],"curies":[{"name":"wp","href":"https:\/\/api.w.org\/{rel}","templated":true}]}}