{"id":1715,"date":"2022-03-25T15:55:47","date_gmt":"2022-03-25T14:55:47","guid":{"rendered":"https:\/\/www.pak.hr\/?page_id=1715"},"modified":"2022-06-09T07:43:01","modified_gmt":"2022-06-09T05:43:01","slug":"international-organization-for-judicial-training-iojt","status":"publish","type":"page","link":"https:\/\/www.pak.hr\/en\/international-organization-for-judicial-training-iojt\/","title":{"rendered":"International Organization for Judicial Training (IOJT)"},"content":{"rendered":"<h4>Me\u0111unarodna organizacija za obuku pravosudnih du\u017enosnika (IOJT)<\/h4>\n<p>U studenome 2011. Pravosudna akademija postala je \u010dlanicom Me\u0111unarodne organizacije za obuku pravosudnih du\u017enosnika (International Organization for Judicial Training \u2013 IOJT) nakon \u0161to je Izvr\u0161no vije\u0107e te organizacije utvrdilo da Pravosudna akademija udovoljava svim uvjetima \u010dlanstva u IOJT-u kako je to propisano njegovim Statutom.<\/p>\n<p>IOJT je osnovan 2002. godine s ciljem promicanja vladavine prava kroz potporu radu institucija za obuku pravosudnih du\u017enosnika diljem svijeta. Misija IOJT-a se ostvaruje putem me\u0111unarodnih i regionalnih konferencija te drugih aktivnosti koje omogu\u0107avaju sucima i centrima za usavr\u0161avanje pravosudnih du\u017enosnika diskusiju o strategijama za osnivanje i razvoj centara za usavr\u0161avanje, izradu programa izobrazbe, unaprje\u0111ivanje metodologije usavr\u0161avanja, i sli\u010dno.<\/p>\n<p>Prema odredbama Statuta, ciljevi IOJT-a su:<\/p>\n<ul>\n<li>Podupirati osnivanje institucija za usavr\u0161avanje pravosudnih du\u017enosnika<\/li>\n<li>Promicati vladavinu prava<\/li>\n<li>Razmatrati zajedni\u010dka pitanja i probleme vezane uz usavr\u0161avanje sudaca<\/li>\n<li>Razvijati odgovaraju\u0107u strukturu za razmjenu sudaca<\/li>\n<\/ul>\n<p>IOJT je dobrovoljna, neprofitna organizacija koja se oslanja na trud i dobru volju svojih \u010dlanova. Organizacijom upravlja Op\u0107a skup\u0161tina (General Assembly) njezinih \u010dlanova koji se sastaju svake dvije do tri godine na me\u0111unarodnoj konferenciji koja se svaki put odr\u017eava u drugoj zemlji.<\/p>\n<p>Od listopada 2011. godine, IOJT broji 95 institucija-\u010dlanica iz 60 zemalja.<\/p>\n<p>Detaljnije informacije o ovoj organizaciji mo\u017eete prona\u0107i na web stranici <a role=\"link\" href=\"http:\/\/www.iojt.org\">www.iojt.org<\/a>.<\/p>\n","protected":false},"excerpt":{"rendered":"<p>Me\u0111unarodna organizacija za obuku pravosudnih du\u017enosnika (IOJT) U studenome 2011. Pravosudna akademija postala je \u010dlanicom Me\u0111unarodne organizacije za obuku pravosudnih du\u017enosnika (International Organization for Judicial Training \u2013 IOJT) nakon \u0161to&#8230;<\/p>\n","protected":false},"author":1,"featured_media":0,"parent":0,"menu_order":0,"comment_status":"closed","ping_status":"closed","template":"","meta":{"footnotes":""},"class_list":["post-1715","page","type-page","status-publish","hentry"],"yoast_head":"<!-- This site is optimized with the Yoast SEO plugin v27.4 - https:\/\/yoast.com\/product\/yoast-seo-wordpress\/ -->\n<title>International Organization for Judicial Training (IOJT) - Pravosudna akademija<\/title>\n<meta name=\"description\" content=\"Pravosudna akademija - Program cjelo\u017eivotnog stru\u010dnog usavr\u0161avanja je provedba inicijalnih programa za vje\u017ebenike u pravosudnim tijelima te za kandidate za suce i zamjenike dr\u017eavnih odvjetnika\" \/>\n<meta name=\"robots\" content=\"index, follow, max-snippet:-1, max-image-preview:large, max-video-preview:-1\" \/>\n<link rel=\"canonical\" href=\"https:\/\/www.pak.hr\/international-organization-for-judicial-training-iojt\/\" \/>\n<meta property=\"og:locale\" content=\"en_US\" \/>\n<meta property=\"og:type\" content=\"article\" \/>\n<meta property=\"og:title\" content=\"International Organization for Judicial Training (IOJT) - Pravosudna akademija\" \/>\n<meta property=\"og:description\" content=\"Pravosudna akademija - Program cjelo\u017eivotnog stru\u010dnog usavr\u0161avanja je provedba inicijalnih programa za vje\u017ebenike u pravosudnim tijelima te za kandidate za suce i zamjenike dr\u017eavnih odvjetnika\" \/>\n<meta property=\"og:url\" content=\"https:\/\/www.pak.hr\/international-organization-for-judicial-training-iojt\/\" \/>\n<meta property=\"og:site_name\" content=\"Pravosudna akademija\" \/>\n<meta property=\"article:modified_time\" content=\"2022-06-09T05:43:01+00:00\" \/>\n<meta name=\"twitter:card\" content=\"summary_large_image\" \/>\n<meta name=\"twitter:label1\" content=\"Est. reading time\" \/>\n\t<meta name=\"twitter:data1\" content=\"1 minute\" \/>\n<script type=\"application\/ld+json\" class=\"yoast-schema-graph\">{\"@context\":\"https:\\\/\\\/schema.org\",\"@graph\":[{\"@type\":\"WebPage\",\"@id\":\"https:\\\/\\\/www.pak.hr\\\/international-organization-for-judicial-training-iojt\\\/\",\"url\":\"https:\\\/\\\/www.pak.hr\\\/international-organization-for-judicial-training-iojt\\\/\",\"name\":\"International Organization for Judicial Training (IOJT) - Pravosudna akademija\",\"isPartOf\":{\"@id\":\"https:\\\/\\\/www.pak.hr\\\/#website\"},\"datePublished\":\"2022-03-25T14:55:47+00:00\",\"dateModified\":\"2022-06-09T05:43:01+00:00\",\"description\":\"Pravosudna akademija - Program cjelo\u017eivotnog stru\u010dnog usavr\u0161avanja je provedba inicijalnih programa za vje\u017ebenike u pravosudnim tijelima te za kandidate za suce i zamjenike dr\u017eavnih odvjetnika\",\"breadcrumb\":{\"@id\":\"https:\\\/\\\/www.pak.hr\\\/international-organization-for-judicial-training-iojt\\\/#breadcrumb\"},\"inLanguage\":\"en-US\",\"potentialAction\":[{\"@type\":\"ReadAction\",\"target\":[\"https:\\\/\\\/www.pak.hr\\\/international-organization-for-judicial-training-iojt\\\/\"]}]},{\"@type\":\"BreadcrumbList\",\"@id\":\"https:\\\/\\\/www.pak.hr\\\/international-organization-for-judicial-training-iojt\\\/#breadcrumb\",\"itemListElement\":[{\"@type\":\"ListItem\",\"position\":1,\"name\":\"Po\u010detna stranica\",\"item\":\"https:\\\/\\\/www.pak.hr\\\/\"},{\"@type\":\"ListItem\",\"position\":2,\"name\":\"International Organization for Judicial Training (IOJT)\"}]},{\"@type\":\"WebSite\",\"@id\":\"https:\\\/\\\/www.pak.hr\\\/#website\",\"url\":\"https:\\\/\\\/www.pak.hr\\\/\",\"name\":\"Pravosudna akademija\",\"description\":\"Pravosudna akademija\",\"publisher\":{\"@id\":\"https:\\\/\\\/www.pak.hr\\\/#organization\"},\"potentialAction\":[{\"@type\":\"SearchAction\",\"target\":{\"@type\":\"EntryPoint\",\"urlTemplate\":\"https:\\\/\\\/www.pak.hr\\\/?s={search_term_string}\"},\"query-input\":{\"@type\":\"PropertyValueSpecification\",\"valueRequired\":true,\"valueName\":\"search_term_string\"}}],\"inLanguage\":\"en-US\"},{\"@type\":\"Organization\",\"@id\":\"https:\\\/\\\/www.pak.hr\\\/#organization\",\"name\":\"Pravosudna akademija\",\"url\":\"https:\\\/\\\/www.pak.hr\\\/\",\"logo\":{\"@type\":\"ImageObject\",\"inLanguage\":\"en-US\",\"@id\":\"https:\\\/\\\/www.pak.hr\\\/#\\\/schema\\\/logo\\\/image\\\/\",\"url\":\"https:\\\/\\\/www.pak.hr\\\/wp-content\\\/uploads\\\/2022\\\/03\\\/paklogo.png\",\"contentUrl\":\"https:\\\/\\\/www.pak.hr\\\/wp-content\\\/uploads\\\/2022\\\/03\\\/paklogo.png\",\"width\":202,\"height\":89,\"caption\":\"Pravosudna akademija\"},\"image\":{\"@id\":\"https:\\\/\\\/www.pak.hr\\\/#\\\/schema\\\/logo\\\/image\\\/\"}}]}<\/script>\n<!-- \/ Yoast SEO plugin. -->","yoast_head_json":{"title":"International Organization for Judicial Training (IOJT) - Pravosudna akademija","description":"Pravosudna akademija - Program cjelo\u017eivotnog stru\u010dnog usavr\u0161avanja je provedba inicijalnih programa za vje\u017ebenike u pravosudnim tijelima te za kandidate za suce i zamjenike dr\u017eavnih odvjetnika","robots":{"index":"index","follow":"follow","max-snippet":"max-snippet:-1","max-image-preview":"max-image-preview:large","max-video-preview":"max-video-preview:-1"},"canonical":"https:\/\/www.pak.hr\/international-organization-for-judicial-training-iojt\/","og_locale":"en_US","og_type":"article","og_title":"International Organization for Judicial Training (IOJT) - Pravosudna akademija","og_description":"Pravosudna akademija - Program cjelo\u017eivotnog stru\u010dnog usavr\u0161avanja je provedba inicijalnih programa za vje\u017ebenike u pravosudnim tijelima te za kandidate za suce i zamjenike dr\u017eavnih odvjetnika","og_url":"https:\/\/www.pak.hr\/international-organization-for-judicial-training-iojt\/","og_site_name":"Pravosudna akademija","article_modified_time":"2022-06-09T05:43:01+00:00","twitter_card":"summary_large_image","twitter_misc":{"Est. reading time":"1 minute"},"schema":{"@context":"https:\/\/schema.org","@graph":[{"@type":"WebPage","@id":"https:\/\/www.pak.hr\/international-organization-for-judicial-training-iojt\/","url":"https:\/\/www.pak.hr\/international-organization-for-judicial-training-iojt\/","name":"International Organization for Judicial Training (IOJT) - Pravosudna akademija","isPartOf":{"@id":"https:\/\/www.pak.hr\/#website"},"datePublished":"2022-03-25T14:55:47+00:00","dateModified":"2022-06-09T05:43:01+00:00","description":"Pravosudna akademija - Program cjelo\u017eivotnog stru\u010dnog usavr\u0161avanja je provedba inicijalnih programa za vje\u017ebenike u pravosudnim tijelima te za kandidate za suce i zamjenike dr\u017eavnih odvjetnika","breadcrumb":{"@id":"https:\/\/www.pak.hr\/international-organization-for-judicial-training-iojt\/#breadcrumb"},"inLanguage":"en-US","potentialAction":[{"@type":"ReadAction","target":["https:\/\/www.pak.hr\/international-organization-for-judicial-training-iojt\/"]}]},{"@type":"BreadcrumbList","@id":"https:\/\/www.pak.hr\/international-organization-for-judicial-training-iojt\/#breadcrumb","itemListElement":[{"@type":"ListItem","position":1,"name":"Po\u010detna stranica","item":"https:\/\/www.pak.hr\/"},{"@type":"ListItem","position":2,"name":"International Organization for Judicial Training (IOJT)"}]},{"@type":"WebSite","@id":"https:\/\/www.pak.hr\/#website","url":"https:\/\/www.pak.hr\/","name":"Pravosudna akademija","description":"Pravosudna akademija","publisher":{"@id":"https:\/\/www.pak.hr\/#organization"},"potentialAction":[{"@type":"SearchAction","target":{"@type":"EntryPoint","urlTemplate":"https:\/\/www.pak.hr\/?s={search_term_string}"},"query-input":{"@type":"PropertyValueSpecification","valueRequired":true,"valueName":"search_term_string"}}],"inLanguage":"en-US"},{"@type":"Organization","@id":"https:\/\/www.pak.hr\/#organization","name":"Pravosudna akademija","url":"https:\/\/www.pak.hr\/","logo":{"@type":"ImageObject","inLanguage":"en-US","@id":"https:\/\/www.pak.hr\/#\/schema\/logo\/image\/","url":"https:\/\/www.pak.hr\/wp-content\/uploads\/2022\/03\/paklogo.png","contentUrl":"https:\/\/www.pak.hr\/wp-content\/uploads\/2022\/03\/paklogo.png","width":202,"height":89,"caption":"Pravosudna akademija"},"image":{"@id":"https:\/\/www.pak.hr\/#\/schema\/logo\/image\/"}}]}},"_links":{"self":[{"href":"https:\/\/www.pak.hr\/en\/wp-json\/wp\/v2\/pages\/1715","targetHints":{"allow":["GET"]}}],"collection":[{"href":"https:\/\/www.pak.hr\/en\/wp-json\/wp\/v2\/pages"}],"about":[{"href":"https:\/\/www.pak.hr\/en\/wp-json\/wp\/v2\/types\/page"}],"author":[{"embeddable":true,"href":"https:\/\/www.pak.hr\/en\/wp-json\/wp\/v2\/users\/1"}],"replies":[{"embeddable":true,"href":"https:\/\/www.pak.hr\/en\/wp-json\/wp\/v2\/comments?post=1715"}],"version-history":[{"count":2,"href":"https:\/\/www.pak.hr\/en\/wp-json\/wp\/v2\/pages\/1715\/revisions"}],"predecessor-version":[{"id":2053,"href":"https:\/\/www.pak.hr\/en\/wp-json\/wp\/v2\/pages\/1715\/revisions\/2053"}],"wp:attachment":[{"href":"https:\/\/www.pak.hr\/en\/wp-json\/wp\/v2\/media?parent=1715"}],"curies":[{"name":"wp","href":"https:\/\/api.w.org\/{rel}","templated":true}]}}