{"id":1719,"date":"2022-03-25T15:56:36","date_gmt":"2022-03-25T14:56:36","guid":{"rendered":"https:\/\/www.pak.hr\/?page_id=1719"},"modified":"2022-06-09T07:45:39","modified_gmt":"2022-06-09T05:45:39","slug":"links","status":"publish","type":"page","link":"https:\/\/www.pak.hr\/en\/links\/","title":{"rendered":"Links"},"content":{"rendered":"<h4>Linkovi<\/h4>\n<p><strong>Institucije u Republici Hrvatskoj<\/strong><\/p>\n<ul>\n<li><a href=\"http:\/\/www.predsjednik.hr\/Default.aspx\" target=\"_blank\" rel=\"noopener\">Ured predsjednika Republike Hrvatske<\/a><\/li>\n<li><a href=\"http:\/\/www.vlada.hr\/hr\/naslovnica\" target=\"_blank\" rel=\"noopener\">Vlada Republike Hrvatske<\/a><\/li>\n<li><a href=\"http:\/\/www.sabor.hr\/Default.aspx\" target=\"_blank\" rel=\"noopener\">Hrvatski sabor<\/a><\/li>\n<li><a href=\"http:\/\/www.usud.hr\/\" target=\"_blank\" rel=\"noopener\">Ustavni sud Republike Hrvatske<\/a><\/li>\n<\/ul>\n<p><strong>Pravosudna tijela u Republici Hrvatskoj<\/strong><\/p>\n<ul>\n<li><a href=\"http:\/\/www.vsrh.hr\/EasyWeb.asp?pcpid=579\" target=\"_blank\" rel=\"noopener\">Vrhovni sud Republike Hrvatske<\/a><\/li>\n<li><a href=\"http:\/\/www.vtsrh.hr\/\" target=\"_blank\" rel=\"noopener\">Visoki trgova\u010dki sud Republike Hrvatske <\/a><\/li>\n<li><a href=\"http:\/\/www.upravnisudrh.hr\/frames.php?right=links.php\" target=\"_blank\" rel=\"noopener\">Visoki upravni sud Republike Hrvatske<\/a><\/li>\n<li><a href=\"https:\/\/sudovi.pravosudje.hr\/VPSRH\/index.php?linkID=1\" target=\"_blank\" rel=\"noopener\">Visoki prekr\u0161ajni sud Republike Hrvatske<\/a><\/li>\n<li><a href=\"http:\/\/sudovi.pravosudje.hr\/\" target=\"_blank\" rel=\"noopener\">Trgova\u010dki sudovi Republike Hrvatske<\/a><\/li>\n<li><a href=\"http:\/\/sudovi.pravosudje.hr\/\" target=\"_blank\" rel=\"noopener\">\u017dupanijski sudovi Republike Hrvatske<\/a><\/li>\n<li><a href=\"http:\/\/sudovi.pravosudje.hr\/\" target=\"_blank\" rel=\"noopener\">Op\u0107inski sudovi Republike Hrvatske <\/a><\/li>\n<li><a href=\"http:\/\/sudovi.pravosudje.hr\/\" target=\"_blank\" rel=\"noopener\">Upravni sudovi Republike Hrvatske<\/a><\/li>\n<li><a href=\"http:\/\/sudovi.pravosudje.hr\/\" target=\"_blank\" rel=\"noopener\">Prekr\u0161ajni sudovi Republike Hrvatske <\/a><\/li>\n<li><a href=\"http:\/\/www.dorh.hr\/Default.aspx\" target=\"_blank\" rel=\"noopener\">Dr\u017eavno odvjetni\u0161tvo Republike Hrvatske (DORH)<\/a><\/li>\n<li><a href=\"http:\/\/www.dorh.hr\/Default.aspx?sec=18\" target=\"_blank\" rel=\"noopener\">Ured za suzbijanje korupcije i organiziranog kriminaliteta (USKOK) <\/a><\/li>\n<li><a href=\"http:\/\/www.dorh.hr\/Default.aspx\" target=\"_blank\" rel=\"noopener\">\u017dupanijska dr\u017eavna odvjetni\u0161tva Republike Hrvatske<\/a><\/li>\n<li><a href=\"http:\/\/www.dorh.hr\/Default.aspx\" target=\"_blank\" rel=\"noopener\">Op\u0107inska dr\u017eavna odvjetni\u0161tva Republike Hrvats<\/a><\/li>\n<\/ul>\n<p><strong>Tijela dr\u017eavne uprave u Republici Hrvatskoj (ministarstva)<\/strong><\/p>\n<ul>\n<li><a href=\"http:\/\/www.mingorp.hr\/\" target=\"_blank\" rel=\"noopener\">Ministarstvo gospodarstva <\/a><\/li>\n<li><a href=\"http:\/\/www.mrrsvg.hr\/\" target=\"_blank\" rel=\"noopener\">Ministarstvo regionalnog razvoja i fondova EU<\/a><\/li>\n<li><a href=\"http:\/\/www.mfin.hr\/hr\/\" target=\"_blank\" rel=\"noopener\">Ministarstvo financija<\/a><\/li>\n<li><a href=\"http:\/\/www.morh.hr\/\" target=\"_blank\" rel=\"noopener\">Ministarstvo obrane<\/a><\/li>\n<li><a href=\"http:\/\/www.mvep.hr\/MVP.asp?pcpid=1123\" target=\"_blank\" rel=\"noopener\">Ministarstvo vanjskih i europskih poslova<\/a><\/li>\n<li><a href=\"http:\/\/www.mup.hr\/\" target=\"_blank\" rel=\"noopener\">Ministarstvo unutarnjih poslova <\/a><\/li>\n<li><a href=\"http:\/\/www.mprh.hr\/mprh-hr\" target=\"_blank\" rel=\"noopener\">Ministarstvo pravosu\u0111a<\/a><\/li>\n<li><a href=\"http:\/\/www.uprava.hr\/\" target=\"_blank\" rel=\"noopener\">Ministarstvo uprave<\/a><\/li>\n<li>Ministarstvo poduzetni\u0161tva i obrta (u izradi)<\/li>\n<li>Ministarstvo rada i mirovinskog sustava (u izradi)<\/li>\n<li><a href=\"http:\/\/www.mmpi.hr\/\" target=\"_blank\" rel=\"noopener\">Ministarstvo pomorstva, prometa i infrastrukture<\/a><\/li>\n<li><a href=\"http:\/\/www.mps.hr\/\" target=\"_blank\" rel=\"noopener\">Ministarstvo poljoprivrede<\/a><\/li>\n<li><a href=\"http:\/\/www.mint.hr\/default.aspx\" target=\"_blank\" rel=\"noopener\">Ministarstvo turizma<\/a><\/li>\n<li><a href=\"http:\/\/www.mzopu.hr\/\" target=\"_blank\" rel=\"noopener\">Ministarstvo za\u0161tite okoli\u0161a i prirode<\/a><\/li>\n<li><a href=\"http:\/\/www.mgipu.hr\/\" target=\"_blank\" rel=\"noopener\">Ministarstvo graditeljstva i prostornoga ure\u0111enja<\/a><\/li>\n<li>Ministarstvo branitelja (u izradi)<\/li>\n<li>Ministarstvo socijalne politike i mladih (u izradi)<\/li>\n<li>Ministarstvo zdravlja (u izradi)<\/li>\n<li><a href=\"http:\/\/public.mzos.hr\/Default.aspx\" target=\"_blank\" rel=\"noopener\">Ministarstvo znanosti, obrazovanja i sporta <\/a><\/li>\n<li><a href=\"http:\/\/www.min-kulture.hr\/\" target=\"_blank\" rel=\"noopener\">Ministarstvo kulture<\/a><\/li>\n<\/ul>\n<p><strong>Obrazovne institiucije u Republici Hrvatskoj<\/strong><\/p>\n<ul>\n<li><a href=\"http:\/\/www.pravo.unizg.hr\/\" target=\"_blank\" rel=\"noopener\">Pravni fakultet Sveu\u010dili\u0161ta u Zagrebu<\/a><\/li>\n<li><a href=\"http:\/\/www.pravst.hr\/\" target=\"_blank\" rel=\"noopener\">Pravni fakultet Sveu\u010dili\u0161ta u Splitu<\/a><\/li>\n<li><a href=\"http:\/\/www.pravri.hr\/hr\/\" target=\"_blank\" rel=\"noopener\">Pravni fakultet Sveu\u010dili\u0161ta u Rijeci<\/a><\/li>\n<li><a href=\"http:\/\/www.pravos.hr\/\" target=\"_blank\" rel=\"noopener\">Pravni fakultet Sveu\u010dili\u0161ta u Osijeku<\/a><\/li>\n<\/ul>\n<p><strong>Me\u0111unarodni linkovi<\/strong><\/p>\n<ul>\n<li><a href=\"http:\/\/europa.eu\/\" target=\"_blank\" rel=\"noopener\">Europska unija<\/a><\/li>\n<li><a href=\"http:\/\/www.coe.int\/lportal\/web\/coe-portal\" target=\"_blank\" rel=\"noopener\">Vije\u0107e Europe<\/a><\/li>\n<li><a href=\"http:\/\/helpcoe.org\/national-page\/croatia\" target=\"_blank\" rel=\"noopener\">HELP Program<\/a><\/li>\n<li><a href=\"http:\/\/help.ppa.coe.int\/login\/index.php\" target=\"_blank\" rel=\"noopener\">HELP Program &#8211; prijava<\/a><\/li>\n<li><a href=\"http:\/\/www.coe.int\/t\/dghl\/cooperation\/cepej\/newsletter\/2012\/10_newsletter_Juin12_en.asp\" target=\"_blank\" rel=\"noopener\">CEPEJ &#8211; Coaching programmes for European courts<\/a><\/li>\n<li><a href=\"http:\/\/www.un.org\/\" target=\"_blank\" rel=\"noopener\">Ujedinjeni narodi<\/a><\/li>\n<li><a href=\"http:\/\/www.icty.org\/\" target=\"_blank\" rel=\"noopener\">Me\u0111unarodni kazneni sud za biv\u0161u Jugoslaviju<\/a><\/li>\n<li><a href=\"http:\/\/www.icj-cij.org\/\" target=\"_blank\" rel=\"noopener\">Me\u0111unarodni sud pravde u Haagu<\/a><\/li>\n<li><a href=\"http:\/\/www.echr.coe.int\/echr\/\" target=\"_blank\" rel=\"noopener\">Me\u0111unarodni sud za ljudska prava<\/a><\/li>\n<li><a href=\"http:\/\/www.ejtn.net\/\" target=\"_blank\" rel=\"noopener\">Europska mre\u017ea pravosudnih centara (EJTN)<\/a><\/li>\n<li><a href=\"https:\/\/www.era.int\/cgi-bin\/cms?_SID=NEW&amp;_sprache=en&amp;_bereich=ansicht&amp;_aktion=detail&amp;schluessel=era\" target=\"_blank\" rel=\"noopener\">Akademija za europsko pravo (ERA)<\/a><\/li>\n<li><a href=\"http:\/\/www.eipa.nl\/en\/home\/\" target=\"_blank\" rel=\"noopener\">Europski institut za javnu upravu (EIPA)<\/a><\/li>\n<li><a href=\"http:\/\/www.iojt.org\/iojt2\/index.html\" target=\"_blank\" rel=\"noopener\">Me\u0111unarodna organizacija za edukaciju pravosudnih du\u017enosnika (IOJT) <\/a><\/li>\n<li><a href=\"http:\/\/www.irz-stiftung.de\/\" target=\"_blank\" rel=\"noopener\">Njema\u010dka zaklada za me\u0111unarodnu pravnu suradnju<\/a><\/li>\n<li><a href=\"http:\/\/www.delhrv.ec.europa.eu\/?lang=hr\" target=\"_blank\" rel=\"noopener\">Delegacija Europske unije u Republici Hrvatskoj<\/a><\/li>\n<\/ul>\n<p><strong>Baze pravnih podataka (Republika Hrvatska)<\/strong><\/p>\n<ul>\n<li><a href=\"http:\/\/sudskapraksa.vsrh.hr\/supra\/SearchCriteriaSimple.asp?ViewFilter=0&amp;Menu=Pretrazivanje\" target=\"_blank\" rel=\"noopener\">&#8220;SuPra&#8221; Baza podataka Vrhovnog suda Republike Hrvatske &#8220;Sudska praksa&#8221; <\/a><\/li>\n<li><a href=\"http:\/\/www.vtsrh.hr\/\" target=\"_blank\" rel=\"noopener\">Baza podataka Visokog trgova\u010dkog suda Republike Hrvatske<\/a><\/li>\n<li><a href=\"http:\/\/www.pravnadatoteka.hr\/hrv\/index.asp\" target=\"_blank\" rel=\"noopener\">Intellectio Iuris<\/a><\/li>\n<\/ul>\n<p><strong>Me\u0111unarodne baze podataka<\/strong><\/p>\n<ul>\n<li><a href=\"http:\/\/curia.europa.eu\/juris\/recherche.jsf?language=en\" target=\"_blank\" rel=\"noopener\">Database of the Court of Justice of the European Communities<\/a><\/li>\n<li><a href=\"http:\/\/eur-lex.europa.eu\/\" target=\"_blank\" rel=\"noopener\">European Unions Law (EUR-LEX)<\/a><\/li>\n<li><a href=\"http:\/\/cmiskp.echr.coe.int\/tkp197\/search.asp?skin=hudoc-en\" target=\"_blank\" rel=\"noopener\">European Court of Human Rights Case Law Database<\/a><\/li>\n<li>International Criminal Court Legal Tools (u izradi)<\/li>\n<li><a href=\"http:\/\/oami.europa.eu\/ows\/rw\/pages\/QPLUS\/databases\/databases.en.do\" target=\"_blank\" rel=\"noopener\">EU Trade Marks and Designs Database<\/a><\/li>\n<li><a href=\"http:\/\/ep.espacenet.com\/\" target=\"_blank\" rel=\"noopener\">European Patent Office Database<\/a><\/li>\n<li><a href=\"http:\/\/www.wipo.int\/wipogold\/en\/\" target=\"_blank\" rel=\"noopener\">World Intellectual Property Digital Library<\/a><\/li>\n<li><a href=\"http:\/\/wcjp.unicri.it\/\" target=\"_blank\" rel=\"noopener\">World Crimes Justice Project<\/a><\/li>\n<\/ul>\n<p><strong>Korisni linkovi<\/strong><\/p>\n<ul>\n<li><a href=\"http:\/\/www.hok-cba.hr\/Default.aspx\" target=\"_blank\" rel=\"noopener\">Hrvatska odvjetni\u010dka komora<\/a><\/li>\n<li><a href=\"http:\/\/www.hjk.hr\/\" target=\"_blank\" rel=\"noopener\">Hrvatska javnobilje\u017eni\u010dka komora<\/a><\/li>\n<li><a href=\"http:\/\/www.legalis.hr\/modules\/news\/\" target=\"_blank\" rel=\"noopener\">Legalis<\/a><\/li>\n<li><a href=\"http:\/\/www.sudacka-mreza.hr\/\" target=\"_blank\" rel=\"noopener\">Suda\u010dka mre\u017ea<\/a><\/li>\n<li><a href=\"http:\/\/www.mvep.hr\/zakoni\/Default.aspx\" target=\"_blank\" rel=\"noopener\">Prijevodi pravnih propisa Republike Hrvatske<\/a><\/li>\n<li><a href=\"http:\/\/www.mvep.hr\/pre\/\" target=\"_blank\" rel=\"noopener\">Popis prijevoda pravne ste\u010devine EU-a za sva podru\u010dja<\/a><\/li>\n<\/ul>\n<p><strong>\u010cetverojezi\u010dni rije\u010dnik prava Europske unije<\/strong><\/p>\n<ul>\n<li><a href=\"http:\/\/norma.hidra.hr\/rjecnik\/rjecnik.asp\" target=\"_blank\" rel=\"noopener\">\u010cetverojezi\u010dni rije\u010dnik prava Europske unije<\/a><\/li>\n<\/ul>\n","protected":false},"excerpt":{"rendered":"<p>Linkovi Institucije u Republici Hrvatskoj Ured predsjednika Republike Hrvatske Vlada Republike Hrvatske Hrvatski sabor Ustavni sud Republike Hrvatske Pravosudna tijela u Republici Hrvatskoj Vrhovni sud Republike Hrvatske Visoki trgova\u010dki sud&#8230;<\/p>\n","protected":false},"author":1,"featured_media":0,"parent":0,"menu_order":0,"comment_status":"closed","ping_status":"closed","template":"","meta":{"footnotes":""},"class_list":["post-1719","page","type-page","status-publish","hentry"],"yoast_head":"<!-- This site is optimized with the Yoast SEO plugin v27.4 - https:\/\/yoast.com\/product\/yoast-seo-wordpress\/ -->\n<title>Links - Pravosudna akademija<\/title>\n<meta name=\"description\" content=\"Pravosudna akademija - Program cjelo\u017eivotnog stru\u010dnog usavr\u0161avanja je provedba inicijalnih programa za vje\u017ebenike u pravosudnim tijelima te za kandidate za suce i zamjenike dr\u017eavnih odvjetnika\" \/>\n<meta name=\"robots\" content=\"index, follow, max-snippet:-1, max-image-preview:large, max-video-preview:-1\" \/>\n<link rel=\"canonical\" href=\"https:\/\/www.pak.hr\/links\/\" \/>\n<meta property=\"og:locale\" content=\"en_US\" \/>\n<meta property=\"og:type\" content=\"article\" \/>\n<meta property=\"og:title\" content=\"Links - Pravosudna akademija\" \/>\n<meta property=\"og:description\" content=\"Pravosudna akademija - Program cjelo\u017eivotnog stru\u010dnog usavr\u0161avanja je provedba inicijalnih programa za vje\u017ebenike u pravosudnim tijelima te za kandidate za suce i zamjenike dr\u017eavnih odvjetnika\" \/>\n<meta property=\"og:url\" content=\"https:\/\/www.pak.hr\/links\/\" \/>\n<meta property=\"og:site_name\" content=\"Pravosudna akademija\" \/>\n<meta property=\"article:modified_time\" content=\"2022-06-09T05:45:39+00:00\" \/>\n<meta name=\"twitter:card\" content=\"summary_large_image\" \/>\n<meta name=\"twitter:label1\" content=\"Est. reading time\" \/>\n\t<meta name=\"twitter:data1\" content=\"2 minutes\" \/>\n<script type=\"application\/ld+json\" class=\"yoast-schema-graph\">{\"@context\":\"https:\\\/\\\/schema.org\",\"@graph\":[{\"@type\":\"WebPage\",\"@id\":\"https:\\\/\\\/www.pak.hr\\\/links\\\/\",\"url\":\"https:\\\/\\\/www.pak.hr\\\/links\\\/\",\"name\":\"Links - Pravosudna akademija\",\"isPartOf\":{\"@id\":\"https:\\\/\\\/www.pak.hr\\\/#website\"},\"datePublished\":\"2022-03-25T14:56:36+00:00\",\"dateModified\":\"2022-06-09T05:45:39+00:00\",\"description\":\"Pravosudna akademija - Program cjelo\u017eivotnog stru\u010dnog usavr\u0161avanja je provedba inicijalnih programa za vje\u017ebenike u pravosudnim tijelima te za kandidate za suce i zamjenike dr\u017eavnih odvjetnika\",\"breadcrumb\":{\"@id\":\"https:\\\/\\\/www.pak.hr\\\/links\\\/#breadcrumb\"},\"inLanguage\":\"en-US\",\"potentialAction\":[{\"@type\":\"ReadAction\",\"target\":[\"https:\\\/\\\/www.pak.hr\\\/links\\\/\"]}]},{\"@type\":\"BreadcrumbList\",\"@id\":\"https:\\\/\\\/www.pak.hr\\\/links\\\/#breadcrumb\",\"itemListElement\":[{\"@type\":\"ListItem\",\"position\":1,\"name\":\"Po\u010detna stranica\",\"item\":\"https:\\\/\\\/www.pak.hr\\\/\"},{\"@type\":\"ListItem\",\"position\":2,\"name\":\"Links\"}]},{\"@type\":\"WebSite\",\"@id\":\"https:\\\/\\\/www.pak.hr\\\/#website\",\"url\":\"https:\\\/\\\/www.pak.hr\\\/\",\"name\":\"Pravosudna akademija\",\"description\":\"Pravosudna akademija\",\"publisher\":{\"@id\":\"https:\\\/\\\/www.pak.hr\\\/#organization\"},\"potentialAction\":[{\"@type\":\"SearchAction\",\"target\":{\"@type\":\"EntryPoint\",\"urlTemplate\":\"https:\\\/\\\/www.pak.hr\\\/?s={search_term_string}\"},\"query-input\":{\"@type\":\"PropertyValueSpecification\",\"valueRequired\":true,\"valueName\":\"search_term_string\"}}],\"inLanguage\":\"en-US\"},{\"@type\":\"Organization\",\"@id\":\"https:\\\/\\\/www.pak.hr\\\/#organization\",\"name\":\"Pravosudna akademija\",\"url\":\"https:\\\/\\\/www.pak.hr\\\/\",\"logo\":{\"@type\":\"ImageObject\",\"inLanguage\":\"en-US\",\"@id\":\"https:\\\/\\\/www.pak.hr\\\/#\\\/schema\\\/logo\\\/image\\\/\",\"url\":\"https:\\\/\\\/www.pak.hr\\\/wp-content\\\/uploads\\\/2022\\\/03\\\/paklogo.png\",\"contentUrl\":\"https:\\\/\\\/www.pak.hr\\\/wp-content\\\/uploads\\\/2022\\\/03\\\/paklogo.png\",\"width\":202,\"height\":89,\"caption\":\"Pravosudna akademija\"},\"image\":{\"@id\":\"https:\\\/\\\/www.pak.hr\\\/#\\\/schema\\\/logo\\\/image\\\/\"}}]}<\/script>\n<!-- \/ Yoast SEO plugin. -->","yoast_head_json":{"title":"Links - Pravosudna akademija","description":"Pravosudna akademija - Program cjelo\u017eivotnog stru\u010dnog usavr\u0161avanja je provedba inicijalnih programa za vje\u017ebenike u pravosudnim tijelima te za kandidate za suce i zamjenike dr\u017eavnih odvjetnika","robots":{"index":"index","follow":"follow","max-snippet":"max-snippet:-1","max-image-preview":"max-image-preview:large","max-video-preview":"max-video-preview:-1"},"canonical":"https:\/\/www.pak.hr\/links\/","og_locale":"en_US","og_type":"article","og_title":"Links - Pravosudna akademija","og_description":"Pravosudna akademija - Program cjelo\u017eivotnog stru\u010dnog usavr\u0161avanja je provedba inicijalnih programa za vje\u017ebenike u pravosudnim tijelima te za kandidate za suce i zamjenike dr\u017eavnih odvjetnika","og_url":"https:\/\/www.pak.hr\/links\/","og_site_name":"Pravosudna akademija","article_modified_time":"2022-06-09T05:45:39+00:00","twitter_card":"summary_large_image","twitter_misc":{"Est. reading time":"2 minutes"},"schema":{"@context":"https:\/\/schema.org","@graph":[{"@type":"WebPage","@id":"https:\/\/www.pak.hr\/links\/","url":"https:\/\/www.pak.hr\/links\/","name":"Links - Pravosudna akademija","isPartOf":{"@id":"https:\/\/www.pak.hr\/#website"},"datePublished":"2022-03-25T14:56:36+00:00","dateModified":"2022-06-09T05:45:39+00:00","description":"Pravosudna akademija - Program cjelo\u017eivotnog stru\u010dnog usavr\u0161avanja je provedba inicijalnih programa za vje\u017ebenike u pravosudnim tijelima te za kandidate za suce i zamjenike dr\u017eavnih odvjetnika","breadcrumb":{"@id":"https:\/\/www.pak.hr\/links\/#breadcrumb"},"inLanguage":"en-US","potentialAction":[{"@type":"ReadAction","target":["https:\/\/www.pak.hr\/links\/"]}]},{"@type":"BreadcrumbList","@id":"https:\/\/www.pak.hr\/links\/#breadcrumb","itemListElement":[{"@type":"ListItem","position":1,"name":"Po\u010detna stranica","item":"https:\/\/www.pak.hr\/"},{"@type":"ListItem","position":2,"name":"Links"}]},{"@type":"WebSite","@id":"https:\/\/www.pak.hr\/#website","url":"https:\/\/www.pak.hr\/","name":"Pravosudna akademija","description":"Pravosudna akademija","publisher":{"@id":"https:\/\/www.pak.hr\/#organization"},"potentialAction":[{"@type":"SearchAction","target":{"@type":"EntryPoint","urlTemplate":"https:\/\/www.pak.hr\/?s={search_term_string}"},"query-input":{"@type":"PropertyValueSpecification","valueRequired":true,"valueName":"search_term_string"}}],"inLanguage":"en-US"},{"@type":"Organization","@id":"https:\/\/www.pak.hr\/#organization","name":"Pravosudna akademija","url":"https:\/\/www.pak.hr\/","logo":{"@type":"ImageObject","inLanguage":"en-US","@id":"https:\/\/www.pak.hr\/#\/schema\/logo\/image\/","url":"https:\/\/www.pak.hr\/wp-content\/uploads\/2022\/03\/paklogo.png","contentUrl":"https:\/\/www.pak.hr\/wp-content\/uploads\/2022\/03\/paklogo.png","width":202,"height":89,"caption":"Pravosudna akademija"},"image":{"@id":"https:\/\/www.pak.hr\/#\/schema\/logo\/image\/"}}]}},"_links":{"self":[{"href":"https:\/\/www.pak.hr\/en\/wp-json\/wp\/v2\/pages\/1719","targetHints":{"allow":["GET"]}}],"collection":[{"href":"https:\/\/www.pak.hr\/en\/wp-json\/wp\/v2\/pages"}],"about":[{"href":"https:\/\/www.pak.hr\/en\/wp-json\/wp\/v2\/types\/page"}],"author":[{"embeddable":true,"href":"https:\/\/www.pak.hr\/en\/wp-json\/wp\/v2\/users\/1"}],"replies":[{"embeddable":true,"href":"https:\/\/www.pak.hr\/en\/wp-json\/wp\/v2\/comments?post=1719"}],"version-history":[{"count":2,"href":"https:\/\/www.pak.hr\/en\/wp-json\/wp\/v2\/pages\/1719\/revisions"}],"predecessor-version":[{"id":2047,"href":"https:\/\/www.pak.hr\/en\/wp-json\/wp\/v2\/pages\/1719\/revisions\/2047"}],"wp:attachment":[{"href":"https:\/\/www.pak.hr\/en\/wp-json\/wp\/v2\/media?parent=1719"}],"curies":[{"name":"wp","href":"https:\/\/api.w.org\/{rel}","templated":true}]}}