{"id":1721,"date":"2021-12-22T14:21:26","date_gmt":"2021-12-22T13:21:26","guid":{"rendered":"https:\/\/www.pak.hr\/?page_id=1721"},"modified":"2022-06-09T07:58:58","modified_gmt":"2022-06-09T05:58:58","slug":"public-procurement","status":"publish","type":"page","link":"https:\/\/www.pak.hr\/en\/public-procurement\/","title":{"rendered":"Public procurement"},"content":{"rendered":"<h4>Sukob interesa<\/h4>\n<p>Sukladno \u010dlanku 80. Zakona o javnoj nabavi (NN 120\/16) Pravosudna akademija objavljuje popis gospodarskih subjekata s kojima je predstavnik naru\u010ditelja ili s njime povezane osobe u sukobu interesa:<\/p>\n<p class=\"x_MsoNormal\">CARICA NOVA d.o.o., Velebitska 99, 21000 Split<\/p>\n<p class=\"x_MsoNormal\">ADRIACERT d.o.o., Fallerovo \u0161etali\u0161te 22, 10000 Zagreb<\/p>\n","protected":false},"excerpt":{"rendered":"<p>Sukob interesa Sukladno \u010dlanku 80. Zakona o javnoj nabavi (NN 120\/16) Pravosudna akademija objavljuje popis gospodarskih subjekata s kojima je predstavnik naru\u010ditelja ili s njime povezane osobe u sukobu interesa:&#8230;<\/p>\n","protected":false},"author":1,"featured_media":0,"parent":0,"menu_order":0,"comment_status":"closed","ping_status":"closed","template":"","meta":{"footnotes":""},"class_list":["post-1721","page","type-page","status-publish","hentry"],"yoast_head":"<!-- This site is optimized with the Yoast SEO plugin v27.4 - https:\/\/yoast.com\/product\/yoast-seo-wordpress\/ -->\n<title>Public procurement - Pravosudna akademija<\/title>\n<meta name=\"description\" content=\"Pravosudna akademija - Program cjelo\u017eivotnog stru\u010dnog usavr\u0161avanja je provedba inicijalnih programa za vje\u017ebenike u pravosudnim tijelima te za kandidate za suce i zamjenike dr\u017eavnih odvjetnika\" \/>\n<meta name=\"robots\" content=\"index, follow, max-snippet:-1, max-image-preview:large, max-video-preview:-1\" \/>\n<link rel=\"canonical\" href=\"https:\/\/www.pak.hr\/public-procurement\/\" \/>\n<meta property=\"og:locale\" content=\"en_US\" \/>\n<meta property=\"og:type\" content=\"article\" \/>\n<meta property=\"og:title\" content=\"Public procurement - Pravosudna akademija\" \/>\n<meta property=\"og:description\" content=\"Pravosudna akademija - Program cjelo\u017eivotnog stru\u010dnog usavr\u0161avanja je provedba inicijalnih programa za vje\u017ebenike u pravosudnim tijelima te za kandidate za suce i zamjenike dr\u017eavnih odvjetnika\" \/>\n<meta property=\"og:url\" content=\"https:\/\/www.pak.hr\/public-procurement\/\" \/>\n<meta property=\"og:site_name\" content=\"Pravosudna akademija\" \/>\n<meta property=\"article:modified_time\" content=\"2022-06-09T05:58:58+00:00\" \/>\n<meta name=\"twitter:card\" content=\"summary_large_image\" \/>\n<script type=\"application\/ld+json\" class=\"yoast-schema-graph\">{\"@context\":\"https:\\\/\\\/schema.org\",\"@graph\":[{\"@type\":\"WebPage\",\"@id\":\"https:\\\/\\\/www.pak.hr\\\/public-procurement\\\/\",\"url\":\"https:\\\/\\\/www.pak.hr\\\/public-procurement\\\/\",\"name\":\"Public procurement - Pravosudna akademija\",\"isPartOf\":{\"@id\":\"https:\\\/\\\/www.pak.hr\\\/#website\"},\"datePublished\":\"2021-12-22T13:21:26+00:00\",\"dateModified\":\"2022-06-09T05:58:58+00:00\",\"description\":\"Pravosudna akademija - Program cjelo\u017eivotnog stru\u010dnog usavr\u0161avanja je provedba inicijalnih programa za vje\u017ebenike u pravosudnim tijelima te za kandidate za suce i zamjenike dr\u017eavnih odvjetnika\",\"breadcrumb\":{\"@id\":\"https:\\\/\\\/www.pak.hr\\\/public-procurement\\\/#breadcrumb\"},\"inLanguage\":\"en-US\",\"potentialAction\":[{\"@type\":\"ReadAction\",\"target\":[\"https:\\\/\\\/www.pak.hr\\\/public-procurement\\\/\"]}]},{\"@type\":\"BreadcrumbList\",\"@id\":\"https:\\\/\\\/www.pak.hr\\\/public-procurement\\\/#breadcrumb\",\"itemListElement\":[{\"@type\":\"ListItem\",\"position\":1,\"name\":\"Po\u010detna stranica\",\"item\":\"https:\\\/\\\/www.pak.hr\\\/\"},{\"@type\":\"ListItem\",\"position\":2,\"name\":\"Public procurement\"}]},{\"@type\":\"WebSite\",\"@id\":\"https:\\\/\\\/www.pak.hr\\\/#website\",\"url\":\"https:\\\/\\\/www.pak.hr\\\/\",\"name\":\"Pravosudna akademija\",\"description\":\"Pravosudna akademija\",\"publisher\":{\"@id\":\"https:\\\/\\\/www.pak.hr\\\/#organization\"},\"potentialAction\":[{\"@type\":\"SearchAction\",\"target\":{\"@type\":\"EntryPoint\",\"urlTemplate\":\"https:\\\/\\\/www.pak.hr\\\/?s={search_term_string}\"},\"query-input\":{\"@type\":\"PropertyValueSpecification\",\"valueRequired\":true,\"valueName\":\"search_term_string\"}}],\"inLanguage\":\"en-US\"},{\"@type\":\"Organization\",\"@id\":\"https:\\\/\\\/www.pak.hr\\\/#organization\",\"name\":\"Pravosudna akademija\",\"url\":\"https:\\\/\\\/www.pak.hr\\\/\",\"logo\":{\"@type\":\"ImageObject\",\"inLanguage\":\"en-US\",\"@id\":\"https:\\\/\\\/www.pak.hr\\\/#\\\/schema\\\/logo\\\/image\\\/\",\"url\":\"https:\\\/\\\/www.pak.hr\\\/wp-content\\\/uploads\\\/2022\\\/03\\\/paklogo.png\",\"contentUrl\":\"https:\\\/\\\/www.pak.hr\\\/wp-content\\\/uploads\\\/2022\\\/03\\\/paklogo.png\",\"width\":202,\"height\":89,\"caption\":\"Pravosudna akademija\"},\"image\":{\"@id\":\"https:\\\/\\\/www.pak.hr\\\/#\\\/schema\\\/logo\\\/image\\\/\"}}]}<\/script>\n<!-- \/ Yoast SEO plugin. -->","yoast_head_json":{"title":"Public procurement - Pravosudna akademija","description":"Pravosudna akademija - Program cjelo\u017eivotnog stru\u010dnog usavr\u0161avanja je provedba inicijalnih programa za vje\u017ebenike u pravosudnim tijelima te za kandidate za suce i zamjenike dr\u017eavnih odvjetnika","robots":{"index":"index","follow":"follow","max-snippet":"max-snippet:-1","max-image-preview":"max-image-preview:large","max-video-preview":"max-video-preview:-1"},"canonical":"https:\/\/www.pak.hr\/public-procurement\/","og_locale":"en_US","og_type":"article","og_title":"Public procurement - Pravosudna akademija","og_description":"Pravosudna akademija - Program cjelo\u017eivotnog stru\u010dnog usavr\u0161avanja je provedba inicijalnih programa za vje\u017ebenike u pravosudnim tijelima te za kandidate za suce i zamjenike dr\u017eavnih odvjetnika","og_url":"https:\/\/www.pak.hr\/public-procurement\/","og_site_name":"Pravosudna akademija","article_modified_time":"2022-06-09T05:58:58+00:00","twitter_card":"summary_large_image","schema":{"@context":"https:\/\/schema.org","@graph":[{"@type":"WebPage","@id":"https:\/\/www.pak.hr\/public-procurement\/","url":"https:\/\/www.pak.hr\/public-procurement\/","name":"Public procurement - Pravosudna akademija","isPartOf":{"@id":"https:\/\/www.pak.hr\/#website"},"datePublished":"2021-12-22T13:21:26+00:00","dateModified":"2022-06-09T05:58:58+00:00","description":"Pravosudna akademija - Program cjelo\u017eivotnog stru\u010dnog usavr\u0161avanja je provedba inicijalnih programa za vje\u017ebenike u pravosudnim tijelima te za kandidate za suce i zamjenike dr\u017eavnih odvjetnika","breadcrumb":{"@id":"https:\/\/www.pak.hr\/public-procurement\/#breadcrumb"},"inLanguage":"en-US","potentialAction":[{"@type":"ReadAction","target":["https:\/\/www.pak.hr\/public-procurement\/"]}]},{"@type":"BreadcrumbList","@id":"https:\/\/www.pak.hr\/public-procurement\/#breadcrumb","itemListElement":[{"@type":"ListItem","position":1,"name":"Po\u010detna stranica","item":"https:\/\/www.pak.hr\/"},{"@type":"ListItem","position":2,"name":"Public procurement"}]},{"@type":"WebSite","@id":"https:\/\/www.pak.hr\/#website","url":"https:\/\/www.pak.hr\/","name":"Pravosudna akademija","description":"Pravosudna akademija","publisher":{"@id":"https:\/\/www.pak.hr\/#organization"},"potentialAction":[{"@type":"SearchAction","target":{"@type":"EntryPoint","urlTemplate":"https:\/\/www.pak.hr\/?s={search_term_string}"},"query-input":{"@type":"PropertyValueSpecification","valueRequired":true,"valueName":"search_term_string"}}],"inLanguage":"en-US"},{"@type":"Organization","@id":"https:\/\/www.pak.hr\/#organization","name":"Pravosudna akademija","url":"https:\/\/www.pak.hr\/","logo":{"@type":"ImageObject","inLanguage":"en-US","@id":"https:\/\/www.pak.hr\/#\/schema\/logo\/image\/","url":"https:\/\/www.pak.hr\/wp-content\/uploads\/2022\/03\/paklogo.png","contentUrl":"https:\/\/www.pak.hr\/wp-content\/uploads\/2022\/03\/paklogo.png","width":202,"height":89,"caption":"Pravosudna akademija"},"image":{"@id":"https:\/\/www.pak.hr\/#\/schema\/logo\/image\/"}}]}},"_links":{"self":[{"href":"https:\/\/www.pak.hr\/en\/wp-json\/wp\/v2\/pages\/1721","targetHints":{"allow":["GET"]}}],"collection":[{"href":"https:\/\/www.pak.hr\/en\/wp-json\/wp\/v2\/pages"}],"about":[{"href":"https:\/\/www.pak.hr\/en\/wp-json\/wp\/v2\/types\/page"}],"author":[{"embeddable":true,"href":"https:\/\/www.pak.hr\/en\/wp-json\/wp\/v2\/users\/1"}],"replies":[{"embeddable":true,"href":"https:\/\/www.pak.hr\/en\/wp-json\/wp\/v2\/comments?post=1721"}],"version-history":[{"count":2,"href":"https:\/\/www.pak.hr\/en\/wp-json\/wp\/v2\/pages\/1721\/revisions"}],"predecessor-version":[{"id":2046,"href":"https:\/\/www.pak.hr\/en\/wp-json\/wp\/v2\/pages\/1721\/revisions\/2046"}],"wp:attachment":[{"href":"https:\/\/www.pak.hr\/en\/wp-json\/wp\/v2\/media?parent=1721"}],"curies":[{"name":"wp","href":"https:\/\/api.w.org\/{rel}","templated":true}]}}