{"id":1723,"date":"2021-12-21T14:29:45","date_gmt":"2021-12-21T13:29:45","guid":{"rendered":"https:\/\/www.pak.hr\/?page_id=1723"},"modified":"2022-06-14T09:45:46","modified_gmt":"2022-06-14T07:45:46","slug":"activity-report-of-the-judicial-academy","status":"publish","type":"page","link":"https:\/\/www.pak.hr\/en\/activity-report-of-the-judicial-academy\/","title":{"rendered":"Activity report of The Judicial Academy"},"content":{"rendered":"<h4>Izvje\u0161\u0107e o radu Pravosudne akademije<\/h4>\n<p><a href=\"https:\/\/www.pak.hr\/cke\/ostalo\/Izvje\u0161\u0107e o radu Pravosudne akademije za 2011 v2.doc\" target=\"_blank\" rel=\"noopener\">Izvje\u0161\u0107e o radu Pravosudne akademije za 2011.<\/a><\/p>\n<p><a href=\"https:\/\/www.pak.hr\/cke\/pdf hr\/Godi\u0161nje izvje\u0161\u0107e o radu PA 2012 v2.pdf\" target=\"_blank\" rel=\"noopener\">Izvje\u0161\u0107e o radu Pravosudne akademije za 2012.<\/a><\/p>\n<p><a href=\"https:\/\/www.pak.hr\/cke\/pdf hr\/Izvje\u0161\u0107e o radu Pravosudne akademije za 2013..pdf\" target=\"_blank\" rel=\"noopener\">Izvje\u0161\u0107e o radu Pravosudne akademije za 2013.<\/a><\/p>\n<p><a href=\"https:\/\/www.pak.hr\/cke\/pdf hr\/Godi\u0161nje izvje\u0161\u0107e o radu PA 2014.pdf\" target=\"_blank\" rel=\"noopener\">Izvje\u0161\u0107e o radu Pravosudne akademije za 2014.<\/a><\/p>\n<p><a href=\"https:\/\/www.pak.hr\/cke\/pdf hr\/Izvjesce_2015.pdf\" target=\"_blank\" rel=\"noopener\">Izvje\u0161\u0107e o radu Pravosudne akademije za 2015.<\/a><\/p>\n<p><a href=\"https:\/\/www.pak.hr\/cke\/ostalo 6\/Godi\u0161nje izvje\u0161\u0107e 2016 -za print.pdf\" target=\"_blank\" rel=\"noopener\">Izvje\u0161\u0107e o radu Pravosudne akademije za 2016.<\/a><\/p>\n<p><a href=\"https:\/\/www.pak.hr\/cke\/ostalo 7\/Godis\u030cnje izvjes\u030cc\u0301e 2017..docx\" target=\"_blank\" rel=\"noopener\">Izvje\u0161\u0107e o radu Pravosudne akademije za 2017.<\/a><\/p>\n<p><a href=\"https:\/\/www.pak.hr\/cke\/pdf hr\/Godi\u0161nje izvje\u0161\u0107e 2018.pdf\" target=\"_blank\" rel=\"noopener\">Izvje\u0161\u0107e o radu Pravosudne akademije za 2018.<\/a><\/p>\n<p><a href=\"https:\/\/www.pak.hr\/cke\/ostalo 12\/Godi\u0161nje izvje\u0161\u0107e 2019 (11).docx\">Izvje\u0161\u0107e o radu Pravosudne akademije za 2019.<\/a><\/p>\n<p><a href=\"https:\/\/www.pak.hr\/cke\/ostalo 12\/Godi\u0161nje izvje\u0161\u0107e 2020.pdf\" target=\"_blank\" rel=\"noopener\">Izvje\u0161\u0107e o radu Pravosudne akademije za 2020.<\/a><\/p>\n<p><a href=\"https:\/\/www.pak.hr\/wp-content\/uploads\/2022\/03\/Godisnje-izvjesce-2021.pdf\">Izvje\u0161\u0107e o radu Pravosudne akademije za 2021.<\/a><\/p>\n<p>Financijski plan<\/p>\n<p><a href=\"https:\/\/www.pak.hr\/cke\/ostalo 4\/FINANCIJSKI PLAN ZA 2014 GODINU.xlsx\" target=\"_blank\" rel=\"noopener\">Financijski plan za 2014. godinu<\/a><\/p>\n<p><a href=\"https:\/\/www.pak.hr\/cke\/ostalo 4\/FINANCIJSKI PLAN ZA 2015 GODINU.xlsx\" target=\"_blank\" rel=\"noopener\">Financijski plan za 2015. godinu<\/a><\/p>\n<p><a href=\"https:\/\/www.pak.hr\/cke\/ostalo 6\/1.NN OBJAVA 2016 PRORA\u010cUN 11006-PA.xlsx\" target=\"_blank\" rel=\"noopener\">Financijski plan za 2016. godinu<\/a><\/p>\n<p><a href=\"https:\/\/www.pak.hr\/cke\/ostalo 6\/FINANCIJSKI PLAN PRAVOSUDNE AKADEMIJE ZA 2017.GODINU.xls\" target=\"_blank\" rel=\"noopener\">Financijski plan za 2017. godinu<\/a><\/p>\n<p><a href=\"https:\/\/www.pak.hr\/cke\/ostalo 7\/11006 PLAN PRORA\u010cUNA 2018.pdf\" target=\"_blank\" rel=\"noopener\">Financijski plan za 2018. godinu<\/a><\/p>\n<p><a href=\"https:\/\/www.pak.hr\/cke\/ostalo 8\/Financijski plan za 2019. godinu.xlsx\" target=\"_blank\" rel=\"noopener\">Financijski plan za 2019. godinu<\/a><\/p>\n<p><a href=\"https:\/\/www.pak.hr\/cke\/ostalo 9\/Financijski plan za 2020..xlsx\" target=\"_blank\" rel=\"noopener\">Financijski plan za 2020. godinu<\/a><br \/>\n<a href=\"https:\/\/www.pak.hr\/wp-content\/uploads\/2022\/02\/Obrazlozenje-prijedloga-plana-rashoda-i-izdataka-za-PA-2020-2022.doc\">Obrazlo\u017eenje financijskog plana za 2020. godinu<\/a><br \/>\n<a href=\"http:\/\/www.pak.hr\/cke\/ostalo 11\/Financijski plan 2020 rebalans.xlsx\" target=\"_blank\" rel=\"noopener\">Financijski plan za 2020. godinu rebalans<\/a><\/p>\n<p><a href=\"https:\/\/www.pak.hr\/cke\/ostalo 11\/Financijski plan za 2021. godinu.xlsx\">Financijski plan za 2021. godinu<\/a><br \/>\n<a href=\"https:\/\/www.pak.hr\/cke\/ostalo 11\/Obrazlo\u017eenje financijskog plana 2021. godinu.doc\" target=\"_blank\" rel=\"noopener\">Obrazlo\u017eenje financijskog plana za 2021. godinu<\/a><br \/>\n<a href=\"https:\/\/www.pak.hr\/cke\/ostalo 14\/Prijedlog rebalansa 2021 - 10910 9.2021..xlsx\" target=\"_blank\" rel=\"noopener\">Financijski plan za 2021. godinu rebalans 1<\/a><br \/>\n<a href=\"https:\/\/www.pak.hr\/wp-content\/uploads\/2021\/12\/10910-PRAVOSUDNA-AKADEMIJA-REBALANS-2-2021..xlsx\">Financijski plan za 2021. godinu rebalans 2<\/a><\/p>\n<p><a href=\"https:\/\/www.pak.hr\/wp-content\/uploads\/2021\/12\/10910-PRAVOSUDNA-AKADEMIJA-proracun-2022.-2024..xlsx\">Financijski plan za 2022. godinu<\/a><\/p>\n<p><strong>Financijski izvje\u0161taj<\/strong><\/p>\n<p><a href=\"https:\/\/www.pak.hr\/cke\/ostalo 6\/OBRAZAC 4.1.0 PA 2015.xls\" target=\"_blank\" rel=\"noopener\">Financijski izvje\u0161taj za 2015. godinu<\/a><br \/>\n<a href=\"https:\/\/www.pak.hr\/cke\/ostalo 6\/referntna 2015..PDF\" target=\"_blank\" rel=\"noopener\">Financijski izvje\u0161taj za 2015. godinu &#8211;\u00a0referentna stranica<\/a><\/p>\n<p><a href=\"https:\/\/www.pak.hr\/cke\/ostalo 6\/GFI PA 2016.xls\" target=\"_blank\" rel=\"noopener\">Financijski izvje\u0161taj za 2016. godinu<\/a><br \/>\n<a href=\"https:\/\/www.pak.hr\/cke\/ostalo 6\/REFERENTNASTRANICA 2016..PDF\" target=\"_blank\" rel=\"noopener\">Financijski izvje\u0161taj za 2016. godinu &#8211; referentna stranica<\/a><\/p>\n<p><a href=\"https:\/\/www.pak.hr\/cke\/ostalo 7\/Financijski izvje\u0161taj za 2017. godinu.xls\" target=\"_blank\" rel=\"noopener\">Financijski izvje\u0161taj za 2017. godinu<\/a><br \/>\n<a href=\"https:\/\/www.pak.hr\/cke\/ostalo 7\/Financijski izvje\u0161taj za 2017. godinu - referentna stranica.PDF\" target=\"_blank\" rel=\"noopener\">Financijski izvje\u0161taj za 2017. godinu &#8211; referentna stranica<\/a><\/p>\n<p><a href=\"https:\/\/www.pak.hr\/cke\/ostalo 8\/2018. Obrasci financijskih izvjestaja v 5.0.6..xls\" target=\"_blank\" rel=\"noopener\">Financijski izvje\u0161taj za 2018. godinu<\/a><br \/>\n<a href=\"https:\/\/www.pak.hr\/cke\/ostalo 8\/2018 SCAN_referentna_stranica.pdf\" target=\"_blank\" rel=\"noopener\">Financijski izvje\u0161taj za 2018. godinu &#8211; referentna stranica<\/a><br \/>\n<a href=\"https:\/\/www.pak.hr\/cke\/ostalo 9\/Financijski izvje\u0161taj za 2018. godinu - bilje\u0161ke.pdf\" target=\"_blank\" rel=\"noopener\">Financijski izvje\u0161taj za 2018. godinu &#8211; bilje\u0161ke<\/a><\/p>\n<p><a href=\"https:\/\/www.pak.hr\/cke\/ostalo 9\/Financijski izvje\u0161taj za 2019. godinu.xls\" target=\"_blank\" rel=\"noopener\">Financijski izvje\u0161taj za 2019. godinu<\/a><br \/>\n<a href=\"https:\/\/www.pak.hr\/cke\/ostalo 9\/Financijski izvje\u0161taj za 2019. godinu - referentna stranica.PDF\" target=\"_blank\" rel=\"noopener\">Financijski izvje\u0161taj za 2019. godinu &#8211; referentna stranica<\/a><br \/>\n<a href=\"https:\/\/www.pak.hr\/cke\/ostalo 9\/Financijski izvje\u0161taj za 2019. godinu \u2013 bilje\u0161ke.pdf\" target=\"_blank\" rel=\"noopener\">Financijski izvje\u0161taj za 2019. godinu &#8211; bilje\u0161ke<\/a><\/p>\n<p><a href=\"https:\/\/www.pak.hr\/cke\/ostalo 12\/NOVO - Obrasci financijskih izvjestaja v.6.0.2.xls\" target=\"_blank\" rel=\"noopener\">Financijski izvje\u0161taj za 2020. godinu<\/a><br \/>\n<a href=\"https:\/\/www.pak.hr\/cke\/ostalo 12\/referentna stranica 2020.PDF\" target=\"_blank\" rel=\"noopener\">Financijski izvje\u0161taj za 2020. godinu &#8211; referentna stranica<\/a><br \/>\n<a href=\"https:\/\/www.pak.hr\/cke\/ostalo 12\/BILJE\u0160KE UZ PRI - RAS 31.12.2020.doc\" target=\"_blank\" rel=\"noopener\">Financijski izvje\u0161taj za 2020. godinu &#8211; bilje\u0161ke pri &#8211; ras<\/a><br \/>\n<a href=\"https:\/\/www.pak.hr\/cke\/ostalo 12\/2.BILJE\u0160KE UZ BILANCU 31.12.2020.doc\" target=\"_blank\" rel=\"noopener\">Financijski izvje\u0161taj za 2020. godinu &#8211; bilje\u0161ke uz bilancu<\/a><\/p>\n<p><a href=\"https:\/\/www.pak.hr\/wp-content\/uploads\/2022\/01\/Obrasci-financijskih-izvjestaja-v.7.0.3.xls\" target=\"_blank\" rel=\"noopener\">Financijski izvje\u0161taj za 2021. godinu<\/a><br \/>\n<a href=\"https:\/\/www.pak.hr\/wp-content\/uploads\/2022\/01\/potvrda-fina-I-REF-STR.pdf\" target=\"_blank\" rel=\"noopener\">Financijski izvje\u0161taj za 2021. godinu &#8211; referentna stranica<\/a><br \/>\n<a href=\"https:\/\/www.pak.hr\/wp-content\/uploads\/2022\/01\/BILJESKE-UZ-PRI-RAS-31.12.2021.doc\" target=\"_blank\" rel=\"noopener\">Financijski izvje\u0161taj za 2021. godinu &#8211; bilje\u0161ke pri &#8211; ras<\/a><br \/>\n<a href=\"https:\/\/www.pak.hr\/wp-content\/uploads\/2022\/01\/2.BILJESKE-UZ-BILANCU-31.12.2021.doc\" target=\"_blank\" rel=\"noopener\">Financijski izvje\u0161taj za 2021. godinu &#8211; bilje\u0161ke uz bilancu<\/a><\/p>\n","protected":false},"excerpt":{"rendered":"<p>Izvje\u0161\u0107e o radu Pravosudne akademije Izvje\u0161\u0107e o radu Pravosudne akademije za 2011. Izvje\u0161\u0107e o radu Pravosudne akademije za 2012. Izvje\u0161\u0107e o radu Pravosudne akademije za 2013. Izvje\u0161\u0107e o radu Pravosudne&#8230;<\/p>\n","protected":false},"author":1,"featured_media":-1,"parent":0,"menu_order":0,"comment_status":"closed","ping_status":"closed","template":"","meta":{"footnotes":""},"class_list":["post-1723","page","type-page","status-publish","has-post-thumbnail","hentry"],"yoast_head":"<!-- This site is optimized with the Yoast SEO plugin v27.4 - https:\/\/yoast.com\/product\/yoast-seo-wordpress\/ -->\n<title>Activity report of The Judicial Academy - Pravosudna akademija<\/title>\n<meta name=\"description\" content=\"Pravosudna akademija - Program cjelo\u017eivotnog stru\u010dnog usavr\u0161avanja je provedba inicijalnih programa za vje\u017ebenike u pravosudnim tijelima te za kandidate za suce i zamjenike dr\u017eavnih odvjetnika\" \/>\n<meta name=\"robots\" content=\"index, follow, max-snippet:-1, max-image-preview:large, max-video-preview:-1\" \/>\n<link rel=\"canonical\" href=\"https:\/\/www.pak.hr\/activity-report-of-the-judicial-academy\/\" \/>\n<meta property=\"og:locale\" content=\"en_US\" \/>\n<meta property=\"og:type\" content=\"article\" \/>\n<meta property=\"og:title\" content=\"Activity report of The Judicial Academy - Pravosudna akademija\" \/>\n<meta property=\"og:description\" content=\"Pravosudna akademija - Program cjelo\u017eivotnog stru\u010dnog usavr\u0161avanja je provedba inicijalnih programa za vje\u017ebenike u pravosudnim tijelima te za kandidate za suce i zamjenike dr\u017eavnih odvjetnika\" \/>\n<meta property=\"og:url\" content=\"https:\/\/www.pak.hr\/activity-report-of-the-judicial-academy\/\" \/>\n<meta property=\"og:site_name\" content=\"Pravosudna akademija\" \/>\n<meta property=\"article:modified_time\" content=\"2022-06-14T07:45:46+00:00\" \/>\n<meta name=\"twitter:card\" content=\"summary_large_image\" \/>\n<meta name=\"twitter:label1\" content=\"Est. reading time\" \/>\n\t<meta name=\"twitter:data1\" content=\"2 minutes\" \/>\n<script type=\"application\/ld+json\" class=\"yoast-schema-graph\">{\"@context\":\"https:\\\/\\\/schema.org\",\"@graph\":[{\"@type\":\"WebPage\",\"@id\":\"https:\\\/\\\/www.pak.hr\\\/activity-report-of-the-judicial-academy\\\/\",\"url\":\"https:\\\/\\\/www.pak.hr\\\/activity-report-of-the-judicial-academy\\\/\",\"name\":\"Activity report of The Judicial Academy - Pravosudna akademija\",\"isPartOf\":{\"@id\":\"https:\\\/\\\/www.pak.hr\\\/#website\"},\"datePublished\":\"2021-12-21T13:29:45+00:00\",\"dateModified\":\"2022-06-14T07:45:46+00:00\",\"description\":\"Pravosudna akademija - Program cjelo\u017eivotnog stru\u010dnog usavr\u0161avanja je provedba inicijalnih programa za vje\u017ebenike u pravosudnim tijelima te za kandidate za suce i zamjenike dr\u017eavnih odvjetnika\",\"breadcrumb\":{\"@id\":\"https:\\\/\\\/www.pak.hr\\\/activity-report-of-the-judicial-academy\\\/#breadcrumb\"},\"inLanguage\":\"en-US\",\"potentialAction\":[{\"@type\":\"ReadAction\",\"target\":[\"https:\\\/\\\/www.pak.hr\\\/activity-report-of-the-judicial-academy\\\/\"]}]},{\"@type\":\"BreadcrumbList\",\"@id\":\"https:\\\/\\\/www.pak.hr\\\/activity-report-of-the-judicial-academy\\\/#breadcrumb\",\"itemListElement\":[{\"@type\":\"ListItem\",\"position\":1,\"name\":\"Po\u010detna stranica\",\"item\":\"https:\\\/\\\/www.pak.hr\\\/\"},{\"@type\":\"ListItem\",\"position\":2,\"name\":\"Activity report of The Judicial Academy\"}]},{\"@type\":\"WebSite\",\"@id\":\"https:\\\/\\\/www.pak.hr\\\/#website\",\"url\":\"https:\\\/\\\/www.pak.hr\\\/\",\"name\":\"Pravosudna akademija\",\"description\":\"Pravosudna akademija\",\"publisher\":{\"@id\":\"https:\\\/\\\/www.pak.hr\\\/#organization\"},\"potentialAction\":[{\"@type\":\"SearchAction\",\"target\":{\"@type\":\"EntryPoint\",\"urlTemplate\":\"https:\\\/\\\/www.pak.hr\\\/?s={search_term_string}\"},\"query-input\":{\"@type\":\"PropertyValueSpecification\",\"valueRequired\":true,\"valueName\":\"search_term_string\"}}],\"inLanguage\":\"en-US\"},{\"@type\":\"Organization\",\"@id\":\"https:\\\/\\\/www.pak.hr\\\/#organization\",\"name\":\"Pravosudna akademija\",\"url\":\"https:\\\/\\\/www.pak.hr\\\/\",\"logo\":{\"@type\":\"ImageObject\",\"inLanguage\":\"en-US\",\"@id\":\"https:\\\/\\\/www.pak.hr\\\/#\\\/schema\\\/logo\\\/image\\\/\",\"url\":\"https:\\\/\\\/www.pak.hr\\\/wp-content\\\/uploads\\\/2022\\\/03\\\/paklogo.png\",\"contentUrl\":\"https:\\\/\\\/www.pak.hr\\\/wp-content\\\/uploads\\\/2022\\\/03\\\/paklogo.png\",\"width\":202,\"height\":89,\"caption\":\"Pravosudna akademija\"},\"image\":{\"@id\":\"https:\\\/\\\/www.pak.hr\\\/#\\\/schema\\\/logo\\\/image\\\/\"}}]}<\/script>\n<!-- \/ Yoast SEO plugin. -->","yoast_head_json":{"title":"Activity report of The Judicial Academy - Pravosudna akademija","description":"Pravosudna akademija - Program cjelo\u017eivotnog stru\u010dnog usavr\u0161avanja je provedba inicijalnih programa za vje\u017ebenike u pravosudnim tijelima te za kandidate za suce i zamjenike dr\u017eavnih odvjetnika","robots":{"index":"index","follow":"follow","max-snippet":"max-snippet:-1","max-image-preview":"max-image-preview:large","max-video-preview":"max-video-preview:-1"},"canonical":"https:\/\/www.pak.hr\/activity-report-of-the-judicial-academy\/","og_locale":"en_US","og_type":"article","og_title":"Activity report of The Judicial Academy - Pravosudna akademija","og_description":"Pravosudna akademija - Program cjelo\u017eivotnog stru\u010dnog usavr\u0161avanja je provedba inicijalnih programa za vje\u017ebenike u pravosudnim tijelima te za kandidate za suce i zamjenike dr\u017eavnih odvjetnika","og_url":"https:\/\/www.pak.hr\/activity-report-of-the-judicial-academy\/","og_site_name":"Pravosudna akademija","article_modified_time":"2022-06-14T07:45:46+00:00","twitter_card":"summary_large_image","twitter_misc":{"Est. reading time":"2 minutes"},"schema":{"@context":"https:\/\/schema.org","@graph":[{"@type":"WebPage","@id":"https:\/\/www.pak.hr\/activity-report-of-the-judicial-academy\/","url":"https:\/\/www.pak.hr\/activity-report-of-the-judicial-academy\/","name":"Activity report of The Judicial Academy - Pravosudna akademija","isPartOf":{"@id":"https:\/\/www.pak.hr\/#website"},"datePublished":"2021-12-21T13:29:45+00:00","dateModified":"2022-06-14T07:45:46+00:00","description":"Pravosudna akademija - Program cjelo\u017eivotnog stru\u010dnog usavr\u0161avanja je provedba inicijalnih programa za vje\u017ebenike u pravosudnim tijelima te za kandidate za suce i zamjenike dr\u017eavnih odvjetnika","breadcrumb":{"@id":"https:\/\/www.pak.hr\/activity-report-of-the-judicial-academy\/#breadcrumb"},"inLanguage":"en-US","potentialAction":[{"@type":"ReadAction","target":["https:\/\/www.pak.hr\/activity-report-of-the-judicial-academy\/"]}]},{"@type":"BreadcrumbList","@id":"https:\/\/www.pak.hr\/activity-report-of-the-judicial-academy\/#breadcrumb","itemListElement":[{"@type":"ListItem","position":1,"name":"Po\u010detna stranica","item":"https:\/\/www.pak.hr\/"},{"@type":"ListItem","position":2,"name":"Activity report of The Judicial Academy"}]},{"@type":"WebSite","@id":"https:\/\/www.pak.hr\/#website","url":"https:\/\/www.pak.hr\/","name":"Pravosudna akademija","description":"Pravosudna akademija","publisher":{"@id":"https:\/\/www.pak.hr\/#organization"},"potentialAction":[{"@type":"SearchAction","target":{"@type":"EntryPoint","urlTemplate":"https:\/\/www.pak.hr\/?s={search_term_string}"},"query-input":{"@type":"PropertyValueSpecification","valueRequired":true,"valueName":"search_term_string"}}],"inLanguage":"en-US"},{"@type":"Organization","@id":"https:\/\/www.pak.hr\/#organization","name":"Pravosudna akademija","url":"https:\/\/www.pak.hr\/","logo":{"@type":"ImageObject","inLanguage":"en-US","@id":"https:\/\/www.pak.hr\/#\/schema\/logo\/image\/","url":"https:\/\/www.pak.hr\/wp-content\/uploads\/2022\/03\/paklogo.png","contentUrl":"https:\/\/www.pak.hr\/wp-content\/uploads\/2022\/03\/paklogo.png","width":202,"height":89,"caption":"Pravosudna akademija"},"image":{"@id":"https:\/\/www.pak.hr\/#\/schema\/logo\/image\/"}}]}},"_links":{"self":[{"href":"https:\/\/www.pak.hr\/en\/wp-json\/wp\/v2\/pages\/1723","targetHints":{"allow":["GET"]}}],"collection":[{"href":"https:\/\/www.pak.hr\/en\/wp-json\/wp\/v2\/pages"}],"about":[{"href":"https:\/\/www.pak.hr\/en\/wp-json\/wp\/v2\/types\/page"}],"author":[{"embeddable":true,"href":"https:\/\/www.pak.hr\/en\/wp-json\/wp\/v2\/users\/1"}],"replies":[{"embeddable":true,"href":"https:\/\/www.pak.hr\/en\/wp-json\/wp\/v2\/comments?post=1723"}],"version-history":[{"count":4,"href":"https:\/\/www.pak.hr\/en\/wp-json\/wp\/v2\/pages\/1723\/revisions"}],"predecessor-version":[{"id":2105,"href":"https:\/\/www.pak.hr\/en\/wp-json\/wp\/v2\/pages\/1723\/revisions\/2105"}],"wp:featuredmedia":[{"embeddable":true,"href":"https:\/\/www.pak.hr\/en\/wp-json\/"}],"wp:attachment":[{"href":"https:\/\/www.pak.hr\/en\/wp-json\/wp\/v2\/media?parent=1723"}],"curies":[{"name":"wp","href":"https:\/\/api.w.org\/{rel}","templated":true}]}}