{"id":1725,"date":"2022-03-25T16:08:18","date_gmt":"2022-03-25T15:08:18","guid":{"rendered":"https:\/\/www.pak.hr\/?page_id=1725"},"modified":"2022-06-09T07:36:26","modified_gmt":"2022-06-09T05:36:26","slug":"accessibility-statement","status":"publish","type":"page","link":"https:\/\/www.pak.hr\/en\/accessibility-statement\/","title":{"rendered":"Accessibility statement"},"content":{"rendered":"<h4>Izjava o pristupa\u010dnosti<\/h4>\n<p>Kao pravna osoba s javnim ovlastima, Pravosudna akademija obvezana je osigurati pristupa\u010dnost svoje mre\u017ene stranice u skladu sa <em>Zakonom o pristupa\u010dnosti mre\u017enih stranica i programskih rje\u0161enja za pokretne ure\u0111aje tijela javnog sektora Republike Hrvatske<\/em> (\u201eNarodne novine\u201c broj 17\/19) od 23. rujna 2019., kojim je u nacionalno zakonodavstvo preuzeta Direktiva (EU) 2016\/2102 Europskog parlamenta i Vije\u0107a o pristupa\u010dnosti internetskih stranica i mobilnih aplikacija tijela javnog sektora.<\/p>\n<p>Ova Izjava o pristupa\u010dnosti odnosi se na slu\u017ebenu mre\u017enu stranicu na adresi www.pak.hr.<\/p>\n<p><strong>Status uskla\u0111enosti<\/strong><\/p>\n<p>Mre\u017ena stranica www.pak.hr djelomi\u010dno je uskla\u0111ena sa Zakonom o pristupa\u010dnosti mre\u017enih stranica i programskih rje\u0161enja za pokretne ure\u0111aje tijela javnog sektora. Ispunjena je ve\u0107ina zahtjeva europske norme EN 301 549 V1.1.2 (2015-04) uz iznimke.<\/p>\n<p>Nepristupa\u010dni sadr\u017eaj<\/p>\n<p>Iznimke od uskla\u0111enosti sa Zakonom o pristupa\u010dnosti, prema \u010detiri op\u0107a zahtjeva za osiguranje pristupa\u010dnosti \u2013 mogu\u0107nost opa\u017eanja, operabilnost, razumljivost i stabilnost \u2013 o\u010dituju se u sljede\u0107im dijelovima sadr\u017eaja:<\/p>\n<ul>\n<li>Mogu\u0107nost opa\u017eanja<\/li>\n<\/ul>\n<p>Zbog dinami\u010dnosti naslovnice, \u010dita\u010dima zaslona koje koriste slijepe i slabovidne osobe sadr\u017eaj se ne prikazuje uvijek na isti na\u010din.<\/p>\n<ul>\n<li>Operabilnost<\/li>\n<\/ul>\n<p>Dio objavljenih dokumenata pohranjeni su kao slikovne PDF datoteke koje nije mogu\u0107e strojno pro\u010ditati \u010dita\u010dima zaslona.<\/p>\n<p>Pojedine obrasce potrebno je preuzeti na vlastito ra\u010dunalo prije ispunjavanja.<\/p>\n<p>Pomo\u0107u tipkovnice se ne mo\u017ee pristupiti postavkama pristupa\u010dnosti.<\/p>\n<p>Ne postoji opcija \u010ditanja sadr\u017eaja mre\u017ene stranice \u201ena glas\u201c.<\/p>\n<p>Nazivi pojedinih poveznica trebali bi konkretnije specificirati sadr\u017eaj koji se iza njih nalazi.<\/p>\n<p>Ve\u0107i dio fotografija i\/ili netekstualnog sadr\u017eaja dekorativnog je karaktera ili se koristi samo za vizualno oblikovanje, pa, sukladno to\u010dki 5.1.3.6. europske norme EN 301 549 V2.1.2 (2018-08), odre\u0111ene \u010dlankom 7. stavkom 1. Zakona o pristupa\u010dnosti, nemaju svoj alternativni opis.<\/p>\n<ul>\n<li>Stabilnost<\/li>\n<\/ul>\n<p>U pojedinim Internet preglednicima i na pojedinim platformama (ra\u010dunala, tableti, mobiteli i dr.), sadr\u017eaj se ne prikazuje uvijek na isti na\u010din.<\/p>\n<p><strong>Podizanje razine pristupa\u010dnosti<\/strong><\/p>\n<p>Pravosudna akademija nakon po\u010detne procjene razine uskla\u0111enosti zahtjevima pristupa\u010dnosti, provodi korektivne mjere za rje\u0161avanje nepristupa\u010dnog sadr\u017eaja svog mre\u017enog sjedi\u0161ta u maksimalnoj mogu\u0107oj mjeri u svrhu postizanja potpune uskla\u0111enosti sa Zakonom o pristupa\u010dnosti mre\u017enih stranica i programskih rje\u0161enja za pokretne ure\u0111aje tijela javnog sektora u suradnji s tre\u0107om stranom.<\/p>\n<p><strong>Priprema ove izjave pristupa\u010dnosti<\/strong><\/p>\n<p>Ova Izjava pripremljena je dana 22. rujna 2020. sukladno Predlo\u0161ku izjave o pristupa\u010dnosti koji je u skladu s Direktivom (EU) 2016\/2102 Europskog parlamenta i Vije\u0107a o pristupa\u010dnosti internetskih stranica i mobilnih aplikacija tijela javnog sektora, a utvr\u0111en je Provedbenom odlukom komisije EU 2018\/1523 11. listopada 2018.<\/p>\n<p>Za pripremu ove Izjave kori\u0161teni su rezultati po\u010detne procjene i testiranja koje je izvr\u0161ila tre\u0107a strana.<\/p>\n<p><strong>Povratne informacije i podaci za kontakt<\/strong><\/p>\n<p>Sve upite u vezi pristupa\u010dnosti mre\u017ene stranice Pravosudne akademije korisnici mogu uputiti:<\/p>\n<p>e-po\u0161tom: <a href=\"mailto:pravosudna.akademija@pravosudje.hr\">pravosudna.akademija@pravosudje.hr<\/a>, telefonom: +385 1 235 7642 ili po\u0161tom: Pravosudna akademija, Maksimirska cesta 63, 10 000 Zagreb<\/p>\n<p>Pravosudna akademija du\u017ena je na upit, obavijest ili zahtjev korisnika vezano uz osiguravanje pristupa\u010dnosti odgovoriti u roku od 15 dana od dana primitka obavijesti, odnosno zahtjeva ili ga u istom roku, uz detaljno obrazlo\u017eenje razloga koji zahtijevaju odgodu, obavijestiti o naknadnom roku u kojem \u0107e odgovoriti na korisnikovu obavijest ili zahtjev.<\/p>\n<p><strong>Inspekcijski nadzor<\/strong><\/p>\n<p>Tijelo nadle\u017eno za pra\u0107enje uskla\u0111enosti mre\u017enih stranica i programskih rje\u0161enja za pokretne ure\u0111aje tijela javnog sektora sa zahtjevima pristupa\u010dnosti i nadzor nad provedbom Zakona o pristupa\u010dnosti je Povjerenik za informiranje Republike Hrvatske.<\/p>\n<p>U slu\u010daju nezadovoljavaju\u0107ih odgovora na obavijest ili zahtjev za povratne informacije o pristupa\u010dnosti ovim mre\u017enih stranica, korisnici se mogu obratiti Povjereniku za informiranje:<\/p>\n<ul>\n<li>putem telefona broj +385 1 4609 041 ili<\/li>\n<li>putem elektroni\u010dke po\u0161te: pristupacnost@pristupinfo.hr.<\/li>\n<\/ul>\n<p><em><strong>Izjava je revidirana i a\u017eurirana dana 28. prosinca 2021. prilikom izrade nove mre\u017ene stranice Pravosudne akademije.<\/strong><\/em><\/p>\n","protected":false},"excerpt":{"rendered":"<p>Izjava o pristupa\u010dnosti Kao pravna osoba s javnim ovlastima, Pravosudna akademija obvezana je osigurati pristupa\u010dnost svoje mre\u017ene stranice u skladu sa Zakonom o pristupa\u010dnosti mre\u017enih stranica i programskih rje\u0161enja za&#8230;<\/p>\n","protected":false},"author":1,"featured_media":0,"parent":0,"menu_order":0,"comment_status":"closed","ping_status":"closed","template":"","meta":{"footnotes":""},"class_list":["post-1725","page","type-page","status-publish","hentry"],"yoast_head":"<!-- This site is optimized with the Yoast SEO plugin v27.4 - https:\/\/yoast.com\/product\/yoast-seo-wordpress\/ -->\n<title>Accessibility statement - Pravosudna akademija<\/title>\n<meta name=\"description\" content=\"Pravosudna akademija - Program cjelo\u017eivotnog stru\u010dnog usavr\u0161avanja je provedba inicijalnih programa za vje\u017ebenike u pravosudnim tijelima te za kandidate za suce i zamjenike dr\u017eavnih odvjetnika\" \/>\n<meta name=\"robots\" content=\"index, follow, max-snippet:-1, max-image-preview:large, max-video-preview:-1\" \/>\n<link rel=\"canonical\" href=\"https:\/\/www.pak.hr\/accessibility-statement\/\" \/>\n<meta property=\"og:locale\" content=\"en_US\" \/>\n<meta property=\"og:type\" content=\"article\" \/>\n<meta property=\"og:title\" content=\"Accessibility statement - Pravosudna akademija\" \/>\n<meta property=\"og:description\" content=\"Pravosudna akademija - Program cjelo\u017eivotnog stru\u010dnog usavr\u0161avanja je provedba inicijalnih programa za vje\u017ebenike u pravosudnim tijelima te za kandidate za suce i zamjenike dr\u017eavnih odvjetnika\" \/>\n<meta property=\"og:url\" content=\"https:\/\/www.pak.hr\/accessibility-statement\/\" \/>\n<meta property=\"og:site_name\" content=\"Pravosudna akademija\" \/>\n<meta property=\"article:modified_time\" content=\"2022-06-09T05:36:26+00:00\" \/>\n<meta name=\"twitter:card\" content=\"summary_large_image\" \/>\n<meta name=\"twitter:label1\" content=\"Est. reading time\" \/>\n\t<meta name=\"twitter:data1\" content=\"3 minutes\" \/>\n<script type=\"application\/ld+json\" class=\"yoast-schema-graph\">{\"@context\":\"https:\\\/\\\/schema.org\",\"@graph\":[{\"@type\":\"WebPage\",\"@id\":\"https:\\\/\\\/www.pak.hr\\\/accessibility-statement\\\/\",\"url\":\"https:\\\/\\\/www.pak.hr\\\/accessibility-statement\\\/\",\"name\":\"Accessibility statement - Pravosudna akademija\",\"isPartOf\":{\"@id\":\"https:\\\/\\\/www.pak.hr\\\/#website\"},\"datePublished\":\"2022-03-25T15:08:18+00:00\",\"dateModified\":\"2022-06-09T05:36:26+00:00\",\"description\":\"Pravosudna akademija - Program cjelo\u017eivotnog stru\u010dnog usavr\u0161avanja je provedba inicijalnih programa za vje\u017ebenike u pravosudnim tijelima te za kandidate za suce i zamjenike dr\u017eavnih odvjetnika\",\"breadcrumb\":{\"@id\":\"https:\\\/\\\/www.pak.hr\\\/accessibility-statement\\\/#breadcrumb\"},\"inLanguage\":\"en-US\",\"potentialAction\":[{\"@type\":\"ReadAction\",\"target\":[\"https:\\\/\\\/www.pak.hr\\\/accessibility-statement\\\/\"]}]},{\"@type\":\"BreadcrumbList\",\"@id\":\"https:\\\/\\\/www.pak.hr\\\/accessibility-statement\\\/#breadcrumb\",\"itemListElement\":[{\"@type\":\"ListItem\",\"position\":1,\"name\":\"Po\u010detna stranica\",\"item\":\"https:\\\/\\\/www.pak.hr\\\/\"},{\"@type\":\"ListItem\",\"position\":2,\"name\":\"Accessibility statement\"}]},{\"@type\":\"WebSite\",\"@id\":\"https:\\\/\\\/www.pak.hr\\\/#website\",\"url\":\"https:\\\/\\\/www.pak.hr\\\/\",\"name\":\"Pravosudna akademija\",\"description\":\"Pravosudna akademija\",\"publisher\":{\"@id\":\"https:\\\/\\\/www.pak.hr\\\/#organization\"},\"potentialAction\":[{\"@type\":\"SearchAction\",\"target\":{\"@type\":\"EntryPoint\",\"urlTemplate\":\"https:\\\/\\\/www.pak.hr\\\/?s={search_term_string}\"},\"query-input\":{\"@type\":\"PropertyValueSpecification\",\"valueRequired\":true,\"valueName\":\"search_term_string\"}}],\"inLanguage\":\"en-US\"},{\"@type\":\"Organization\",\"@id\":\"https:\\\/\\\/www.pak.hr\\\/#organization\",\"name\":\"Pravosudna akademija\",\"url\":\"https:\\\/\\\/www.pak.hr\\\/\",\"logo\":{\"@type\":\"ImageObject\",\"inLanguage\":\"en-US\",\"@id\":\"https:\\\/\\\/www.pak.hr\\\/#\\\/schema\\\/logo\\\/image\\\/\",\"url\":\"https:\\\/\\\/www.pak.hr\\\/wp-content\\\/uploads\\\/2022\\\/03\\\/paklogo.png\",\"contentUrl\":\"https:\\\/\\\/www.pak.hr\\\/wp-content\\\/uploads\\\/2022\\\/03\\\/paklogo.png\",\"width\":202,\"height\":89,\"caption\":\"Pravosudna akademija\"},\"image\":{\"@id\":\"https:\\\/\\\/www.pak.hr\\\/#\\\/schema\\\/logo\\\/image\\\/\"}}]}<\/script>\n<!-- \/ Yoast SEO plugin. -->","yoast_head_json":{"title":"Accessibility statement - Pravosudna akademija","description":"Pravosudna akademija - Program cjelo\u017eivotnog stru\u010dnog usavr\u0161avanja je provedba inicijalnih programa za vje\u017ebenike u pravosudnim tijelima te za kandidate za suce i zamjenike dr\u017eavnih odvjetnika","robots":{"index":"index","follow":"follow","max-snippet":"max-snippet:-1","max-image-preview":"max-image-preview:large","max-video-preview":"max-video-preview:-1"},"canonical":"https:\/\/www.pak.hr\/accessibility-statement\/","og_locale":"en_US","og_type":"article","og_title":"Accessibility statement - Pravosudna akademija","og_description":"Pravosudna akademija - Program cjelo\u017eivotnog stru\u010dnog usavr\u0161avanja je provedba inicijalnih programa za vje\u017ebenike u pravosudnim tijelima te za kandidate za suce i zamjenike dr\u017eavnih odvjetnika","og_url":"https:\/\/www.pak.hr\/accessibility-statement\/","og_site_name":"Pravosudna akademija","article_modified_time":"2022-06-09T05:36:26+00:00","twitter_card":"summary_large_image","twitter_misc":{"Est. reading time":"3 minutes"},"schema":{"@context":"https:\/\/schema.org","@graph":[{"@type":"WebPage","@id":"https:\/\/www.pak.hr\/accessibility-statement\/","url":"https:\/\/www.pak.hr\/accessibility-statement\/","name":"Accessibility statement - Pravosudna akademija","isPartOf":{"@id":"https:\/\/www.pak.hr\/#website"},"datePublished":"2022-03-25T15:08:18+00:00","dateModified":"2022-06-09T05:36:26+00:00","description":"Pravosudna akademija - Program cjelo\u017eivotnog stru\u010dnog usavr\u0161avanja je provedba inicijalnih programa za vje\u017ebenike u pravosudnim tijelima te za kandidate za suce i zamjenike dr\u017eavnih odvjetnika","breadcrumb":{"@id":"https:\/\/www.pak.hr\/accessibility-statement\/#breadcrumb"},"inLanguage":"en-US","potentialAction":[{"@type":"ReadAction","target":["https:\/\/www.pak.hr\/accessibility-statement\/"]}]},{"@type":"BreadcrumbList","@id":"https:\/\/www.pak.hr\/accessibility-statement\/#breadcrumb","itemListElement":[{"@type":"ListItem","position":1,"name":"Po\u010detna stranica","item":"https:\/\/www.pak.hr\/"},{"@type":"ListItem","position":2,"name":"Accessibility statement"}]},{"@type":"WebSite","@id":"https:\/\/www.pak.hr\/#website","url":"https:\/\/www.pak.hr\/","name":"Pravosudna akademija","description":"Pravosudna akademija","publisher":{"@id":"https:\/\/www.pak.hr\/#organization"},"potentialAction":[{"@type":"SearchAction","target":{"@type":"EntryPoint","urlTemplate":"https:\/\/www.pak.hr\/?s={search_term_string}"},"query-input":{"@type":"PropertyValueSpecification","valueRequired":true,"valueName":"search_term_string"}}],"inLanguage":"en-US"},{"@type":"Organization","@id":"https:\/\/www.pak.hr\/#organization","name":"Pravosudna akademija","url":"https:\/\/www.pak.hr\/","logo":{"@type":"ImageObject","inLanguage":"en-US","@id":"https:\/\/www.pak.hr\/#\/schema\/logo\/image\/","url":"https:\/\/www.pak.hr\/wp-content\/uploads\/2022\/03\/paklogo.png","contentUrl":"https:\/\/www.pak.hr\/wp-content\/uploads\/2022\/03\/paklogo.png","width":202,"height":89,"caption":"Pravosudna akademija"},"image":{"@id":"https:\/\/www.pak.hr\/#\/schema\/logo\/image\/"}}]}},"_links":{"self":[{"href":"https:\/\/www.pak.hr\/en\/wp-json\/wp\/v2\/pages\/1725","targetHints":{"allow":["GET"]}}],"collection":[{"href":"https:\/\/www.pak.hr\/en\/wp-json\/wp\/v2\/pages"}],"about":[{"href":"https:\/\/www.pak.hr\/en\/wp-json\/wp\/v2\/types\/page"}],"author":[{"embeddable":true,"href":"https:\/\/www.pak.hr\/en\/wp-json\/wp\/v2\/users\/1"}],"replies":[{"embeddable":true,"href":"https:\/\/www.pak.hr\/en\/wp-json\/wp\/v2\/comments?post=1725"}],"version-history":[{"count":2,"href":"https:\/\/www.pak.hr\/en\/wp-json\/wp\/v2\/pages\/1725\/revisions"}],"predecessor-version":[{"id":2044,"href":"https:\/\/www.pak.hr\/en\/wp-json\/wp\/v2\/pages\/1725\/revisions\/2044"}],"wp:attachment":[{"href":"https:\/\/www.pak.hr\/en\/wp-json\/wp\/v2\/media?parent=1725"}],"curies":[{"name":"wp","href":"https:\/\/api.w.org\/{rel}","templated":true}]}}