{"id":1729,"date":"2021-12-22T14:36:54","date_gmt":"2021-12-22T13:36:54","guid":{"rendered":"https:\/\/www.pak.hr\/?page_id=1729"},"modified":"2022-06-07T12:06:23","modified_gmt":"2022-06-07T10:06:23","slug":"archive","status":"publish","type":"page","link":"https:\/\/www.pak.hr\/en\/archive\/","title":{"rendered":"Archive"},"content":{"rendered":"<h4>Arhiva<\/h4>\n<p><strong>Poziv za dostavu ponuda &#8211; Uredski materijal i toneri<\/strong><\/p>\n<ul>\n<li><a href=\"http:\/\/pak.hr\/cke\/ostalo 6\/Poziv za dostavu ponuda.pdf\" target=\"_blank\" rel=\"noopener\">Poziv za dostavu ponuda \u2013 Uredski materijal i toneri<\/a><\/li>\n<\/ul>\n<p><strong>Poziv za dostavu ponuda u predmetu nabave &#8211; Izrada programa u\u010denja stranih jezika pravne struke<\/strong><\/p>\n<ul>\n<li><a href=\"https:\/\/www.pak.hr\/cke\/pdf hr\/Poziv za dostavu ponuda, jezici.pdf\" target=\"_blank\" rel=\"noopener\">Poziv<\/a><\/li>\n<li><a href=\"https:\/\/www.pak.hr\/cke\/pdf hr\/Izmjena Poziva za dostavu ponuda, jezici.pdf\" target=\"_blank\" rel=\"noopener\">Izmjena poziva<\/a><\/li>\n<li><a href=\"https:\/\/www.pak.hr\/cke\/pdf hr\/Druga izmjena Poziva za dostavu ponuda.pdf\" target=\"_blank\" rel=\"noopener\">Druga izmjena poziva<\/a><\/li>\n<li><a href=\"https:\/\/www.pak.hr\/cke\/pdf hr\/Poja\u0161njenja Poziva za dostavu ponuda.pdf\" target=\"_blank\" rel=\"noopener\">Poja\u0161njenje poziva<\/a><\/li>\n<li><a href=\"https:\/\/www.pak.hr\/cke\/pdf hr\/Odluka o odabiru ponude i poni\u0161tenju postupka nabave 27.04..PDF\" target=\"_blank\" rel=\"noopener\">Odluka o odabiru ponude<\/a><\/li>\n<\/ul>\n<p><strong>Arhiva bagatelne nabave<\/strong><\/p>\n<ul>\n<li>Nabava uredskog materijala i tonera<strong> \u2013<\/strong> <a role=\"link\" href=\"https:\/\/www.pak.hr\/cke\/ostalo 3\/Dokumentacija za nadmetanje uredski materijal i toneri .pdf\" target=\"_blank\" rel=\"noopener\">Dokumentacija za nadmetanje<\/a><\/li>\n<li>Nabava uredskog materijala i tonera \u2013 <a role=\"link\" href=\"https:\/\/www.pak.hr\/cke\/ostalo 3\/Troskovnik PA ured.materijal 2013 objava.xlsx\" target=\"_blank\" rel=\"noopener\">Tro\u0161kovnik<\/a><\/li>\n<li><a role=\"link\" href=\"https:\/\/www.pak.hr\/cke\/pdf hr\/Poziv za dostavu ponuda voda za pi\u0107e .pdf\" target=\"_blank\" rel=\"noopener\">Poziv za dostavu ponuda voda za pi\u0107e<\/a><\/li>\n<li><a role=\"link\" href=\"https:\/\/www.pak.hr\/cke\/pdf hr\/Troskovnik voda za pi\u0107e PRAVOSUDNA.pdf\" target=\"_blank\" rel=\"noopener\">Tro\u0161kovnik voda za pi\u0107e<\/a><\/li>\n<li><a role=\"link\" href=\"https:\/\/www.pak.hr\/cke\/pdf hr\/Poziv za dostavu ponuda - usluge agencije za zapo\u0161ljavanje.pdf\" target=\"_blank\" rel=\"noopener\">Poziv za dostavu ponuda \u2013 usluge agencije za privremeno zapo\u0161ljavanje<\/a><\/li>\n<li><a role=\"link\" href=\"https:\/\/www.pak.hr\/cke\/pdf hr\/Poziv za dostavu ponuda odr\u017eavanje ure\u0111aja za printanje i kopiranje.pdf\" target=\"_blank\" rel=\"noopener\">Poziv za dostavu ponuda \u2013 odr\u017eavanje ure\u0111aja za printanje i kopiranje<\/a><\/li>\n<li><a role=\"link\" href=\"https:\/\/www.pak.hr\/cke\/pdf hr\/Poziv za dostavu ponuda, voda 2017..pdf\" target=\"_blank\" rel=\"noopener\">Poziv za dostavu ponuda \u2013 predmet nabave; Voda za pi\u0107e<\/a><\/li>\n<\/ul>\n<p><strong>Arhiva javne nabave<\/strong><\/p>\n<ul>\n<li><a role=\"link\" href=\"http:\/\/pak.hr\/cke\/pdf hr\/Untitled.PDF - Adobe Acrobat Pro.pdf\" target=\"_blank\" rel=\"noopener\">Hotelski smje\u0161taj na u\u017eem podru\u010dju grada Zagreba<\/a><\/li>\n<li><a role=\"link\" href=\"http:\/\/pak.hr\/cke\/pdf hr\/USLUGE SIMULTANOG PREVODENJA.pdf\" target=\"_blank\" rel=\"noopener\">Usluge simultanog prevo\u0111enja<\/a><\/li>\n<li><a role=\"link\" href=\"http:\/\/pak.hr\/cke\/pdf hr\/ponistenje, simultano.pdf\" target=\"_blank\" rel=\"noopener\">Odluka o poni\u0161tenju usluga simultanog prevo\u0111enja<\/a><\/li>\n<li><a role=\"link\" href=\"https:\/\/eojn.nn.hr\/SPIN\/APPLICATION\/IPN\/DocumentManagement\/DokumentPodaciFrm.aspx?id=228544\" target=\"_blank\" rel=\"noopener\">Uredski materijal<\/a><\/li>\n<li><a role=\"link\" href=\"https:\/\/eojn.nn.hr\/SPIN\/APPLICATION\/IPN\/DocumentManagement\/DokumentPodaciFrm.aspx?id=228485\" target=\"_blank\" rel=\"noopener\">Toneri za potrebe Pravosudne akademije<\/a><\/li>\n<\/ul>\n","protected":false},"excerpt":{"rendered":"<p>Arhiva Poziv za dostavu ponuda &#8211; Uredski materijal i toneri Poziv za dostavu ponuda \u2013 Uredski materijal i toneri Poziv za dostavu ponuda u predmetu nabave &#8211; Izrada programa u\u010denja&#8230;<\/p>\n","protected":false},"author":1,"featured_media":0,"parent":0,"menu_order":0,"comment_status":"closed","ping_status":"closed","template":"","meta":{"footnotes":""},"class_list":["post-1729","page","type-page","status-publish","hentry"],"yoast_head":"<!-- This site is optimized with the Yoast SEO plugin v27.4 - https:\/\/yoast.com\/product\/yoast-seo-wordpress\/ -->\n<title>Archive - Pravosudna akademija<\/title>\n<meta name=\"description\" content=\"Pravosudna akademija - Program cjelo\u017eivotnog stru\u010dnog usavr\u0161avanja je provedba inicijalnih programa za vje\u017ebenike u pravosudnim tijelima te za kandidate za suce i zamjenike dr\u017eavnih odvjetnika\" \/>\n<meta name=\"robots\" content=\"index, follow, max-snippet:-1, max-image-preview:large, max-video-preview:-1\" \/>\n<link rel=\"canonical\" href=\"https:\/\/www.pak.hr\/archive\/\" \/>\n<meta property=\"og:locale\" content=\"en_US\" \/>\n<meta property=\"og:type\" content=\"article\" \/>\n<meta property=\"og:title\" content=\"Archive - Pravosudna akademija\" \/>\n<meta property=\"og:description\" content=\"Pravosudna akademija - Program cjelo\u017eivotnog stru\u010dnog usavr\u0161avanja je provedba inicijalnih programa za vje\u017ebenike u pravosudnim tijelima te za kandidate za suce i zamjenike dr\u017eavnih odvjetnika\" \/>\n<meta property=\"og:url\" content=\"https:\/\/www.pak.hr\/archive\/\" \/>\n<meta property=\"og:site_name\" content=\"Pravosudna akademija\" \/>\n<meta property=\"article:modified_time\" content=\"2022-06-07T10:06:23+00:00\" \/>\n<meta name=\"twitter:card\" content=\"summary_large_image\" \/>\n<meta name=\"twitter:label1\" content=\"Est. reading time\" \/>\n\t<meta name=\"twitter:data1\" content=\"1 minute\" \/>\n<script type=\"application\/ld+json\" class=\"yoast-schema-graph\">{\"@context\":\"https:\\\/\\\/schema.org\",\"@graph\":[{\"@type\":\"WebPage\",\"@id\":\"https:\\\/\\\/www.pak.hr\\\/archive\\\/\",\"url\":\"https:\\\/\\\/www.pak.hr\\\/archive\\\/\",\"name\":\"Archive - Pravosudna akademija\",\"isPartOf\":{\"@id\":\"https:\\\/\\\/www.pak.hr\\\/#website\"},\"datePublished\":\"2021-12-22T13:36:54+00:00\",\"dateModified\":\"2022-06-07T10:06:23+00:00\",\"description\":\"Pravosudna akademija - Program cjelo\u017eivotnog stru\u010dnog usavr\u0161avanja je provedba inicijalnih programa za vje\u017ebenike u pravosudnim tijelima te za kandidate za suce i zamjenike dr\u017eavnih odvjetnika\",\"breadcrumb\":{\"@id\":\"https:\\\/\\\/www.pak.hr\\\/archive\\\/#breadcrumb\"},\"inLanguage\":\"en-US\",\"potentialAction\":[{\"@type\":\"ReadAction\",\"target\":[\"https:\\\/\\\/www.pak.hr\\\/archive\\\/\"]}]},{\"@type\":\"BreadcrumbList\",\"@id\":\"https:\\\/\\\/www.pak.hr\\\/archive\\\/#breadcrumb\",\"itemListElement\":[{\"@type\":\"ListItem\",\"position\":1,\"name\":\"Po\u010detna stranica\",\"item\":\"https:\\\/\\\/www.pak.hr\\\/\"},{\"@type\":\"ListItem\",\"position\":2,\"name\":\"Archive\"}]},{\"@type\":\"WebSite\",\"@id\":\"https:\\\/\\\/www.pak.hr\\\/#website\",\"url\":\"https:\\\/\\\/www.pak.hr\\\/\",\"name\":\"Pravosudna akademija\",\"description\":\"Pravosudna akademija\",\"publisher\":{\"@id\":\"https:\\\/\\\/www.pak.hr\\\/#organization\"},\"potentialAction\":[{\"@type\":\"SearchAction\",\"target\":{\"@type\":\"EntryPoint\",\"urlTemplate\":\"https:\\\/\\\/www.pak.hr\\\/?s={search_term_string}\"},\"query-input\":{\"@type\":\"PropertyValueSpecification\",\"valueRequired\":true,\"valueName\":\"search_term_string\"}}],\"inLanguage\":\"en-US\"},{\"@type\":\"Organization\",\"@id\":\"https:\\\/\\\/www.pak.hr\\\/#organization\",\"name\":\"Pravosudna akademija\",\"url\":\"https:\\\/\\\/www.pak.hr\\\/\",\"logo\":{\"@type\":\"ImageObject\",\"inLanguage\":\"en-US\",\"@id\":\"https:\\\/\\\/www.pak.hr\\\/#\\\/schema\\\/logo\\\/image\\\/\",\"url\":\"https:\\\/\\\/www.pak.hr\\\/wp-content\\\/uploads\\\/2022\\\/03\\\/paklogo.png\",\"contentUrl\":\"https:\\\/\\\/www.pak.hr\\\/wp-content\\\/uploads\\\/2022\\\/03\\\/paklogo.png\",\"width\":202,\"height\":89,\"caption\":\"Pravosudna akademija\"},\"image\":{\"@id\":\"https:\\\/\\\/www.pak.hr\\\/#\\\/schema\\\/logo\\\/image\\\/\"}}]}<\/script>\n<!-- \/ Yoast SEO plugin. -->","yoast_head_json":{"title":"Archive - Pravosudna akademija","description":"Pravosudna akademija - Program cjelo\u017eivotnog stru\u010dnog usavr\u0161avanja je provedba inicijalnih programa za vje\u017ebenike u pravosudnim tijelima te za kandidate za suce i zamjenike dr\u017eavnih odvjetnika","robots":{"index":"index","follow":"follow","max-snippet":"max-snippet:-1","max-image-preview":"max-image-preview:large","max-video-preview":"max-video-preview:-1"},"canonical":"https:\/\/www.pak.hr\/archive\/","og_locale":"en_US","og_type":"article","og_title":"Archive - Pravosudna akademija","og_description":"Pravosudna akademija - Program cjelo\u017eivotnog stru\u010dnog usavr\u0161avanja je provedba inicijalnih programa za vje\u017ebenike u pravosudnim tijelima te za kandidate za suce i zamjenike dr\u017eavnih odvjetnika","og_url":"https:\/\/www.pak.hr\/archive\/","og_site_name":"Pravosudna akademija","article_modified_time":"2022-06-07T10:06:23+00:00","twitter_card":"summary_large_image","twitter_misc":{"Est. reading time":"1 minute"},"schema":{"@context":"https:\/\/schema.org","@graph":[{"@type":"WebPage","@id":"https:\/\/www.pak.hr\/archive\/","url":"https:\/\/www.pak.hr\/archive\/","name":"Archive - Pravosudna akademija","isPartOf":{"@id":"https:\/\/www.pak.hr\/#website"},"datePublished":"2021-12-22T13:36:54+00:00","dateModified":"2022-06-07T10:06:23+00:00","description":"Pravosudna akademija - Program cjelo\u017eivotnog stru\u010dnog usavr\u0161avanja je provedba inicijalnih programa za vje\u017ebenike u pravosudnim tijelima te za kandidate za suce i zamjenike dr\u017eavnih odvjetnika","breadcrumb":{"@id":"https:\/\/www.pak.hr\/archive\/#breadcrumb"},"inLanguage":"en-US","potentialAction":[{"@type":"ReadAction","target":["https:\/\/www.pak.hr\/archive\/"]}]},{"@type":"BreadcrumbList","@id":"https:\/\/www.pak.hr\/archive\/#breadcrumb","itemListElement":[{"@type":"ListItem","position":1,"name":"Po\u010detna stranica","item":"https:\/\/www.pak.hr\/"},{"@type":"ListItem","position":2,"name":"Archive"}]},{"@type":"WebSite","@id":"https:\/\/www.pak.hr\/#website","url":"https:\/\/www.pak.hr\/","name":"Pravosudna akademija","description":"Pravosudna akademija","publisher":{"@id":"https:\/\/www.pak.hr\/#organization"},"potentialAction":[{"@type":"SearchAction","target":{"@type":"EntryPoint","urlTemplate":"https:\/\/www.pak.hr\/?s={search_term_string}"},"query-input":{"@type":"PropertyValueSpecification","valueRequired":true,"valueName":"search_term_string"}}],"inLanguage":"en-US"},{"@type":"Organization","@id":"https:\/\/www.pak.hr\/#organization","name":"Pravosudna akademija","url":"https:\/\/www.pak.hr\/","logo":{"@type":"ImageObject","inLanguage":"en-US","@id":"https:\/\/www.pak.hr\/#\/schema\/logo\/image\/","url":"https:\/\/www.pak.hr\/wp-content\/uploads\/2022\/03\/paklogo.png","contentUrl":"https:\/\/www.pak.hr\/wp-content\/uploads\/2022\/03\/paklogo.png","width":202,"height":89,"caption":"Pravosudna akademija"},"image":{"@id":"https:\/\/www.pak.hr\/#\/schema\/logo\/image\/"}}]}},"_links":{"self":[{"href":"https:\/\/www.pak.hr\/en\/wp-json\/wp\/v2\/pages\/1729","targetHints":{"allow":["GET"]}}],"collection":[{"href":"https:\/\/www.pak.hr\/en\/wp-json\/wp\/v2\/pages"}],"about":[{"href":"https:\/\/www.pak.hr\/en\/wp-json\/wp\/v2\/types\/page"}],"author":[{"embeddable":true,"href":"https:\/\/www.pak.hr\/en\/wp-json\/wp\/v2\/users\/1"}],"replies":[{"embeddable":true,"href":"https:\/\/www.pak.hr\/en\/wp-json\/wp\/v2\/comments?post=1729"}],"version-history":[{"count":2,"href":"https:\/\/www.pak.hr\/en\/wp-json\/wp\/v2\/pages\/1729\/revisions"}],"predecessor-version":[{"id":2031,"href":"https:\/\/www.pak.hr\/en\/wp-json\/wp\/v2\/pages\/1729\/revisions\/2031"}],"wp:attachment":[{"href":"https:\/\/www.pak.hr\/en\/wp-json\/wp\/v2\/media?parent=1729"}],"curies":[{"name":"wp","href":"https:\/\/api.w.org\/{rel}","templated":true}]}}