{"id":1731,"date":"2021-12-22T09:33:14","date_gmt":"2021-12-22T08:33:14","guid":{"rendered":"https:\/\/www.pak.hr\/?page_id=1731"},"modified":"2022-06-07T12:07:07","modified_gmt":"2022-06-07T10:07:07","slug":"bilateral-cooperation","status":"publish","type":"page","link":"https:\/\/www.pak.hr\/en\/bilateral-cooperation\/","title":{"rendered":"Bilateral cooperation"},"content":{"rendered":"<h4>Bilateralna suradnja<\/h4>\n<ul>\n<li class=\"box\"><strong>Armenija<\/strong><\/li>\n<\/ul>\n<p>Pravosudne akademije Hrvatske i Armenije uspostavile su suradnju u 2019. godini kada su u listopadu te godine, u Erevanu, ravnatelji institucija potpisali Sporazum o suradnji. Tom je prilikom PA Armenije organizirala studijski posjet predstavnika Pravosudne akademije Hrvatske i njezinog Upravnog vije\u0107a pravosudnim tijelima Armenije.<\/p>\n<ul>\n<li><strong>Brazil<\/strong><\/li>\n<\/ul>\n<p>Suradnja izme\u0111u Pravosudne akademije i \u0160kole za suce iz S\u00e3o Paula inicirana je 2013. godine prilikom posjeta brazilskog izaslanstva Ministarstvu pravosu\u0111a RH i Pravosudnoj akademiji. Tijekom tog posjeta dogovoreno je potpisivanje sporazuma o suradnji izme\u0111u Akademije i \u0160kole iz S\u00e3o Paula koja je realizirana po\u010detkom 2014. godine te je temeljem tog Sporazuma u srpnju 2014. u Pravosudnoj akademiji odr\u017eano predavanje brazilskih sudaca Armanda de Toleda i Fernande Galizia Noriega kao prva aktivnost suradnje \u0160kole iz S\u00e3o Paula i Pravosudne akademije.<\/p>\n<ul>\n<li><strong>Francuska<\/strong><\/li>\n<\/ul>\n<p><strong>Nacionalna pravosudna \u0161kola (ENM &#8211; \u00c9cole Nationale de la Magistrature) je osnovana 1958. pod nazivom Nacionalni centar za pravosudne studije. Cilj \u0160kole je osigurati profesionalno osposobljavanje budu\u0107ih pravosudnih du\u017enosnika i kontinuirano usavr\u0161avanje sudaca i dr\u017eavnih odvjetnika.<\/strong>Sjedi\u0161te \u0161kole je u Bordeauxu, gdje se nalazi Odjel za odabir, inicijalno usavr\u0161avanje i istra\u017eivanje. \u0160kola tako\u0111er ima podru\u017enicu u Parizu gdje se nalazi Odjel za cjelo\u017eivotno usavr\u0161avanje, me\u0111unarodne odnose i specijalisti\u010dko usavr\u0161avanje.<\/p>\n<p>Intenziviranje suradnje Pravosudne akademije i ENM-a po\u010delo je 2004. organizacijom seminara s razli\u010ditih pravnih podru\u010dja na kojima su kao predava\u010di sudjelovali francuski stru\u010dnjaci (suci i dr\u017eavni odvjetnici).<\/p>\n<p>U Zagrebu je 13. srpnja 2007. potpisan Sporazum o suradnji izme\u0111u Pravosudne akademije i ENM-a. Sporazumom je predvi\u0111ena suradnja dviju institucija na podru\u010dju planiranja, osmi\u0161ljavanja i provedbe posebnih aktivnosti stru\u010dnog usavr\u0161avanja, kao \u0161to su specijalizirane radionice, obrazovne razmjene kojima \u0107e se omogu\u0107iti upoznavanje s iskustvima obiju institucija u cilju pobolj\u0161avanja njihovog rada, sta\u017eiranja, seminari, okrugli stolovi, pomo\u0107 u izradi prakti\u010dnih priru\u010dnika i\/ili protokola za rad u stru\u010dnoj praksi, publikacije, priprema materijala za stru\u010dno usavr\u0161avanje u elektroni\u010dkom obliku.Od rujna 2017. do travnja 2019. PA i ENM sura\u0111ivali su s Centrom za pravosudnu izobrazbu Latvije u provedbi EU projekta posve\u0107enog unaprje\u0111enju edukacije sudaca u Gruziji. Projektni konzorcij predvodio je latvijski Centra, dok su PA i ENM bili prate\u0107i partneri.<\/p>\n<ul>\n<li><strong>Gruzija<\/strong><\/li>\n<\/ul>\n<p><strong>Pravosudna akademija je od 2017. do 2019. bila dio projektnog konzorcija koji je provodio EU projekt \u201eUnaprje\u0111enje stru\u010dnog usavr\u0161avanja u pravosu\u0111u kroz twinning\u201c. Korisnik projekta bila je Visoka \u0161kola za pravosu\u0111e Gruzije. Vode\u0107i partner u projektnom konzorciju bio je Centra za pravosudnu izobrazbu Latvije, a prate\u0107i partneri bili su Pravosudna akademija Hrvatske i Nacionalna pravosudna \u0161kola (ENM) Francuske.<\/strong>Pravosudna akademija bila je zadu\u017eena za komponentu posve\u0107enu uvo\u0111enju u\u010denja na daljinu za gruzijske suce.<\/p>\n<ul>\n<li><strong>Hrvatski pravni centar (HPC)<\/strong><\/li>\n<\/ul>\n<p>U suradnji s Hrvatskim pravnim centrom (HPC), a uz financijsku podr\u0161ku UNHCR-a, Pravosudna akademija od 2017. redovito, jednom godi\u0161nje, odr\u017eava seminare za suce upravnih sudova i Visokog upravnog suda. Teme su uvijek posve\u0107ene odre\u0111enom aspektu prava azila i izbjeglica. Tema odabrana za 2020. je \u201eOdobravanje me\u0111unarodne za\u0161tite: vje\u0161ta\u010denje u upravnom postupku i upravnom sporu.\u201c<\/p>\n<ul>\n<li><strong>Ma\u0111arska<\/strong><\/li>\n<\/ul>\n<p><strong>U Ma\u0111arskoj je za edukaciju u pravosu\u0111u zadu\u017een Nacionalni ured za pravosu\u0111e, koji djeluje od 1. sije\u010dnja 2012. Do tada je za pravosudnu izobrazbu u Ma\u0111arskoj bila zadu\u017eena Pravosudna akademija te zemlje osnovana u rujnu 2012.<\/strong>Od 2007. godine, suci Visokog trgova\u010dkog suda RH i trgova\u010dkih sudova sudjeluju na seminarima iz podru\u010dja za\u0161tite tr\u017ei\u0161nog natjecanja koje svake godine organiziraju Regionalni centar za tr\u017ei\u0161no natjecanje iz Budimpe\u0161te i Odjel za tr\u017ei\u0161no natjecanje OECD-a.<\/p>\n<p>Ma\u0111arska je 07. travnja 2011. godine, u okviru Me\u0111unarodne konferencije &#8220;Nacionalni i europski sudac\/dr\u017eavni odvjetnik-uloga centara za stru\u010dno usavr\u0161avanje&#8221; u organizaciji Pravosudne akademije, potpisala s PA Multilateralni sporazum o suradnji. Ostale zemlje potpisnice Multilateralnog sporazuma bile su: Bosna i Hercegovina, Crna Gora, Kosovo, Makedonija, Poljska, Slova\u010dka i Slovenija.<\/p>\n<ul>\n<li><strong>Nizozemska<\/strong><\/li>\n<\/ul>\n<p><strong>Nizozemski Centar za stru\u010dno usavr\u0161avanje pravosudnih du\u017enosnika (SSR) osnovan je 1960. godine. Sjedi\u0161te Centra je u Utrechtu.<\/strong>Pravosudna akademija je od 2006. godine do kraja 2012. godine aktivno sura\u0111ivala s nizozemskim stru\u010dnjacima kroz program pretpristupne pomo\u0107i MATRA nizozemske Vlade. U okviru tog programa, u suradnji s nizozemskim SSR-om, Pravosudna akademija organizirala je edukaciju glasnogovornika pri sudovima i dr\u017eavnim odvjetni\u0161tvima, kao i edukaciju sudaca iz podru\u010dja prava Europske unije te osposobljavanje voditelja obrazovnih aktivnosti (training of trainers) za odr\u017eavanje edukacije iz tog podru\u010dja. Akademija nastavlja sura\u0111ivati s SSR-om kroz Europsku mre\u017eu za pravosudno osposobljavanje (EJTN).<\/p>\n<ul>\n<li><strong>Njema\u010dke zaklade: Zaklada za me\u0111unarodnu pravnu suradnju (IRZ)<\/strong><\/li>\n<\/ul>\n<p><strong>Pravosudna akademija sura\u0111ivala je s ovom Zakladom najvi\u0161e u doba pretpristupnih pregovora RH za ulazak u \u010dlanstvo u Uniji. U suorganizaciji s IRZ-om provedene su mnoge aktivnosti, kao \u0161to su seminari, radionice, okrugli stolovi, konferencije i studijski posjeti.<\/strong>Posebno va\u017ena suradnja izme\u0111u PA i IRZ-a ostvarena je na projektima PHARE 2005 &#8220;Podr\u0161ka Pravosudnoj akademiji u Hrvatskoj: Razvoj sustava obuke za budu\u0107e suce i dr\u017eavne odvjetnike&#8221; i IPA 2008 &#8220;Podr\u0161ka uspostavi Dr\u017eavne \u0161kole za pravosudne du\u017enosnike&#8221; koje je u ime Savezne Republike Njema\u010dke provodio upravo IRZ. Zaklada zajedno s njema\u010dkim Savezom sudaca i njema\u010dkim pokrajinskim pravosudnim upravama organizira i hospitacijske programe u Njema\u010dkoj za gra\u0111anske i trgova\u010dke suce te suce i dr\u017eavne odvjetnike u kaznenim predmetima.<\/p>\n<ul>\n<li><strong>Njema\u010dke zaklade: Zaklada Hanns-Seidel (HSS)<\/strong><\/li>\n<\/ul>\n<p>Pravosudna akademija uspostavila je suradnju s Uredom Zaklade Hanns-Seidel u Zagrebu u 2017. godini. Od tada PA i HSS redovito svake godine organiziraju tri do \u010detiri aktivnosti za suce i dr\u017eavne odvjetnike iz razli\u010ditih podru\u010dja prava, ali i usavr\u0161avanje iz nepravnih vje\u0161tina. Neke od tema edukacije koja je do sada organizirana u suradnji s HSS-om su: mobbing, koruptivna kaznena djela, sudska uprava i komunikacijske vje\u0161tina, strukturirani intervju, psihologija svjedo\u010denja i formulacija pitanja, i dr.<\/p>\n<ul>\n<li><strong>Poljska<\/strong><\/li>\n<\/ul>\n<p>Poljska Nacionalna \u0161kola za pravosu\u0111e i dr\u017eavno odvjetni\u0161tvo osnovana je 1. lipnja 2005. nakon pristupanja Poljske Europskoj uniji, kao pravna osoba pod nadzorom Ministarstva pravosu\u0111a, a s radom je po\u010dela 1. rujna 2006. godine. \u0160kola je 7. travnja 2011., u okviru Me\u0111unarodne konferencije &#8220;Nacionalni i europski sudac\/dr\u017eavni odvjetnik-uloga centara za stru\u010dno usavr\u0161avanje&#8221;, potpisala s Pravosudnom akademijom Multilateralni sporazum o suradnji. Suradnja poljske \u0160kole i Pravosudne akademije odvija se i u obliku neformalne razmjene iskustava i znanja o nacionalnim zakonodavstvima i programima stru\u010dnog usavr\u0161avanja.<\/p>\n<ul>\n<li><strong>Slovenija<\/strong><\/li>\n<\/ul>\n<p>Centar za usavr\u0161avanje pravosudnih du\u017enosnika dio je Ministarstva pravosu\u0111a te provodi inicijalno i kontinuirano usavr\u0161avanje sudaca, dr\u017eavnih odvjetnika i namje\u0161tenika sudova. Metodologija usavr\u0161avanja temelji se uglavnom na seminarima i radionicama. U nadle\u017enosti Centra je tako\u0111er provedba pravosudnog ispita, ispita za sudske tuma\u010de, sudske vje\u0161take, procjenitelje i ostale \u010diji je rad usko vezan uz pravosu\u0111e. Slovenski Centar je 7. travnja 2011. na Me\u0111unarodnoj konferenciji u organizaciji PA \u2033Nacionalni i europski sudac\/dr\u017eavni odvjetnik-uloga centara za stru\u010dno usavr\u0161avanje\u2033 potpisao s Pravosudnom akademijom Multilateralni sporazum o suradnji.<\/p>\n<ul>\n<li><strong>\u0160panjolska<\/strong><\/li>\n<\/ul>\n<p><strong>Pravosudna \u0161kola Glavnog sudbenog vije\u0107a \u0160panjolske (Escuela Judicial Consejo General del Poder Judicial) zadu\u017eena je za organizaciju ispita za odabir sudaca, za inicijalno i stalno stru\u010dno usavr\u0161avanje sudaca te me\u0111unarodnu suradnju vezanu za usavr\u0161avanje sudaca. Centar za pravosudne studije Ministarstva pravosu\u0111a (Centro de Estudios Jur\u00eddicos &#8211; CEJ) je nacionalno autonomno tijelo koje je dio Ministarstva pravosu\u0111a. Sjedi\u0161te Centra je u Madridu na Sveu\u010dili\u0161nom kampusu. U nadle\u017enosti Centra je edukacija dr\u017eavnih odvjetnika, sudskih slu\u017ebenika, forenzi\u010dnih stru\u010dnjaka i nekih drugih javnih slu\u017ebenika koji su zaposleni u pravosu\u0111u.<\/strong>Sporazum o me\u0111uinstitucionalnoj suradnji izme\u0111u Pravosudne akademije i Centra za pravosudne studije iz 2007. godine po\u010detni je okvir temeljem kojeg Akademija i Centar mogu produbiti suradnju. \u0160panjolska je bila i vode\u0107i projektni partner Pravosudne akademije u projektu IPA 2009 &#8220;Profesionalni razvoj sudskih savjetnika i budu\u0107ih sudaca i dr\u017eavnih odvjetnika kroz uspostavu samoodr\u017eivog sustava obuke&#8221; \u010diji je PA korisnik. Projekt se provodio u 2012. i 2013. godini.<\/p>\n<ul>\n<li><strong>Ujedinjena Kraljevina Velike Britanije i Sjeverne Irske<\/strong><\/li>\n<\/ul>\n<p>Suradnja Pravosudne akademije i britanskog Veleposlanstva po\u010dela je 2005. u okviru projekta &#8220;Podr\u0161ka izgradnji kapaciteta Pravosudne akademije&#8221; koji se financirao iz programa GOF\/Reuniting Europe. Suradnja je nastavljena kroz projekt &#8220;Razdvajanje sudskih od administrativnih ovlasti&#8221; u 2009., 2010. I 2011. godini. U 2012. godini, u suradnji s britanskim Veleposlanstvom i Udrugom hrvatskih sudaca, Pravosudna akademija organizirala je ciklus od pet radionica i dva okrugla stola za glasnogovornike op\u0107inskih, prekr\u0161ajnih, upravnih i trgova\u010dkih sudova u Zagrebu, Splitu, Rijeci i Osijeku.<\/p>\n","protected":false},"excerpt":{"rendered":"<p>Bilateralna suradnja Armenija Pravosudne akademije Hrvatske i Armenije uspostavile su suradnju u 2019. godini kada su u listopadu te godine, u Erevanu, ravnatelji institucija potpisali Sporazum o suradnji. Tom je&#8230;<\/p>\n","protected":false},"author":1,"featured_media":0,"parent":0,"menu_order":0,"comment_status":"closed","ping_status":"closed","template":"","meta":{"footnotes":""},"class_list":["post-1731","page","type-page","status-publish","hentry"],"yoast_head":"<!-- This site is optimized with the Yoast SEO plugin v27.5 - https:\/\/yoast.com\/product\/yoast-seo-wordpress\/ -->\n<title>Bilateral cooperation - Pravosudna akademija<\/title>\n<meta name=\"description\" content=\"Pravosudna akademija - Program cjelo\u017eivotnog stru\u010dnog usavr\u0161avanja je provedba inicijalnih programa za vje\u017ebenike u pravosudnim tijelima te za kandidate za suce i zamjenike dr\u017eavnih odvjetnika\" \/>\n<meta name=\"robots\" content=\"index, follow, max-snippet:-1, max-image-preview:large, max-video-preview:-1\" \/>\n<link rel=\"canonical\" href=\"https:\/\/www.pak.hr\/bilateral-cooperation\/\" \/>\n<meta property=\"og:locale\" content=\"en_US\" \/>\n<meta property=\"og:type\" content=\"article\" \/>\n<meta property=\"og:title\" content=\"Bilateral cooperation - Pravosudna akademija\" \/>\n<meta property=\"og:description\" content=\"Pravosudna akademija - Program cjelo\u017eivotnog stru\u010dnog usavr\u0161avanja je provedba inicijalnih programa za vje\u017ebenike u pravosudnim tijelima te za kandidate za suce i zamjenike dr\u017eavnih odvjetnika\" \/>\n<meta property=\"og:url\" content=\"https:\/\/www.pak.hr\/bilateral-cooperation\/\" \/>\n<meta property=\"og:site_name\" content=\"Pravosudna akademija\" \/>\n<meta property=\"article:modified_time\" content=\"2022-06-07T10:07:07+00:00\" \/>\n<meta name=\"twitter:card\" content=\"summary_large_image\" \/>\n<meta name=\"twitter:label1\" content=\"Est. reading time\" \/>\n\t<meta name=\"twitter:data1\" content=\"7 minutes\" \/>\n<script type=\"application\/ld+json\" class=\"yoast-schema-graph\">{\"@context\":\"https:\\\/\\\/schema.org\",\"@graph\":[{\"@type\":\"WebPage\",\"@id\":\"https:\\\/\\\/www.pak.hr\\\/bilateral-cooperation\\\/\",\"url\":\"https:\\\/\\\/www.pak.hr\\\/bilateral-cooperation\\\/\",\"name\":\"Bilateral cooperation - Pravosudna akademija\",\"isPartOf\":{\"@id\":\"https:\\\/\\\/www.pak.hr\\\/#website\"},\"datePublished\":\"2021-12-22T08:33:14+00:00\",\"dateModified\":\"2022-06-07T10:07:07+00:00\",\"description\":\"Pravosudna akademija - Program cjelo\u017eivotnog stru\u010dnog usavr\u0161avanja je provedba inicijalnih programa za vje\u017ebenike u pravosudnim tijelima te za kandidate za suce i zamjenike dr\u017eavnih odvjetnika\",\"breadcrumb\":{\"@id\":\"https:\\\/\\\/www.pak.hr\\\/bilateral-cooperation\\\/#breadcrumb\"},\"inLanguage\":\"en-US\",\"potentialAction\":[{\"@type\":\"ReadAction\",\"target\":[\"https:\\\/\\\/www.pak.hr\\\/bilateral-cooperation\\\/\"]}]},{\"@type\":\"BreadcrumbList\",\"@id\":\"https:\\\/\\\/www.pak.hr\\\/bilateral-cooperation\\\/#breadcrumb\",\"itemListElement\":[{\"@type\":\"ListItem\",\"position\":1,\"name\":\"Po\u010detna stranica\",\"item\":\"https:\\\/\\\/www.pak.hr\\\/\"},{\"@type\":\"ListItem\",\"position\":2,\"name\":\"Bilateral cooperation\"}]},{\"@type\":\"WebSite\",\"@id\":\"https:\\\/\\\/www.pak.hr\\\/#website\",\"url\":\"https:\\\/\\\/www.pak.hr\\\/\",\"name\":\"Pravosudna akademija\",\"description\":\"Pravosudna akademija\",\"publisher\":{\"@id\":\"https:\\\/\\\/www.pak.hr\\\/#organization\"},\"potentialAction\":[{\"@type\":\"SearchAction\",\"target\":{\"@type\":\"EntryPoint\",\"urlTemplate\":\"https:\\\/\\\/www.pak.hr\\\/?s={search_term_string}\"},\"query-input\":{\"@type\":\"PropertyValueSpecification\",\"valueRequired\":true,\"valueName\":\"search_term_string\"}}],\"inLanguage\":\"en-US\"},{\"@type\":\"Organization\",\"@id\":\"https:\\\/\\\/www.pak.hr\\\/#organization\",\"name\":\"Pravosudna akademija\",\"url\":\"https:\\\/\\\/www.pak.hr\\\/\",\"logo\":{\"@type\":\"ImageObject\",\"inLanguage\":\"en-US\",\"@id\":\"https:\\\/\\\/www.pak.hr\\\/#\\\/schema\\\/logo\\\/image\\\/\",\"url\":\"https:\\\/\\\/www.pak.hr\\\/wp-content\\\/uploads\\\/2022\\\/03\\\/paklogo.png\",\"contentUrl\":\"https:\\\/\\\/www.pak.hr\\\/wp-content\\\/uploads\\\/2022\\\/03\\\/paklogo.png\",\"width\":202,\"height\":89,\"caption\":\"Pravosudna akademija\"},\"image\":{\"@id\":\"https:\\\/\\\/www.pak.hr\\\/#\\\/schema\\\/logo\\\/image\\\/\"}}]}<\/script>\n<!-- \/ Yoast SEO plugin. -->","yoast_head_json":{"title":"Bilateral cooperation - Pravosudna akademija","description":"Pravosudna akademija - Program cjelo\u017eivotnog stru\u010dnog usavr\u0161avanja je provedba inicijalnih programa za vje\u017ebenike u pravosudnim tijelima te za kandidate za suce i zamjenike dr\u017eavnih odvjetnika","robots":{"index":"index","follow":"follow","max-snippet":"max-snippet:-1","max-image-preview":"max-image-preview:large","max-video-preview":"max-video-preview:-1"},"canonical":"https:\/\/www.pak.hr\/bilateral-cooperation\/","og_locale":"en_US","og_type":"article","og_title":"Bilateral cooperation - Pravosudna akademija","og_description":"Pravosudna akademija - Program cjelo\u017eivotnog stru\u010dnog usavr\u0161avanja je provedba inicijalnih programa za vje\u017ebenike u pravosudnim tijelima te za kandidate za suce i zamjenike dr\u017eavnih odvjetnika","og_url":"https:\/\/www.pak.hr\/bilateral-cooperation\/","og_site_name":"Pravosudna akademija","article_modified_time":"2022-06-07T10:07:07+00:00","twitter_card":"summary_large_image","twitter_misc":{"Est. reading time":"7 minutes"},"schema":{"@context":"https:\/\/schema.org","@graph":[{"@type":"WebPage","@id":"https:\/\/www.pak.hr\/bilateral-cooperation\/","url":"https:\/\/www.pak.hr\/bilateral-cooperation\/","name":"Bilateral cooperation - Pravosudna akademija","isPartOf":{"@id":"https:\/\/www.pak.hr\/#website"},"datePublished":"2021-12-22T08:33:14+00:00","dateModified":"2022-06-07T10:07:07+00:00","description":"Pravosudna akademija - Program cjelo\u017eivotnog stru\u010dnog usavr\u0161avanja je provedba inicijalnih programa za vje\u017ebenike u pravosudnim tijelima te za kandidate za suce i zamjenike dr\u017eavnih odvjetnika","breadcrumb":{"@id":"https:\/\/www.pak.hr\/bilateral-cooperation\/#breadcrumb"},"inLanguage":"en-US","potentialAction":[{"@type":"ReadAction","target":["https:\/\/www.pak.hr\/bilateral-cooperation\/"]}]},{"@type":"BreadcrumbList","@id":"https:\/\/www.pak.hr\/bilateral-cooperation\/#breadcrumb","itemListElement":[{"@type":"ListItem","position":1,"name":"Po\u010detna stranica","item":"https:\/\/www.pak.hr\/"},{"@type":"ListItem","position":2,"name":"Bilateral cooperation"}]},{"@type":"WebSite","@id":"https:\/\/www.pak.hr\/#website","url":"https:\/\/www.pak.hr\/","name":"Pravosudna akademija","description":"Pravosudna akademija","publisher":{"@id":"https:\/\/www.pak.hr\/#organization"},"potentialAction":[{"@type":"SearchAction","target":{"@type":"EntryPoint","urlTemplate":"https:\/\/www.pak.hr\/?s={search_term_string}"},"query-input":{"@type":"PropertyValueSpecification","valueRequired":true,"valueName":"search_term_string"}}],"inLanguage":"en-US"},{"@type":"Organization","@id":"https:\/\/www.pak.hr\/#organization","name":"Pravosudna akademija","url":"https:\/\/www.pak.hr\/","logo":{"@type":"ImageObject","inLanguage":"en-US","@id":"https:\/\/www.pak.hr\/#\/schema\/logo\/image\/","url":"https:\/\/www.pak.hr\/wp-content\/uploads\/2022\/03\/paklogo.png","contentUrl":"https:\/\/www.pak.hr\/wp-content\/uploads\/2022\/03\/paklogo.png","width":202,"height":89,"caption":"Pravosudna akademija"},"image":{"@id":"https:\/\/www.pak.hr\/#\/schema\/logo\/image\/"}}]}},"_links":{"self":[{"href":"https:\/\/www.pak.hr\/en\/wp-json\/wp\/v2\/pages\/1731","targetHints":{"allow":["GET"]}}],"collection":[{"href":"https:\/\/www.pak.hr\/en\/wp-json\/wp\/v2\/pages"}],"about":[{"href":"https:\/\/www.pak.hr\/en\/wp-json\/wp\/v2\/types\/page"}],"author":[{"embeddable":true,"href":"https:\/\/www.pak.hr\/en\/wp-json\/wp\/v2\/users\/1"}],"replies":[{"embeddable":true,"href":"https:\/\/www.pak.hr\/en\/wp-json\/wp\/v2\/comments?post=1731"}],"version-history":[{"count":3,"href":"https:\/\/www.pak.hr\/en\/wp-json\/wp\/v2\/pages\/1731\/revisions"}],"predecessor-version":[{"id":2032,"href":"https:\/\/www.pak.hr\/en\/wp-json\/wp\/v2\/pages\/1731\/revisions\/2032"}],"wp:attachment":[{"href":"https:\/\/www.pak.hr\/en\/wp-json\/wp\/v2\/media?parent=1731"}],"curies":[{"name":"wp","href":"https:\/\/api.w.org\/{rel}","templated":true}]}}