{"id":1735,"date":"2022-03-25T16:12:40","date_gmt":"2022-03-25T15:12:40","guid":{"rendered":"https:\/\/www.pak.hr\/?page_id=1735"},"modified":"2022-06-07T12:11:32","modified_gmt":"2022-06-07T10:11:32","slug":"e-learning","status":"publish","type":"page","link":"https:\/\/www.pak.hr\/en\/e-learning\/","title":{"rendered":"E-learning of The Judicial Academy"},"content":{"rendered":"<h4>E-u\u010denje Pravosudne akademije<\/h4>\n<p><strong> Pravosudna akademija je u okviru provedenog projekta IPA 2009 \u201eProfesionalni razvoj savjetnika u pravosudnim tijelima te budu\u0107ih sudaca i dr\u017eavnih odvjetnika kroz uspostavu samoodr\u017eivog sustava obuke\u201c uz svoje redovne aktivnosti stru\u010dnog usavr\u0161avanja uvela i metodu u\u010denja na daljinu (e-u\u010denja). E-u\u010denje mo\u017ee se definirati kao osposobljavanje koje ne iziskuje prisutnost polaznika te koje pomo\u0107u tehnolo\u0161kih platformi omogu\u0107uje ili prilago\u0111uje pristup i vrijeme u procesu podu\u010davanje-u\u010denje, prilago\u0111uju\u0107i ih sposobnostima, potrebama i dostupnosti svakog polaznika. Pretpostavka e-u\u010denja je u\u0161teda vremena i sredstava potrebnih za edukaciju, s obzirom da se polaznici na svojim ra\u010dunalima na radnim mjestima uklju\u010duju u e-u\u010denje. Osim \u0161to pomo\u0107u alata za sinkronu komunikaciju jam\u010di poticajno obrazovno okru\u017eenje, e-u\u010denje unaprje\u0111uje i ukupan proces upravljanja vremenom. U\u010denje na daljinu u Pravosudnoj akademiji provodi se u suradnji s CARnet-om (Hrvatskom akademskom istra\u017eiva\u010dkom mre\u017eom) te uz pomo\u0107 priznatog sustava za online u\u010denje (Moodle).\u00a0<\/strong><\/p>\n<p>U okviru navedenog projekta u Pravosudnoj akademiji proveden je pilot e-te\u010daj \u201ePravosudna suradnja u gra\u0111anskim i kaznenim stvarima u EU\u201c koji je bio namijenjen sudskim i dr\u017eavno odvjetni\u010dkim savjetnicima.<\/p>\n<p>Nakon zavr\u0161etka projekta u velja\u010di 2014. godine, Pravosudna akademija je uspje\u0161no nastavila provoditi e-te\u010dajeve koje je uz pomo\u0107 doma\u0107ih stru\u010dnjaka razvila u podru\u010dju gra\u0111anskog, trgova\u010dkog, kaznenog, prekr\u0161ajnog i EU prava.<\/p>\n<p>E-te\u010daj \u201eGra\u0111anski parni\u010dni postupak\u201c, namijenjen savjetnicima u pravosudnim tijelima te sucima i dr\u017eavnim odvjetnicima, proveden je i uspje\u0161no zavr\u0161en u listopadu 2014. Direktorica te\u010daja je bila sutkinja Vrhovnog suda Davorka Lukanovi\u0107 Ivani\u0161evi\u0107, a mentori te\u010daja bili su suci Vrhovnog suda Damir Kati\u0107 i Damir Kontrec te sutkinja Op\u0107inskog suda u Rijeci Iva Ivani\u0161evi\u0107 Mostovac.<\/p>\n<p>E-te\u010daj \u201eEU pravo\u201c je zapo\u010deo u listopadu 2014. te \u0107e ukupno trajati 18 tjedana. E-te\u010daj je namijenjen sucima, dr\u017eavnim odvjetnicima te savjetnicima u pravosudnim tijelima. Direktorica te\u010daja je sutkinja Vrhovnog suda Katarina Buljan, a mentorice te\u010daja su sutkinje \u017dupanjskog suda u Rijeci Ksenija Dimec i Larisa Crnkovi\u0107.<\/p>\n<p>E-te\u010daj \u201ePrekr\u0161ajni postupak\u201c je zapo\u010deo u studenome 2014. te \u0107e ukupno trajati dvanaest tjedana. E-te\u010daj je namijenjen sucima te savjetnicima u pravosudnim tijelima. Direktori i mentori na ovome te\u010daju su zamjenik predsjednika Visokog prekr\u0161ajnog suda Marko Ra\u0161o te sutkinja Visokog prekr\u0161ajnog suda Gordana Korotaj.<\/p>\n<p>Tako\u0111er, u okviru programa HELP II Vije\u0107a Europe Pravosudna akademija je u svibnju ove godine zapo\u010dela s provedbom e-te\u010daja \u201eUvod u Europsku konvenciju za za\u0161titu ljudskih prava i temeljnih sloboda i Europski sud za ljudska prava\u201c za hrvatske pravosudne du\u017enosnike. Ovaj e-te\u010daj namijenjen je dr\u017eavnim odvjetnicima i sucima op\u0107inskih, prekr\u0161ajnih, upravnih i \u017eupanijskih sudova, a predsjednica Ustavnog suda Republike Hrvatske, dr. sc. Jasna Omejec, uklju\u010dila se u njegovu provedbu kao nacionalni mentor.<\/p>\n<p>Pravosudna akademija je prva u Hrvatskoj koja je uvela sustav u\u010denja na daljinu koji obuhva\u0107a obrazovanje sudaca, dr\u017eavnih odvjetnika, savjetnika i vje\u017ebenika u pravosudnim tijelima \u010dime je usvojen dio preporuke Europske komisije COM (2011) 551 o uvo\u0111enju sustava u\u010denja na daljinu u europske pravosudne \u0161kole odnosno centre.<\/p>\n<p>Pravosudna akademija \u0107e i nadalje razvijati i provoditi u\u010denje na daljinu s ciljem unaprje\u0111enja i pro\u0161irenja programske ponude te u nastojanju da se prednosti ovakvog na\u010dina edukacije \u0161to vi\u0161e prepoznaju od strane na\u0161ih ciljnih skupina.<\/p>\n<p>Kontakt podaci:<\/p>\n<ul>\n<li><a href=\"mailto:dijana.mandic@pravosudje.hr\">Dijana Mandi\u0107<\/a> &#8211; voditelj u\u010denja na daljinu u Pravosudnoj akademiji<\/li>\n<li><a href=\"mailto:tomislav.tomicic@pravosudje.hr\">Tomislav Tomi\u010di\u0107<\/a> &#8211; informati\u010dka podr\u0161ka<\/li>\n<\/ul>\n","protected":false},"excerpt":{"rendered":"<p>E-u\u010denje Pravosudne akademije Pravosudna akademija je u okviru provedenog projekta IPA 2009 \u201eProfesionalni razvoj savjetnika u pravosudnim tijelima te budu\u0107ih sudaca i dr\u017eavnih odvjetnika kroz uspostavu samoodr\u017eivog sustava obuke\u201c uz&#8230;<\/p>\n","protected":false},"author":1,"featured_media":0,"parent":0,"menu_order":0,"comment_status":"closed","ping_status":"closed","template":"","meta":{"footnotes":""},"class_list":["post-1735","page","type-page","status-publish","hentry"],"yoast_head":"<!-- This site is optimized with the Yoast SEO plugin v27.4 - https:\/\/yoast.com\/product\/yoast-seo-wordpress\/ -->\n<title>E-learning of The Judicial Academy - Pravosudna akademija<\/title>\n<meta name=\"description\" content=\"Pravosudna akademija - Program cjelo\u017eivotnog stru\u010dnog usavr\u0161avanja je provedba inicijalnih programa za vje\u017ebenike u pravosudnim tijelima te za kandidate za suce i zamjenike dr\u017eavnih odvjetnika\" \/>\n<meta name=\"robots\" content=\"index, follow, max-snippet:-1, max-image-preview:large, max-video-preview:-1\" \/>\n<link rel=\"canonical\" href=\"https:\/\/www.pak.hr\/e-learning\/\" \/>\n<meta property=\"og:locale\" content=\"en_US\" \/>\n<meta property=\"og:type\" content=\"article\" \/>\n<meta property=\"og:title\" content=\"E-learning of The Judicial Academy - Pravosudna akademija\" \/>\n<meta property=\"og:description\" content=\"Pravosudna akademija - Program cjelo\u017eivotnog stru\u010dnog usavr\u0161avanja je provedba inicijalnih programa za vje\u017ebenike u pravosudnim tijelima te za kandidate za suce i zamjenike dr\u017eavnih odvjetnika\" \/>\n<meta property=\"og:url\" content=\"https:\/\/www.pak.hr\/e-learning\/\" \/>\n<meta property=\"og:site_name\" content=\"Pravosudna akademija\" \/>\n<meta property=\"article:modified_time\" content=\"2022-06-07T10:11:32+00:00\" \/>\n<meta name=\"twitter:card\" content=\"summary_large_image\" \/>\n<meta name=\"twitter:label1\" content=\"Est. reading time\" \/>\n\t<meta name=\"twitter:data1\" content=\"3 minutes\" \/>\n<script type=\"application\/ld+json\" class=\"yoast-schema-graph\">{\"@context\":\"https:\\\/\\\/schema.org\",\"@graph\":[{\"@type\":\"WebPage\",\"@id\":\"https:\\\/\\\/www.pak.hr\\\/e-learning\\\/\",\"url\":\"https:\\\/\\\/www.pak.hr\\\/e-learning\\\/\",\"name\":\"E-learning of The Judicial Academy - Pravosudna akademija\",\"isPartOf\":{\"@id\":\"https:\\\/\\\/www.pak.hr\\\/#website\"},\"datePublished\":\"2022-03-25T15:12:40+00:00\",\"dateModified\":\"2022-06-07T10:11:32+00:00\",\"description\":\"Pravosudna akademija - Program cjelo\u017eivotnog stru\u010dnog usavr\u0161avanja je provedba inicijalnih programa za vje\u017ebenike u pravosudnim tijelima te za kandidate za suce i zamjenike dr\u017eavnih odvjetnika\",\"breadcrumb\":{\"@id\":\"https:\\\/\\\/www.pak.hr\\\/e-learning\\\/#breadcrumb\"},\"inLanguage\":\"en-US\",\"potentialAction\":[{\"@type\":\"ReadAction\",\"target\":[\"https:\\\/\\\/www.pak.hr\\\/e-learning\\\/\"]}]},{\"@type\":\"BreadcrumbList\",\"@id\":\"https:\\\/\\\/www.pak.hr\\\/e-learning\\\/#breadcrumb\",\"itemListElement\":[{\"@type\":\"ListItem\",\"position\":1,\"name\":\"Po\u010detna stranica\",\"item\":\"https:\\\/\\\/www.pak.hr\\\/\"},{\"@type\":\"ListItem\",\"position\":2,\"name\":\"E-learning of The Judicial Academy\"}]},{\"@type\":\"WebSite\",\"@id\":\"https:\\\/\\\/www.pak.hr\\\/#website\",\"url\":\"https:\\\/\\\/www.pak.hr\\\/\",\"name\":\"Pravosudna akademija\",\"description\":\"Pravosudna akademija\",\"publisher\":{\"@id\":\"https:\\\/\\\/www.pak.hr\\\/#organization\"},\"potentialAction\":[{\"@type\":\"SearchAction\",\"target\":{\"@type\":\"EntryPoint\",\"urlTemplate\":\"https:\\\/\\\/www.pak.hr\\\/?s={search_term_string}\"},\"query-input\":{\"@type\":\"PropertyValueSpecification\",\"valueRequired\":true,\"valueName\":\"search_term_string\"}}],\"inLanguage\":\"en-US\"},{\"@type\":\"Organization\",\"@id\":\"https:\\\/\\\/www.pak.hr\\\/#organization\",\"name\":\"Pravosudna akademija\",\"url\":\"https:\\\/\\\/www.pak.hr\\\/\",\"logo\":{\"@type\":\"ImageObject\",\"inLanguage\":\"en-US\",\"@id\":\"https:\\\/\\\/www.pak.hr\\\/#\\\/schema\\\/logo\\\/image\\\/\",\"url\":\"https:\\\/\\\/www.pak.hr\\\/wp-content\\\/uploads\\\/2022\\\/03\\\/paklogo.png\",\"contentUrl\":\"https:\\\/\\\/www.pak.hr\\\/wp-content\\\/uploads\\\/2022\\\/03\\\/paklogo.png\",\"width\":202,\"height\":89,\"caption\":\"Pravosudna akademija\"},\"image\":{\"@id\":\"https:\\\/\\\/www.pak.hr\\\/#\\\/schema\\\/logo\\\/image\\\/\"}}]}<\/script>\n<!-- \/ Yoast SEO plugin. -->","yoast_head_json":{"title":"E-learning of The Judicial Academy - Pravosudna akademija","description":"Pravosudna akademija - Program cjelo\u017eivotnog stru\u010dnog usavr\u0161avanja je provedba inicijalnih programa za vje\u017ebenike u pravosudnim tijelima te za kandidate za suce i zamjenike dr\u017eavnih odvjetnika","robots":{"index":"index","follow":"follow","max-snippet":"max-snippet:-1","max-image-preview":"max-image-preview:large","max-video-preview":"max-video-preview:-1"},"canonical":"https:\/\/www.pak.hr\/e-learning\/","og_locale":"en_US","og_type":"article","og_title":"E-learning of The Judicial Academy - Pravosudna akademija","og_description":"Pravosudna akademija - Program cjelo\u017eivotnog stru\u010dnog usavr\u0161avanja je provedba inicijalnih programa za vje\u017ebenike u pravosudnim tijelima te za kandidate za suce i zamjenike dr\u017eavnih odvjetnika","og_url":"https:\/\/www.pak.hr\/e-learning\/","og_site_name":"Pravosudna akademija","article_modified_time":"2022-06-07T10:11:32+00:00","twitter_card":"summary_large_image","twitter_misc":{"Est. reading time":"3 minutes"},"schema":{"@context":"https:\/\/schema.org","@graph":[{"@type":"WebPage","@id":"https:\/\/www.pak.hr\/e-learning\/","url":"https:\/\/www.pak.hr\/e-learning\/","name":"E-learning of The Judicial Academy - Pravosudna akademija","isPartOf":{"@id":"https:\/\/www.pak.hr\/#website"},"datePublished":"2022-03-25T15:12:40+00:00","dateModified":"2022-06-07T10:11:32+00:00","description":"Pravosudna akademija - Program cjelo\u017eivotnog stru\u010dnog usavr\u0161avanja je provedba inicijalnih programa za vje\u017ebenike u pravosudnim tijelima te za kandidate za suce i zamjenike dr\u017eavnih odvjetnika","breadcrumb":{"@id":"https:\/\/www.pak.hr\/e-learning\/#breadcrumb"},"inLanguage":"en-US","potentialAction":[{"@type":"ReadAction","target":["https:\/\/www.pak.hr\/e-learning\/"]}]},{"@type":"BreadcrumbList","@id":"https:\/\/www.pak.hr\/e-learning\/#breadcrumb","itemListElement":[{"@type":"ListItem","position":1,"name":"Po\u010detna stranica","item":"https:\/\/www.pak.hr\/"},{"@type":"ListItem","position":2,"name":"E-learning of The Judicial Academy"}]},{"@type":"WebSite","@id":"https:\/\/www.pak.hr\/#website","url":"https:\/\/www.pak.hr\/","name":"Pravosudna akademija","description":"Pravosudna akademija","publisher":{"@id":"https:\/\/www.pak.hr\/#organization"},"potentialAction":[{"@type":"SearchAction","target":{"@type":"EntryPoint","urlTemplate":"https:\/\/www.pak.hr\/?s={search_term_string}"},"query-input":{"@type":"PropertyValueSpecification","valueRequired":true,"valueName":"search_term_string"}}],"inLanguage":"en-US"},{"@type":"Organization","@id":"https:\/\/www.pak.hr\/#organization","name":"Pravosudna akademija","url":"https:\/\/www.pak.hr\/","logo":{"@type":"ImageObject","inLanguage":"en-US","@id":"https:\/\/www.pak.hr\/#\/schema\/logo\/image\/","url":"https:\/\/www.pak.hr\/wp-content\/uploads\/2022\/03\/paklogo.png","contentUrl":"https:\/\/www.pak.hr\/wp-content\/uploads\/2022\/03\/paklogo.png","width":202,"height":89,"caption":"Pravosudna akademija"},"image":{"@id":"https:\/\/www.pak.hr\/#\/schema\/logo\/image\/"}}]}},"_links":{"self":[{"href":"https:\/\/www.pak.hr\/en\/wp-json\/wp\/v2\/pages\/1735","targetHints":{"allow":["GET"]}}],"collection":[{"href":"https:\/\/www.pak.hr\/en\/wp-json\/wp\/v2\/pages"}],"about":[{"href":"https:\/\/www.pak.hr\/en\/wp-json\/wp\/v2\/types\/page"}],"author":[{"embeddable":true,"href":"https:\/\/www.pak.hr\/en\/wp-json\/wp\/v2\/users\/1"}],"replies":[{"embeddable":true,"href":"https:\/\/www.pak.hr\/en\/wp-json\/wp\/v2\/comments?post=1735"}],"version-history":[{"count":4,"href":"https:\/\/www.pak.hr\/en\/wp-json\/wp\/v2\/pages\/1735\/revisions"}],"predecessor-version":[{"id":2036,"href":"https:\/\/www.pak.hr\/en\/wp-json\/wp\/v2\/pages\/1735\/revisions\/2036"}],"wp:attachment":[{"href":"https:\/\/www.pak.hr\/en\/wp-json\/wp\/v2\/media?parent=1735"}],"curies":[{"name":"wp","href":"https:\/\/api.w.org\/{rel}","templated":true}]}}