{"id":1737,"date":"2022-03-25T16:13:02","date_gmt":"2022-03-25T15:13:02","guid":{"rendered":"https:\/\/www.pak.hr\/?page_id=1737"},"modified":"2022-06-09T07:39:54","modified_gmt":"2022-06-09T05:39:54","slug":"european-judicial-training-network-ejtn","status":"publish","type":"page","link":"https:\/\/www.pak.hr\/en\/european-judicial-training-network-ejtn\/","title":{"rendered":"European Judicial Training Network (EJTN)"},"content":{"rendered":"<h4>Europska mre\u017ea centara za stru\u010dno usavr\u0161avanje pravosudnih du\u017enosnika (EJTN)<\/h4>\n<p>Pravosudna akademija je u lipnju 2007. dobila status promatra\u010da u Europskoj mre\u017ei za pravosudno osposobljavanje (European Judicial Training Network).<\/p>\n<p>EJTN su osnovale \u0161kole za stru\u010dno usavr\u0161avanje sudaca i druge institucije zadu\u017eene za stru\u010dno usavr\u0161avanje u pravosu\u0111u dr\u017eava \u010dlanica Unije s ciljem uspostave suradnje i razmjene iskustava me\u0111u \u0161kolama, ali i pravosudnim sustavima dr\u017eava \u010dlanica. Mre\u017ea je u po\u010detku djelovala kao neprofitna me\u0111unarodna organizacija sukladno belgijskom zakonodavstvu na temelju Povelje usvojene u Bordeauxu 13. listopada 2000.<\/p>\n<p>Statut EJTN-a prihva\u0107en je 8. lipnja 2000., a od lipnja 2005. EJTN ima i stalno Tajni\u0161tvo sa sjedi\u0161tem u Bruxellesu koje je zadu\u017eeno za upravljanje radom Mre\u017ee.<\/p>\n<p>Akademija je aktivno sudjelovala u Programu razmjene pravosudnih du\u017enosnika EJTN-a od 2007. u statusu promatra\u010da, kao i u aktivnostima vezanim uz jezi\u010dno stru\u010dno usavr\u0161avanje pravosudnih du\u017enosnika.<\/p>\n<p>Na Op\u0107oj skup\u0161tini EJTN-a odr\u017eanoj 6. i 7. lipnja 2013. u Dublinu donesena je odluka da Pravosudna akademija postaje \u010dlanicom EJTN-a od 1. srpnja 2013.<\/p>\n","protected":false},"excerpt":{"rendered":"<p>Europska mre\u017ea centara za stru\u010dno usavr\u0161avanje pravosudnih du\u017enosnika (EJTN) Pravosudna akademija je u lipnju 2007. dobila status promatra\u010da u Europskoj mre\u017ei za pravosudno osposobljavanje (European Judicial Training Network). EJTN su&#8230;<\/p>\n","protected":false},"author":1,"featured_media":0,"parent":0,"menu_order":0,"comment_status":"closed","ping_status":"closed","template":"","meta":{"footnotes":""},"class_list":["post-1737","page","type-page","status-publish","hentry"],"yoast_head":"<!-- This site is optimized with the Yoast SEO plugin v27.4 - https:\/\/yoast.com\/product\/yoast-seo-wordpress\/ -->\n<title>European Judicial Training Network (EJTN) - Pravosudna akademija<\/title>\n<meta name=\"description\" content=\"Pravosudna akademija - Program cjelo\u017eivotnog stru\u010dnog usavr\u0161avanja je provedba inicijalnih programa za vje\u017ebenike u pravosudnim tijelima te za kandidate za suce i zamjenike dr\u017eavnih odvjetnika\" \/>\n<meta name=\"robots\" content=\"index, follow, max-snippet:-1, max-image-preview:large, max-video-preview:-1\" \/>\n<link rel=\"canonical\" href=\"https:\/\/www.pak.hr\/european-judicial-training-network-ejtn\/\" \/>\n<meta property=\"og:locale\" content=\"en_US\" \/>\n<meta property=\"og:type\" content=\"article\" \/>\n<meta property=\"og:title\" content=\"European Judicial Training Network (EJTN) - Pravosudna akademija\" \/>\n<meta property=\"og:description\" content=\"Pravosudna akademija - Program cjelo\u017eivotnog stru\u010dnog usavr\u0161avanja je provedba inicijalnih programa za vje\u017ebenike u pravosudnim tijelima te za kandidate za suce i zamjenike dr\u017eavnih odvjetnika\" \/>\n<meta property=\"og:url\" content=\"https:\/\/www.pak.hr\/european-judicial-training-network-ejtn\/\" \/>\n<meta property=\"og:site_name\" content=\"Pravosudna akademija\" \/>\n<meta property=\"article:modified_time\" content=\"2022-06-09T05:39:54+00:00\" \/>\n<meta name=\"twitter:card\" content=\"summary_large_image\" \/>\n<meta name=\"twitter:label1\" content=\"Est. reading time\" \/>\n\t<meta name=\"twitter:data1\" content=\"1 minute\" \/>\n<script type=\"application\/ld+json\" class=\"yoast-schema-graph\">{\"@context\":\"https:\\\/\\\/schema.org\",\"@graph\":[{\"@type\":\"WebPage\",\"@id\":\"https:\\\/\\\/www.pak.hr\\\/european-judicial-training-network-ejtn\\\/\",\"url\":\"https:\\\/\\\/www.pak.hr\\\/european-judicial-training-network-ejtn\\\/\",\"name\":\"European Judicial Training Network (EJTN) - Pravosudna akademija\",\"isPartOf\":{\"@id\":\"https:\\\/\\\/www.pak.hr\\\/#website\"},\"datePublished\":\"2022-03-25T15:13:02+00:00\",\"dateModified\":\"2022-06-09T05:39:54+00:00\",\"description\":\"Pravosudna akademija - Program cjelo\u017eivotnog stru\u010dnog usavr\u0161avanja je provedba inicijalnih programa za vje\u017ebenike u pravosudnim tijelima te za kandidate za suce i zamjenike dr\u017eavnih odvjetnika\",\"breadcrumb\":{\"@id\":\"https:\\\/\\\/www.pak.hr\\\/european-judicial-training-network-ejtn\\\/#breadcrumb\"},\"inLanguage\":\"en-US\",\"potentialAction\":[{\"@type\":\"ReadAction\",\"target\":[\"https:\\\/\\\/www.pak.hr\\\/european-judicial-training-network-ejtn\\\/\"]}]},{\"@type\":\"BreadcrumbList\",\"@id\":\"https:\\\/\\\/www.pak.hr\\\/european-judicial-training-network-ejtn\\\/#breadcrumb\",\"itemListElement\":[{\"@type\":\"ListItem\",\"position\":1,\"name\":\"Po\u010detna stranica\",\"item\":\"https:\\\/\\\/www.pak.hr\\\/\"},{\"@type\":\"ListItem\",\"position\":2,\"name\":\"European Judicial Training Network (EJTN)\"}]},{\"@type\":\"WebSite\",\"@id\":\"https:\\\/\\\/www.pak.hr\\\/#website\",\"url\":\"https:\\\/\\\/www.pak.hr\\\/\",\"name\":\"Pravosudna akademija\",\"description\":\"Pravosudna akademija\",\"publisher\":{\"@id\":\"https:\\\/\\\/www.pak.hr\\\/#organization\"},\"potentialAction\":[{\"@type\":\"SearchAction\",\"target\":{\"@type\":\"EntryPoint\",\"urlTemplate\":\"https:\\\/\\\/www.pak.hr\\\/?s={search_term_string}\"},\"query-input\":{\"@type\":\"PropertyValueSpecification\",\"valueRequired\":true,\"valueName\":\"search_term_string\"}}],\"inLanguage\":\"en-US\"},{\"@type\":\"Organization\",\"@id\":\"https:\\\/\\\/www.pak.hr\\\/#organization\",\"name\":\"Pravosudna akademija\",\"url\":\"https:\\\/\\\/www.pak.hr\\\/\",\"logo\":{\"@type\":\"ImageObject\",\"inLanguage\":\"en-US\",\"@id\":\"https:\\\/\\\/www.pak.hr\\\/#\\\/schema\\\/logo\\\/image\\\/\",\"url\":\"https:\\\/\\\/www.pak.hr\\\/wp-content\\\/uploads\\\/2022\\\/03\\\/paklogo.png\",\"contentUrl\":\"https:\\\/\\\/www.pak.hr\\\/wp-content\\\/uploads\\\/2022\\\/03\\\/paklogo.png\",\"width\":202,\"height\":89,\"caption\":\"Pravosudna akademija\"},\"image\":{\"@id\":\"https:\\\/\\\/www.pak.hr\\\/#\\\/schema\\\/logo\\\/image\\\/\"}}]}<\/script>\n<!-- \/ Yoast SEO plugin. -->","yoast_head_json":{"title":"European Judicial Training Network (EJTN) - Pravosudna akademija","description":"Pravosudna akademija - Program cjelo\u017eivotnog stru\u010dnog usavr\u0161avanja je provedba inicijalnih programa za vje\u017ebenike u pravosudnim tijelima te za kandidate za suce i zamjenike dr\u017eavnih odvjetnika","robots":{"index":"index","follow":"follow","max-snippet":"max-snippet:-1","max-image-preview":"max-image-preview:large","max-video-preview":"max-video-preview:-1"},"canonical":"https:\/\/www.pak.hr\/european-judicial-training-network-ejtn\/","og_locale":"en_US","og_type":"article","og_title":"European Judicial Training Network (EJTN) - Pravosudna akademija","og_description":"Pravosudna akademija - Program cjelo\u017eivotnog stru\u010dnog usavr\u0161avanja je provedba inicijalnih programa za vje\u017ebenike u pravosudnim tijelima te za kandidate za suce i zamjenike dr\u017eavnih odvjetnika","og_url":"https:\/\/www.pak.hr\/european-judicial-training-network-ejtn\/","og_site_name":"Pravosudna akademija","article_modified_time":"2022-06-09T05:39:54+00:00","twitter_card":"summary_large_image","twitter_misc":{"Est. reading time":"1 minute"},"schema":{"@context":"https:\/\/schema.org","@graph":[{"@type":"WebPage","@id":"https:\/\/www.pak.hr\/european-judicial-training-network-ejtn\/","url":"https:\/\/www.pak.hr\/european-judicial-training-network-ejtn\/","name":"European Judicial Training Network (EJTN) - Pravosudna akademija","isPartOf":{"@id":"https:\/\/www.pak.hr\/#website"},"datePublished":"2022-03-25T15:13:02+00:00","dateModified":"2022-06-09T05:39:54+00:00","description":"Pravosudna akademija - Program cjelo\u017eivotnog stru\u010dnog usavr\u0161avanja je provedba inicijalnih programa za vje\u017ebenike u pravosudnim tijelima te za kandidate za suce i zamjenike dr\u017eavnih odvjetnika","breadcrumb":{"@id":"https:\/\/www.pak.hr\/european-judicial-training-network-ejtn\/#breadcrumb"},"inLanguage":"en-US","potentialAction":[{"@type":"ReadAction","target":["https:\/\/www.pak.hr\/european-judicial-training-network-ejtn\/"]}]},{"@type":"BreadcrumbList","@id":"https:\/\/www.pak.hr\/european-judicial-training-network-ejtn\/#breadcrumb","itemListElement":[{"@type":"ListItem","position":1,"name":"Po\u010detna stranica","item":"https:\/\/www.pak.hr\/"},{"@type":"ListItem","position":2,"name":"European Judicial Training Network (EJTN)"}]},{"@type":"WebSite","@id":"https:\/\/www.pak.hr\/#website","url":"https:\/\/www.pak.hr\/","name":"Pravosudna akademija","description":"Pravosudna akademija","publisher":{"@id":"https:\/\/www.pak.hr\/#organization"},"potentialAction":[{"@type":"SearchAction","target":{"@type":"EntryPoint","urlTemplate":"https:\/\/www.pak.hr\/?s={search_term_string}"},"query-input":{"@type":"PropertyValueSpecification","valueRequired":true,"valueName":"search_term_string"}}],"inLanguage":"en-US"},{"@type":"Organization","@id":"https:\/\/www.pak.hr\/#organization","name":"Pravosudna akademija","url":"https:\/\/www.pak.hr\/","logo":{"@type":"ImageObject","inLanguage":"en-US","@id":"https:\/\/www.pak.hr\/#\/schema\/logo\/image\/","url":"https:\/\/www.pak.hr\/wp-content\/uploads\/2022\/03\/paklogo.png","contentUrl":"https:\/\/www.pak.hr\/wp-content\/uploads\/2022\/03\/paklogo.png","width":202,"height":89,"caption":"Pravosudna akademija"},"image":{"@id":"https:\/\/www.pak.hr\/#\/schema\/logo\/image\/"}}]}},"_links":{"self":[{"href":"https:\/\/www.pak.hr\/en\/wp-json\/wp\/v2\/pages\/1737","targetHints":{"allow":["GET"]}}],"collection":[{"href":"https:\/\/www.pak.hr\/en\/wp-json\/wp\/v2\/pages"}],"about":[{"href":"https:\/\/www.pak.hr\/en\/wp-json\/wp\/v2\/types\/page"}],"author":[{"embeddable":true,"href":"https:\/\/www.pak.hr\/en\/wp-json\/wp\/v2\/users\/1"}],"replies":[{"embeddable":true,"href":"https:\/\/www.pak.hr\/en\/wp-json\/wp\/v2\/comments?post=1737"}],"version-history":[{"count":3,"href":"https:\/\/www.pak.hr\/en\/wp-json\/wp\/v2\/pages\/1737\/revisions"}],"predecessor-version":[{"id":2039,"href":"https:\/\/www.pak.hr\/en\/wp-json\/wp\/v2\/pages\/1737\/revisions\/2039"}],"wp:attachment":[{"href":"https:\/\/www.pak.hr\/en\/wp-json\/wp\/v2\/media?parent=1737"}],"curies":[{"name":"wp","href":"https:\/\/api.w.org\/{rel}","templated":true}]}}