{"id":1742,"date":"2022-03-25T16:15:29","date_gmt":"2022-03-25T15:15:29","guid":{"rendered":"https:\/\/www.pak.hr\/?page_id=1742"},"modified":"2022-06-09T07:42:02","modified_gmt":"2022-06-09T05:42:02","slug":"gallery","status":"publish","type":"page","link":"https:\/\/www.pak.hr\/en\/gallery\/","title":{"rendered":"Gallery"},"content":{"rendered":"<div class=\"w-gallery fit_cover wp_gallery type_grid action_popup_image ratio_1x1 count_6\" style=\"--columns:3;--items-gap:0px;\"><div class=\"w-gallery-list\"><div class=\"w-gallery-item\"><div class=\"w-gallery-item-img\"><img loading=\"lazy\" decoding=\"async\" width=\"300\" height=\"225\" src=\"https:\/\/www.pak.hr\/wp-content\/uploads\/2022\/02\/1e359462-559b-423c-922c-245b97e976cb-1-300x225.jpg\" class=\"attachment-medium size-medium\" alt=\"\" srcset=\"https:\/\/www.pak.hr\/wp-content\/uploads\/2022\/02\/1e359462-559b-423c-922c-245b97e976cb-1-300x225.jpg 300w, https:\/\/www.pak.hr\/wp-content\/uploads\/2022\/02\/1e359462-559b-423c-922c-245b97e976cb-1-1024x768.jpg 1024w, https:\/\/www.pak.hr\/wp-content\/uploads\/2022\/02\/1e359462-559b-423c-922c-245b97e976cb-1-768x576.jpg 768w, https:\/\/www.pak.hr\/wp-content\/uploads\/2022\/02\/1e359462-559b-423c-922c-245b97e976cb-1-1536x1152.jpg 1536w, https:\/\/www.pak.hr\/wp-content\/uploads\/2022\/02\/1e359462-559b-423c-922c-245b97e976cb-1-195x146.jpg 195w, https:\/\/www.pak.hr\/wp-content\/uploads\/2022\/02\/1e359462-559b-423c-922c-245b97e976cb-1-50x38.jpg 50w, https:\/\/www.pak.hr\/wp-content\/uploads\/2022\/02\/1e359462-559b-423c-922c-245b97e976cb-1-100x75.jpg 100w, https:\/\/www.pak.hr\/wp-content\/uploads\/2022\/02\/1e359462-559b-423c-922c-245b97e976cb-1-960x720.jpg 960w, https:\/\/www.pak.hr\/wp-content\/uploads\/2022\/02\/1e359462-559b-423c-922c-245b97e976cb-1.jpg 1600w\" sizes=\"auto, (max-width: 300px) 100vw, 300px\" \/><\/div><a class=\"w-gallery-item-link\" aria-label=\"1e359462-559b-423c-922c-245b97e976cb (1)\" href=\"https:\/\/www.pak.hr\/wp-content\/uploads\/2022\/02\/1e359462-559b-423c-922c-245b97e976cb-1.jpg\" title=\"1e359462-559b-423c-922c-245b97e976cb (1)\"><\/a><\/div><div class=\"w-gallery-item\"><div class=\"w-gallery-item-img\"><img loading=\"lazy\" decoding=\"async\" width=\"300\" height=\"225\" src=\"https:\/\/www.pak.hr\/wp-content\/uploads\/2022\/02\/IMG_4338-300x225.jpeg\" class=\"attachment-medium size-medium\" alt=\"\" srcset=\"https:\/\/www.pak.hr\/wp-content\/uploads\/2022\/02\/IMG_4338-300x225.jpeg 300w, https:\/\/www.pak.hr\/wp-content\/uploads\/2022\/02\/IMG_4338-1024x768.jpeg 1024w, https:\/\/www.pak.hr\/wp-content\/uploads\/2022\/02\/IMG_4338-768x576.jpeg 768w, https:\/\/www.pak.hr\/wp-content\/uploads\/2022\/02\/IMG_4338-1536x1152.jpeg 1536w, https:\/\/www.pak.hr\/wp-content\/uploads\/2022\/02\/IMG_4338-2048x1536.jpeg 2048w, https:\/\/www.pak.hr\/wp-content\/uploads\/2022\/02\/IMG_4338-195x146.jpeg 195w, https:\/\/www.pak.hr\/wp-content\/uploads\/2022\/02\/IMG_4338-50x38.jpeg 50w, https:\/\/www.pak.hr\/wp-content\/uploads\/2022\/02\/IMG_4338-100x75.jpeg 100w, https:\/\/www.pak.hr\/wp-content\/uploads\/2022\/02\/IMG_4338-960x720.jpeg 960w\" sizes=\"auto, (max-width: 300px) 100vw, 300px\" \/><\/div><a class=\"w-gallery-item-link\" aria-label=\"IMG_4338\" href=\"https:\/\/www.pak.hr\/wp-content\/uploads\/2022\/02\/IMG_4338-scaled.jpeg\" title=\"IMG_4338\"><\/a><\/div><div class=\"w-gallery-item\"><div class=\"w-gallery-item-img\"><img loading=\"lazy\" decoding=\"async\" width=\"300\" height=\"225\" src=\"https:\/\/www.pak.hr\/wp-content\/uploads\/2022\/02\/IMG_4368-300x225.jpeg\" class=\"attachment-medium size-medium\" alt=\"\" srcset=\"https:\/\/www.pak.hr\/wp-content\/uploads\/2022\/02\/IMG_4368-300x225.jpeg 300w, https:\/\/www.pak.hr\/wp-content\/uploads\/2022\/02\/IMG_4368-1024x768.jpeg 1024w, https:\/\/www.pak.hr\/wp-content\/uploads\/2022\/02\/IMG_4368-768x576.jpeg 768w, https:\/\/www.pak.hr\/wp-content\/uploads\/2022\/02\/IMG_4368-1536x1152.jpeg 1536w, https:\/\/www.pak.hr\/wp-content\/uploads\/2022\/02\/IMG_4368-2048x1536.jpeg 2048w, https:\/\/www.pak.hr\/wp-content\/uploads\/2022\/02\/IMG_4368-195x146.jpeg 195w, https:\/\/www.pak.hr\/wp-content\/uploads\/2022\/02\/IMG_4368-50x38.jpeg 50w, https:\/\/www.pak.hr\/wp-content\/uploads\/2022\/02\/IMG_4368-100x75.jpeg 100w, https:\/\/www.pak.hr\/wp-content\/uploads\/2022\/02\/IMG_4368-960x720.jpeg 960w\" sizes=\"auto, (max-width: 300px) 100vw, 300px\" \/><\/div><a class=\"w-gallery-item-link\" aria-label=\"IMG_4368\" href=\"https:\/\/www.pak.hr\/wp-content\/uploads\/2022\/02\/IMG_4368-scaled.jpeg\" title=\"IMG_4368\"><\/a><\/div><div class=\"w-gallery-item\"><div class=\"w-gallery-item-img\"><img loading=\"lazy\" decoding=\"async\" width=\"300\" height=\"225\" src=\"https:\/\/www.pak.hr\/wp-content\/uploads\/2022\/02\/IMG_4373-300x225.jpeg\" class=\"attachment-medium size-medium\" alt=\"\" srcset=\"https:\/\/www.pak.hr\/wp-content\/uploads\/2022\/02\/IMG_4373-300x225.jpeg 300w, https:\/\/www.pak.hr\/wp-content\/uploads\/2022\/02\/IMG_4373-1024x768.jpeg 1024w, https:\/\/www.pak.hr\/wp-content\/uploads\/2022\/02\/IMG_4373-768x576.jpeg 768w, https:\/\/www.pak.hr\/wp-content\/uploads\/2022\/02\/IMG_4373-1536x1152.jpeg 1536w, https:\/\/www.pak.hr\/wp-content\/uploads\/2022\/02\/IMG_4373-2048x1536.jpeg 2048w, https:\/\/www.pak.hr\/wp-content\/uploads\/2022\/02\/IMG_4373-195x146.jpeg 195w, https:\/\/www.pak.hr\/wp-content\/uploads\/2022\/02\/IMG_4373-50x38.jpeg 50w, https:\/\/www.pak.hr\/wp-content\/uploads\/2022\/02\/IMG_4373-100x75.jpeg 100w, https:\/\/www.pak.hr\/wp-content\/uploads\/2022\/02\/IMG_4373-960x720.jpeg 960w\" sizes=\"auto, (max-width: 300px) 100vw, 300px\" \/><\/div><a class=\"w-gallery-item-link\" aria-label=\"IMG_4373\" href=\"https:\/\/www.pak.hr\/wp-content\/uploads\/2022\/02\/IMG_4373-scaled.jpeg\" title=\"IMG_4373\"><\/a><\/div><div class=\"w-gallery-item\"><div class=\"w-gallery-item-img\"><img loading=\"lazy\" decoding=\"async\" width=\"225\" height=\"300\" src=\"https:\/\/www.pak.hr\/wp-content\/uploads\/2022\/02\/fd959f71-7f8b-4cad-a33f-225f0901ee38-1-225x300.jpg\" class=\"attachment-medium size-medium\" alt=\"\" srcset=\"https:\/\/www.pak.hr\/wp-content\/uploads\/2022\/02\/fd959f71-7f8b-4cad-a33f-225f0901ee38-1-225x300.jpg 225w, https:\/\/www.pak.hr\/wp-content\/uploads\/2022\/02\/fd959f71-7f8b-4cad-a33f-225f0901ee38-1-768x1024.jpg 768w, https:\/\/www.pak.hr\/wp-content\/uploads\/2022\/02\/fd959f71-7f8b-4cad-a33f-225f0901ee38-1-1152x1536.jpg 1152w, https:\/\/www.pak.hr\/wp-content\/uploads\/2022\/02\/fd959f71-7f8b-4cad-a33f-225f0901ee38-1-110x146.jpg 110w, https:\/\/www.pak.hr\/wp-content\/uploads\/2022\/02\/fd959f71-7f8b-4cad-a33f-225f0901ee38-1-38x50.jpg 38w, https:\/\/www.pak.hr\/wp-content\/uploads\/2022\/02\/fd959f71-7f8b-4cad-a33f-225f0901ee38-1-56x75.jpg 56w, https:\/\/www.pak.hr\/wp-content\/uploads\/2022\/02\/fd959f71-7f8b-4cad-a33f-225f0901ee38-1.jpg 1500w\" sizes=\"auto, (max-width: 225px) 100vw, 225px\" \/><\/div><a class=\"w-gallery-item-link\" aria-label=\"fd959f71-7f8b-4cad-a33f-225f0901ee38 (1)\" href=\"https:\/\/www.pak.hr\/wp-content\/uploads\/2022\/02\/fd959f71-7f8b-4cad-a33f-225f0901ee38-1.jpg\" title=\"fd959f71-7f8b-4cad-a33f-225f0901ee38 (1)\"><\/a><\/div><div class=\"w-gallery-item\"><div class=\"w-gallery-item-img\"><img loading=\"lazy\" decoding=\"async\" width=\"245\" height=\"300\" src=\"https:\/\/www.pak.hr\/wp-content\/uploads\/2022\/02\/IMG_4477-245x300.jpeg\" class=\"attachment-medium size-medium\" alt=\"\" srcset=\"https:\/\/www.pak.hr\/wp-content\/uploads\/2022\/02\/IMG_4477-245x300.jpeg 245w, https:\/\/www.pak.hr\/wp-content\/uploads\/2022\/02\/IMG_4477-837x1024.jpeg 837w, https:\/\/www.pak.hr\/wp-content\/uploads\/2022\/02\/IMG_4477-768x939.jpeg 768w, https:\/\/www.pak.hr\/wp-content\/uploads\/2022\/02\/IMG_4477-1256x1536.jpeg 1256w, https:\/\/www.pak.hr\/wp-content\/uploads\/2022\/02\/IMG_4477-1674x2048.jpeg 1674w, https:\/\/www.pak.hr\/wp-content\/uploads\/2022\/02\/IMG_4477-119x146.jpeg 119w, https:\/\/www.pak.hr\/wp-content\/uploads\/2022\/02\/IMG_4477-41x50.jpeg 41w, https:\/\/www.pak.hr\/wp-content\/uploads\/2022\/02\/IMG_4477-61x75.jpeg 61w\" sizes=\"auto, (max-width: 245px) 100vw, 245px\" \/><\/div><a class=\"w-gallery-item-link\" aria-label=\"IMG_4477\" href=\"https:\/\/www.pak.hr\/wp-content\/uploads\/2022\/02\/IMG_4477-scaled.jpeg\" title=\"IMG_4477\"><\/a><\/div><\/div><\/div>\n","protected":false},"excerpt":{"rendered":"","protected":false},"author":1,"featured_media":0,"parent":0,"menu_order":0,"comment_status":"closed","ping_status":"closed","template":"","meta":{"footnotes":""},"class_list":["post-1742","page","type-page","status-publish","hentry"],"yoast_head":"<!-- This site is optimized with the Yoast SEO plugin v27.4 - https:\/\/yoast.com\/product\/yoast-seo-wordpress\/ -->\n<title>Gallery - Pravosudna akademija<\/title>\n<meta name=\"description\" content=\"Pravosudna akademija - Program cjelo\u017eivotnog stru\u010dnog usavr\u0161avanja je provedba inicijalnih programa za vje\u017ebenike u pravosudnim tijelima te za kandidate za suce i zamjenike dr\u017eavnih odvjetnika\" \/>\n<meta name=\"robots\" content=\"index, follow, max-snippet:-1, max-image-preview:large, max-video-preview:-1\" \/>\n<link rel=\"canonical\" href=\"https:\/\/www.pak.hr\/gallery\/\" \/>\n<meta property=\"og:locale\" content=\"en_US\" \/>\n<meta property=\"og:type\" content=\"article\" \/>\n<meta property=\"og:title\" content=\"Gallery - Pravosudna akademija\" \/>\n<meta property=\"og:description\" content=\"Pravosudna akademija - Program cjelo\u017eivotnog stru\u010dnog usavr\u0161avanja je provedba inicijalnih programa za vje\u017ebenike u pravosudnim tijelima te za kandidate za suce i zamjenike dr\u017eavnih odvjetnika\" \/>\n<meta property=\"og:url\" content=\"https:\/\/www.pak.hr\/gallery\/\" \/>\n<meta property=\"og:site_name\" content=\"Pravosudna akademija\" \/>\n<meta property=\"article:modified_time\" content=\"2022-06-09T05:42:02+00:00\" \/>\n<meta property=\"og:image\" content=\"https:\/\/www.pak.hr\/wp-content\/uploads\/2022\/02\/1e359462-559b-423c-922c-245b97e976cb-1-300x225.jpg\" \/>\n<meta name=\"twitter:card\" content=\"summary_large_image\" \/>\n<script type=\"application\/ld+json\" class=\"yoast-schema-graph\">{\"@context\":\"https:\\\/\\\/schema.org\",\"@graph\":[{\"@type\":\"WebPage\",\"@id\":\"https:\\\/\\\/www.pak.hr\\\/gallery\\\/\",\"url\":\"https:\\\/\\\/www.pak.hr\\\/gallery\\\/\",\"name\":\"Gallery - Pravosudna akademija\",\"isPartOf\":{\"@id\":\"https:\\\/\\\/www.pak.hr\\\/#website\"},\"datePublished\":\"2022-03-25T15:15:29+00:00\",\"dateModified\":\"2022-06-09T05:42:02+00:00\",\"description\":\"Pravosudna akademija - Program cjelo\u017eivotnog stru\u010dnog usavr\u0161avanja je provedba inicijalnih programa za vje\u017ebenike u pravosudnim tijelima te za kandidate za suce i zamjenike dr\u017eavnih odvjetnika\",\"breadcrumb\":{\"@id\":\"https:\\\/\\\/www.pak.hr\\\/gallery\\\/#breadcrumb\"},\"inLanguage\":\"en-US\",\"potentialAction\":[{\"@type\":\"ReadAction\",\"target\":[\"https:\\\/\\\/www.pak.hr\\\/gallery\\\/\"]}]},{\"@type\":\"BreadcrumbList\",\"@id\":\"https:\\\/\\\/www.pak.hr\\\/gallery\\\/#breadcrumb\",\"itemListElement\":[{\"@type\":\"ListItem\",\"position\":1,\"name\":\"Po\u010detna stranica\",\"item\":\"https:\\\/\\\/www.pak.hr\\\/\"},{\"@type\":\"ListItem\",\"position\":2,\"name\":\"Gallery\"}]},{\"@type\":\"WebSite\",\"@id\":\"https:\\\/\\\/www.pak.hr\\\/#website\",\"url\":\"https:\\\/\\\/www.pak.hr\\\/\",\"name\":\"Pravosudna akademija\",\"description\":\"Pravosudna akademija\",\"publisher\":{\"@id\":\"https:\\\/\\\/www.pak.hr\\\/#organization\"},\"potentialAction\":[{\"@type\":\"SearchAction\",\"target\":{\"@type\":\"EntryPoint\",\"urlTemplate\":\"https:\\\/\\\/www.pak.hr\\\/?s={search_term_string}\"},\"query-input\":{\"@type\":\"PropertyValueSpecification\",\"valueRequired\":true,\"valueName\":\"search_term_string\"}}],\"inLanguage\":\"en-US\"},{\"@type\":\"Organization\",\"@id\":\"https:\\\/\\\/www.pak.hr\\\/#organization\",\"name\":\"Pravosudna akademija\",\"url\":\"https:\\\/\\\/www.pak.hr\\\/\",\"logo\":{\"@type\":\"ImageObject\",\"inLanguage\":\"en-US\",\"@id\":\"https:\\\/\\\/www.pak.hr\\\/#\\\/schema\\\/logo\\\/image\\\/\",\"url\":\"https:\\\/\\\/www.pak.hr\\\/wp-content\\\/uploads\\\/2022\\\/03\\\/paklogo.png\",\"contentUrl\":\"https:\\\/\\\/www.pak.hr\\\/wp-content\\\/uploads\\\/2022\\\/03\\\/paklogo.png\",\"width\":202,\"height\":89,\"caption\":\"Pravosudna akademija\"},\"image\":{\"@id\":\"https:\\\/\\\/www.pak.hr\\\/#\\\/schema\\\/logo\\\/image\\\/\"}}]}<\/script>\n<!-- \/ Yoast SEO plugin. -->","yoast_head_json":{"title":"Gallery - Pravosudna akademija","description":"Pravosudna akademija - Program cjelo\u017eivotnog stru\u010dnog usavr\u0161avanja je provedba inicijalnih programa za vje\u017ebenike u pravosudnim tijelima te za kandidate za suce i zamjenike dr\u017eavnih odvjetnika","robots":{"index":"index","follow":"follow","max-snippet":"max-snippet:-1","max-image-preview":"max-image-preview:large","max-video-preview":"max-video-preview:-1"},"canonical":"https:\/\/www.pak.hr\/gallery\/","og_locale":"en_US","og_type":"article","og_title":"Gallery - Pravosudna akademija","og_description":"Pravosudna akademija - Program cjelo\u017eivotnog stru\u010dnog usavr\u0161avanja je provedba inicijalnih programa za vje\u017ebenike u pravosudnim tijelima te za kandidate za suce i zamjenike dr\u017eavnih odvjetnika","og_url":"https:\/\/www.pak.hr\/gallery\/","og_site_name":"Pravosudna akademija","article_modified_time":"2022-06-09T05:42:02+00:00","og_image":[{"url":"https:\/\/www.pak.hr\/wp-content\/uploads\/2022\/02\/1e359462-559b-423c-922c-245b97e976cb-1-300x225.jpg","type":"","width":"","height":""}],"twitter_card":"summary_large_image","schema":{"@context":"https:\/\/schema.org","@graph":[{"@type":"WebPage","@id":"https:\/\/www.pak.hr\/gallery\/","url":"https:\/\/www.pak.hr\/gallery\/","name":"Gallery - Pravosudna akademija","isPartOf":{"@id":"https:\/\/www.pak.hr\/#website"},"datePublished":"2022-03-25T15:15:29+00:00","dateModified":"2022-06-09T05:42:02+00:00","description":"Pravosudna akademija - Program cjelo\u017eivotnog stru\u010dnog usavr\u0161avanja je provedba inicijalnih programa za vje\u017ebenike u pravosudnim tijelima te za kandidate za suce i zamjenike dr\u017eavnih odvjetnika","breadcrumb":{"@id":"https:\/\/www.pak.hr\/gallery\/#breadcrumb"},"inLanguage":"en-US","potentialAction":[{"@type":"ReadAction","target":["https:\/\/www.pak.hr\/gallery\/"]}]},{"@type":"BreadcrumbList","@id":"https:\/\/www.pak.hr\/gallery\/#breadcrumb","itemListElement":[{"@type":"ListItem","position":1,"name":"Po\u010detna stranica","item":"https:\/\/www.pak.hr\/"},{"@type":"ListItem","position":2,"name":"Gallery"}]},{"@type":"WebSite","@id":"https:\/\/www.pak.hr\/#website","url":"https:\/\/www.pak.hr\/","name":"Pravosudna akademija","description":"Pravosudna akademija","publisher":{"@id":"https:\/\/www.pak.hr\/#organization"},"potentialAction":[{"@type":"SearchAction","target":{"@type":"EntryPoint","urlTemplate":"https:\/\/www.pak.hr\/?s={search_term_string}"},"query-input":{"@type":"PropertyValueSpecification","valueRequired":true,"valueName":"search_term_string"}}],"inLanguage":"en-US"},{"@type":"Organization","@id":"https:\/\/www.pak.hr\/#organization","name":"Pravosudna akademija","url":"https:\/\/www.pak.hr\/","logo":{"@type":"ImageObject","inLanguage":"en-US","@id":"https:\/\/www.pak.hr\/#\/schema\/logo\/image\/","url":"https:\/\/www.pak.hr\/wp-content\/uploads\/2022\/03\/paklogo.png","contentUrl":"https:\/\/www.pak.hr\/wp-content\/uploads\/2022\/03\/paklogo.png","width":202,"height":89,"caption":"Pravosudna akademija"},"image":{"@id":"https:\/\/www.pak.hr\/#\/schema\/logo\/image\/"}}]}},"_links":{"self":[{"href":"https:\/\/www.pak.hr\/en\/wp-json\/wp\/v2\/pages\/1742","targetHints":{"allow":["GET"]}}],"collection":[{"href":"https:\/\/www.pak.hr\/en\/wp-json\/wp\/v2\/pages"}],"about":[{"href":"https:\/\/www.pak.hr\/en\/wp-json\/wp\/v2\/types\/page"}],"author":[{"embeddable":true,"href":"https:\/\/www.pak.hr\/en\/wp-json\/wp\/v2\/users\/1"}],"replies":[{"embeddable":true,"href":"https:\/\/www.pak.hr\/en\/wp-json\/wp\/v2\/comments?post=1742"}],"version-history":[{"count":2,"href":"https:\/\/www.pak.hr\/en\/wp-json\/wp\/v2\/pages\/1742\/revisions"}],"predecessor-version":[{"id":2042,"href":"https:\/\/www.pak.hr\/en\/wp-json\/wp\/v2\/pages\/1742\/revisions\/2042"}],"wp:attachment":[{"href":"https:\/\/www.pak.hr\/en\/wp-json\/wp\/v2\/media?parent=1742"}],"curies":[{"name":"wp","href":"https:\/\/api.w.org\/{rel}","templated":true}]}}